{"id":4999,"date":"2024-04-24T10:16:23","date_gmt":"2024-04-24T08:16:23","guid":{"rendered":"https:\/\/www.casario.pt\/elementor-4994\/"},"modified":"2024-04-24T10:17:32","modified_gmt":"2024-04-24T08:17:32","slug":"elementor-4994","status":"publish","type":"page","link":"https:\/\/www.casario.pt\/en\/elementor-4994\/","title":{"rendered":"Tomar&amp;Convento"},"content":{"rendered":"\t\t<div data-elementor-type=\"wp-page\" data-elementor-id=\"4999\" class=\"elementor elementor-4999 elementor-4994\" data-elementor-post-type=\"page\">\n\t\t\t\t\t\t<section class=\"elementor-section elementor-top-section elementor-element elementor-element-fa79f71 elementor-section-boxed elementor-section-height-default elementor-section-height-default\" data-id=\"fa79f71\" data-element_type=\"section\" data-e-type=\"section\" data-settings=\"{&quot;background_background&quot;:&quot;classic&quot;}\">\n\t\t\t\t\t\t<div class=\"elementor-container elementor-column-gap-default\">\n\t\t\t\t\t<div class=\"elementor-column elementor-col-100 elementor-top-column elementor-element elementor-element-937d739\" data-id=\"937d739\" data-element_type=\"column\" data-e-type=\"column\">\n\t\t\t<div class=\"elementor-widget-wrap elementor-element-populated\">\n\t\t\t\t\t\t<div class=\"elementor-element elementor-element-3367e2b elementor-widget elementor-widget-heading\" data-id=\"3367e2b\" data-element_type=\"widget\" data-e-type=\"widget\" data-widget_type=\"heading.default\">\n\t\t\t\t<div class=\"elementor-widget-container\">\n\t\t\t\t\t<h3 class=\"elementor-heading-title elementor-size-default\">Tomar &amp; Convento do Cristo<\/h3>\t\t\t\t<\/div>\n\t\t\t\t<\/div>\n\t\t\t\t<div class=\"elementor-element elementor-element-c9e22ad elementor-widget elementor-widget-text-editor\" data-id=\"c9e22ad\" data-element_type=\"widget\" data-e-type=\"widget\" data-widget_type=\"text-editor.default\">\n\t\t\t\t<div class=\"elementor-widget-container\">\n\t\t\t\t\t\t\t\t\t<p style=\"text-align: center;\">25km<\/p>\n\t\t\t\t\t\t\t\t<\/div>\n\t\t\t\t<\/div>\n\t\t\t\t<section class=\"elementor-section elementor-inner-section elementor-element elementor-element-9da4ccc elementor-section-boxed elementor-section-height-default elementor-section-height-default\" data-id=\"9da4ccc\" data-element_type=\"section\" data-e-type=\"section\">\n\t\t\t\t\t\t<div class=\"elementor-container elementor-column-gap-default\">\n\t\t\t\t\t<div class=\"elementor-column elementor-col-50 elementor-inner-column elementor-element elementor-element-b37701c\" data-id=\"b37701c\" data-element_type=\"column\" data-e-type=\"column\">\n\t\t\t<div class=\"elementor-widget-wrap elementor-element-populated\">\n\t\t\t\t\t\t<div class=\"elementor-element elementor-element-b5885f3 elementor-widget elementor-widget-image\" data-id=\"b5885f3\" data-element_type=\"widget\" data-e-type=\"widget\" data-widget_type=\"image.default\">\n\t\t\t\t<div class=\"elementor-widget-container\">\n\t\t\t\t\t\t\t\t\t\t\t\t\t\t\t<img fetchpriority=\"high\" decoding=\"async\" width=\"800\" height=\"600\" src=\"https:\/\/www.casario.pt\/wp-content\/uploads\/2022\/04\/Convento-de-Cristo.jpeg\" class=\"attachment-large size-large wp-image-1357\" alt=\"\" srcset=\"https:\/\/www.casario.pt\/wp-content\/uploads\/2022\/04\/Convento-de-Cristo.jpeg 992w, https:\/\/www.casario.pt\/wp-content\/uploads\/2022\/04\/Convento-de-Cristo-300x225.jpeg 300w, https:\/\/www.casario.pt\/wp-content\/uploads\/2022\/04\/Convento-de-Cristo-768x576.jpeg 768w\" sizes=\"(max-width: 800px) 100vw, 800px\" \/>\t\t\t\t\t\t\t\t\t\t\t\t\t\t\t<\/div>\n\t\t\t\t<\/div>\n\t\t\t\t\t<\/div>\n\t\t<\/div>\n\t\t\t\t<div class=\"elementor-column elementor-col-50 elementor-inner-column elementor-element elementor-element-31aef46\" data-id=\"31aef46\" data-element_type=\"column\" data-e-type=\"column\">\n\t\t\t<div class=\"elementor-widget-wrap elementor-element-populated\">\n\t\t\t\t\t\t<div class=\"elementor-element elementor-element-dbaf4ab elementor-widget elementor-widget-google_maps\" data-id=\"dbaf4ab\" data-element_type=\"widget\" data-e-type=\"widget\" data-widget_type=\"google_maps.default\">\n\t\t\t\t<div class=\"elementor-widget-container\">\n\t\t\t\t\t\t\t<div class=\"elementor-custom-embed\">\n\t\t\t<iframe loading=\"lazy\"\n\t\t\t\t\tsrc=\"https:\/\/maps.google.com\/maps?q=convento%20do%20cristo%2C%20tomar%2C%20portugal&#038;t=m&#038;z=11&#038;output=embed&#038;iwloc=near\"\n\t\t\t\t\ttitle=\"convento do cristo, tomar, portugal\"\n\t\t\t\t\taria-label=\"convento do cristo, tomar, portugal\"\n\t\t\t><\/iframe>\n\t\t<\/div>\n\t\t\t\t\t\t<\/div>\n\t\t\t\t<\/div>\n\t\t\t\t\t<\/div>\n\t\t<\/div>\n\t\t\t\t\t<\/div>\n\t\t<\/section>\n\t\t\t\t<section class=\"elementor-section elementor-inner-section elementor-element elementor-element-5bb8d16 elementor-section-boxed elementor-section-height-default elementor-section-height-default\" data-id=\"5bb8d16\" data-element_type=\"section\" data-e-type=\"section\">\n\t\t\t\t\t\t<div class=\"elementor-container elementor-column-gap-default\">\n\t\t\t\t\t<div class=\"elementor-column elementor-col-100 elementor-inner-column elementor-element elementor-element-e4af48c\" data-id=\"e4af48c\" data-element_type=\"column\" data-e-type=\"column\">\n\t\t\t<div class=\"elementor-widget-wrap elementor-element-populated\">\n\t\t\t\t\t\t<div class=\"elementor-element elementor-element-e0f360b elementor-widget elementor-widget-text-editor\" data-id=\"e0f360b\" data-element_type=\"widget\" data-e-type=\"widget\" data-widget_type=\"text-editor.default\">\n\t\t\t\t<div class=\"elementor-widget-container\">\n\t\t\t\t\t\t\t\t\t<p>Tomar, once home to the Order of the Knights Templar, is a charming city of great artistic and cultural wealth. The city&#8217;s calling card, the Convento de Cristo monastery, is one of the most important Portuguese structures of the Renaissance.<\/p>\n\t\t\t\t\t\t\t\t<\/div>\n\t\t\t\t<\/div>\n\t\t\t\t\t<\/div>\n\t\t<\/div>\n\t\t\t\t\t<\/div>\n\t\t<\/section>\n\t\t\t\t<section class=\"elementor-section elementor-inner-section elementor-element elementor-element-fa50abf elementor-section-boxed elementor-section-height-default elementor-section-height-default\" data-id=\"fa50abf\" data-element_type=\"section\" data-e-type=\"section\">\n\t\t\t\t\t\t<div class=\"elementor-container elementor-column-gap-default\">\n\t\t\t\t\t<div class=\"elementor-column elementor-col-50 elementor-inner-column elementor-element elementor-element-ba1abf4\" data-id=\"ba1abf4\" data-element_type=\"column\" data-e-type=\"column\">\n\t\t\t<div class=\"elementor-widget-wrap elementor-element-populated\">\n\t\t\t\t\t\t<div class=\"elementor-element elementor-element-4968b61 elementor-widget elementor-widget-image\" data-id=\"4968b61\" data-element_type=\"widget\" data-e-type=\"widget\" data-widget_type=\"image.default\">\n\t\t\t\t<div class=\"elementor-widget-container\">\n\t\t\t\t\t\t\t\t\t\t\t\t\t\t\t<img decoding=\"async\" width=\"600\" height=\"400\" src=\"https:\/\/www.casario.pt\/wp-content\/uploads\/2023\/10\/Tomar.jpg\" class=\"attachment-large size-large wp-image-4767\" alt=\"\" srcset=\"https:\/\/www.casario.pt\/wp-content\/uploads\/2023\/10\/Tomar.jpg 600w, https:\/\/www.casario.pt\/wp-content\/uploads\/2023\/10\/Tomar-300x200.jpg 300w\" sizes=\"(max-width: 600px) 100vw, 600px\" \/>\t\t\t\t\t\t\t\t\t\t\t\t\t\t\t<\/div>\n\t\t\t\t<\/div>\n\t\t\t\t\t<\/div>\n\t\t<\/div>\n\t\t\t\t<div class=\"elementor-column elementor-col-50 elementor-inner-column elementor-element elementor-element-007be3e\" data-id=\"007be3e\" data-element_type=\"column\" data-e-type=\"column\">\n\t\t\t<div class=\"elementor-widget-wrap elementor-element-populated\">\n\t\t\t\t\t\t<div class=\"elementor-element elementor-element-aafc83c elementor-widget elementor-widget-image\" data-id=\"aafc83c\" data-element_type=\"widget\" data-e-type=\"widget\" data-widget_type=\"image.default\">\n\t\t\t\t<div class=\"elementor-widget-container\">\n\t\t\t\t\t\t\t\t\t\t\t\t\t\t\t<img decoding=\"async\" width=\"600\" height=\"400\" src=\"https:\/\/www.casario.pt\/wp-content\/uploads\/2023\/10\/Tomar-aquaduct.jpg\" class=\"attachment-large size-large wp-image-4763\" alt=\"\" srcset=\"https:\/\/www.casario.pt\/wp-content\/uploads\/2023\/10\/Tomar-aquaduct.jpg 600w, https:\/\/www.casario.pt\/wp-content\/uploads\/2023\/10\/Tomar-aquaduct-300x200.jpg 300w\" sizes=\"(max-width: 600px) 100vw, 600px\" \/>\t\t\t\t\t\t\t\t\t\t\t\t\t\t\t<\/div>\n\t\t\t\t<\/div>\n\t\t\t\t\t<\/div>\n\t\t<\/div>\n\t\t\t\t\t<\/div>\n\t\t<\/section>\n\t\t\t\t<section class=\"elementor-section elementor-inner-section elementor-element elementor-element-fd9216a elementor-section-boxed elementor-section-height-default elementor-section-height-default\" data-id=\"fd9216a\" data-element_type=\"section\" data-e-type=\"section\">\n\t\t\t\t\t\t<div class=\"elementor-container elementor-column-gap-default\">\n\t\t\t\t\t<div class=\"elementor-column elementor-col-50 elementor-inner-column elementor-element elementor-element-dad7951\" data-id=\"dad7951\" data-element_type=\"column\" data-e-type=\"column\">\n\t\t\t<div class=\"elementor-widget-wrap elementor-element-populated\">\n\t\t\t\t\t\t<div class=\"elementor-element elementor-element-4ce362d elementor-widget elementor-widget-text-editor\" data-id=\"4ce362d\" data-element_type=\"widget\" data-e-type=\"widget\" data-widget_type=\"text-editor.default\">\n\t\t\t\t<div class=\"elementor-widget-container\">\n\t\t\t\t\t\t\t\t\t<p>In 1983, UNESCO declared the Templar Castle and Monastery of the Christ Knights of Tomar a &#8220;World Heritage of Humanity&#8221;; invaluable to the history of the West. Built on a site of Roman religious worship, the whole thing recounts seven centuries of Portuguese history and the great moments of the history of the West.<\/p>\n<p>The church has a circular plan and was built in likeness of the church over the Holy Sepulcher in Jerusalem, by Emperor Constantinus. Around this Templar church a huge monastic complex developed over time, in which the four large cloisters are very special, as well as the Order&#8217;s infirmary and the 6 km long aqueduct, which was built by order of the Spanish King Philip II.<\/p>\n\t\t\t\t\t\t\t\t<\/div>\n\t\t\t\t<\/div>\n\t\t\t\t\t<\/div>\n\t\t<\/div>\n\t\t\t\t<div class=\"elementor-column elementor-col-50 elementor-inner-column elementor-element elementor-element-f4a7f8c\" data-id=\"f4a7f8c\" data-element_type=\"column\" data-e-type=\"column\">\n\t\t\t<div class=\"elementor-widget-wrap elementor-element-populated\">\n\t\t\t\t\t\t<div class=\"elementor-element elementor-element-edbf0ca elementor-widget elementor-widget-text-editor\" data-id=\"edbf0ca\" data-element_type=\"widget\" data-e-type=\"widget\" data-widget_type=\"text-editor.default\">\n\t\t\t\t<div class=\"elementor-widget-container\">\n\t\t\t\t\t\t\t\t\t<p>From the monastery, you can descend on foot through the<strong> Mata dos Sete Montes<\/strong> forest to the historic center. If you take the paved road, you will come across the <strong>Ermida de Nossa Senhora da Concei\u00e7\u00e3o<\/strong> chapel halfway. This Renaissance gem is by the hand of Portuguese Jo\u00e3o de Castilho, who also worked on the monastery.  <\/p>\n<p>Next, you should also visit Tomar. The old medieval part of town is built in a cross shape, in the direction of the four cardinal directions, with a monastery at each end. In the middle is the square Pra\u00e7a da Rep\u00fablica, with the <strong>Main Church S\u00e3o Jo\u00e3o Baptista<\/strong>. To the west is the hill with the castle and convent Convento de Cristo. In the streets around the center you will find small stores and the oldest caf\u00e9 where you can still taste the delicious local pastries.<\/p>\n\t\t\t\t\t\t\t\t<\/div>\n\t\t\t\t<\/div>\n\t\t\t\t\t<\/div>\n\t\t<\/div>\n\t\t\t\t\t<\/div>\n\t\t<\/section>\n\t\t\t\t\t<\/div>\n\t\t<\/div>\n\t\t\t\t\t<\/div>\n\t\t<\/section>\n\t\t\t\t<\/div>\n\t\t","protected":false},"excerpt":{"rendered":"<p>Tomar &amp; Convento do Cristo 25km Tomar, once home to the Order of the Knights Templar, is a charming city of great artistic and cultural wealth. The city&#8217;s calling card, the Convento de Cristo monastery, is one of the most important Portuguese structures of the Renaissance. In 1983, UNESCO declared the Templar Castle and Monastery [&hellip;]<\/p>\n","protected":false},"author":1,"featured_media":0,"parent":0,"menu_order":0,"comment_status":"closed","ping_status":"closed","template":"elementor_header_footer","meta":{"footnotes":""},"class_list":["post-4999","page","type-page","status-publish","hentry"],"_links":{"self":[{"href":"https:\/\/www.casario.pt\/en\/wp-json\/wp\/v2\/pages\/4999"}],"collection":[{"href":"https:\/\/www.casario.pt\/en\/wp-json\/wp\/v2\/pages"}],"about":[{"href":"https:\/\/www.casario.pt\/en\/wp-json\/wp\/v2\/types\/page"}],"author":[{"embeddable":true,"href":"https:\/\/www.casario.pt\/en\/wp-json\/wp\/v2\/users\/1"}],"replies":[{"embeddable":true,"href":"https:\/\/www.casario.pt\/en\/wp-json\/wp\/v2\/comments?post=4999"}],"version-history":[{"count":2,"href":"https:\/\/www.casario.pt\/en\/wp-json\/wp\/v2\/pages\/4999\/revisions"}],"predecessor-version":[{"id":5006,"href":"https:\/\/www.casario.pt\/en\/wp-json\/wp\/v2\/pages\/4999\/revisions\/5006"}],"wp:attachment":[{"href":"https:\/\/www.casario.pt\/en\/wp-json\/wp\/v2\/media?parent=4999"}],"curies":[{"name":"wp","href":"https:\/\/api.w.org\/{rel}","templated":true}]}}