{"id":1610,"date":"2022-04-25T07:50:23","date_gmt":"2022-04-25T05:50:23","guid":{"rendered":"https:\/\/www.casario.pt\/accueil\/"},"modified":"2023-11-16T15:43:41","modified_gmt":"2023-11-16T14:43:41","slug":"accueil","status":"publish","type":"page","link":"https:\/\/www.casario.pt\/fr\/","title":{"rendered":"Accueil"},"content":{"rendered":"\t\t<div data-elementor-type=\"wp-post\" data-elementor-id=\"1610\" class=\"elementor elementor-1610 elementor-9\" data-elementor-post-type=\"page\">\n\t\t\t\t\t\t<section class=\"elementor-section elementor-top-section elementor-element elementor-element-9f554f1 elementor-section-boxed elementor-section-height-default elementor-section-height-default elementor-invisible\" data-id=\"9f554f1\" data-element_type=\"section\" data-e-type=\"section\" data-settings=\"{&quot;animation&quot;:&quot;slideInUp&quot;}\">\n\t\t\t\t\t\t<div class=\"elementor-container elementor-column-gap-default\">\n\t\t\t\t\t<div class=\"elementor-column elementor-col-100 elementor-top-column elementor-element elementor-element-669e068\" data-id=\"669e068\" data-element_type=\"column\" data-e-type=\"column\" data-settings=\"{&quot;background_background&quot;:&quot;classic&quot;}\">\n\t\t\t<div class=\"elementor-widget-wrap elementor-element-populated\">\n\t\t\t\t\t\t<div class=\"elementor-element elementor-element-e70517c animated-slow elementor-invisible elementor-widget elementor-widget-text-editor\" data-id=\"e70517c\" data-element_type=\"widget\" data-e-type=\"widget\" data-settings=\"{&quot;_animation&quot;:&quot;fadeIn&quot;,&quot;_animation_delay&quot;:500}\" data-widget_type=\"text-editor.default\">\n\t\t\t\t<div class=\"elementor-widget-container\">\n\t\t\t\t\t\t\t\t\t<p class=\"p1\"><span class=\"s1\">Casa Rio est situ\u00e9es dans le centre du Portugal,<br \/><\/span><span class=\"s1\">le point de d\u00e9part id\u00e9al pour d\u00e9couvrir ce beau pays.<\/span><\/p>\n\t\t\t\t\t\t\t\t<\/div>\n\t\t\t\t<\/div>\n\t\t\t\t<div class=\"elementor-element elementor-element-74aac42 animated-slow elementor-invisible elementor-widget elementor-widget-text-editor\" data-id=\"74aac42\" data-element_type=\"widget\" data-e-type=\"widget\" data-settings=\"{&quot;_animation&quot;:&quot;fadeIn&quot;,&quot;_animation_delay&quot;:500}\" data-widget_type=\"text-editor.default\">\n\t\t\t\t<div class=\"elementor-widget-container\">\n\t\t\t\t\t\t\t\t\t<p style=\"text-align: justify;\">Entre Ribatejo, les for\u00eats de pins et les montagnes du <strong>centre du Portugal<\/strong>, pr\u00e8s du <strong>lagon bleu<\/strong> d&rsquo;Albufeira se trouve Ferreira Do Z\u00eazere, travers\u00e9e par la rivi\u00e8re <strong>O Rio Z\u00eazere<\/strong>.<\/p>\n<p style=\"text-align: justify;\">En raison du barrage du Castello de Bode, la rivi\u00e8re a form\u00e9 plusieurs m\u00e9andres qui ressemblent davantage \u00e0 un lac. Le nom \u00ab\u00a0Lago Azul\u00a0\u00bb n&rsquo;est donc certainement pas d\u00e9plac\u00e9. Nager, se dorer au soleil, p\u00eacher, pratiquer des sports nautiques et profiter de la vie &#8230;<\/p>\n<p style=\"text-align: justify;\">Terre de <strong>collines et de vall\u00e9es<\/strong> o\u00f9 la beaut\u00e9 se manifeste dans chaque d\u00e9tail et o\u00f9 le temps semble s&rsquo;\u00eatre arr\u00eat\u00e9. Il y a ici le <strong>silence et la paix<\/strong>, un silence bris\u00e9 seulement par les oiseaux et le murmure de l&rsquo;eau et du vent. De <strong>vastes \u00e9tendues d\u2019eaux<\/strong> \u00e9tincelantes flanqu\u00e9es de <strong>collines vertes<\/strong>, voil\u00e0 Ferreira do Z\u00eazere<\/p>\t\t\t\t\t\t\t\t<\/div>\n\t\t\t\t<\/div>\n\t\t\t\t<section class=\"elementor-section elementor-inner-section elementor-element elementor-element-3fbb1bf animated-slow elementor-section-boxed elementor-section-height-default elementor-section-height-default elementor-invisible\" data-id=\"3fbb1bf\" data-element_type=\"section\" data-e-type=\"section\" data-settings=\"{&quot;background_background&quot;:&quot;classic&quot;,&quot;animation&quot;:&quot;fadeInLeft&quot;,&quot;animation_mobile&quot;:&quot;fadeInLeft&quot;,&quot;animation_delay&quot;:750}\">\n\t\t\t\t\t\t<div class=\"elementor-container elementor-column-gap-default\">\n\t\t\t\t\t<div class=\"elementor-column elementor-col-100 elementor-inner-column elementor-element elementor-element-7e968e5\" data-id=\"7e968e5\" data-element_type=\"column\" data-e-type=\"column\">\n\t\t\t<div class=\"elementor-widget-wrap elementor-element-populated\">\n\t\t\t\t\t\t<div class=\"elementor-element elementor-element-cb83af9 elementor-widget elementor-widget-text-editor\" data-id=\"cb83af9\" data-element_type=\"widget\" data-e-type=\"widget\" data-widget_type=\"text-editor.default\">\n\t\t\t\t<div class=\"elementor-widget-container\">\n\t\t\t\t\t\t\t\t\t<p>La <strong>Casa Rio<\/strong> est situ\u00e9e \u00e0 Bairradinha, sur la rivi\u00e8re <strong>Rio Z\u00eazere<\/strong>. <br \/>La plage de la rivi\u00e8re se trouve \u00e0 6 minutes de marche.<br \/>La maison a \u00e9t\u00e9 enti\u00e8rement r\u00e9nov\u00e9e en 2022 en <strong>2 espaces de vie enti\u00e8rement \u00e9quip\u00e9s \u00ab Amalia \u00bb<\/strong> (6 pers.) et <strong>\u00ab Saramago \u00bb<\/strong> (6 pers.)<span style=\"color: #ffffff;\">.<\/span><\/p>\n\t\t\t\t\t\t\t\t<\/div>\n\t\t\t\t<\/div>\n\t\t\t\t\t<\/div>\n\t\t<\/div>\n\t\t\t\t\t<\/div>\n\t\t<\/section>\n\t\t\t\t<div class=\"elementor-element elementor-element-b9c7beb elementor-widget elementor-widget-image\" data-id=\"b9c7beb\" data-element_type=\"widget\" data-e-type=\"widget\" data-settings=\"{&quot;motion_fx_motion_fx_scrolling&quot;:&quot;yes&quot;,&quot;motion_fx_opacity_effect&quot;:&quot;yes&quot;,&quot;motion_fx_opacity_range&quot;:{&quot;unit&quot;:&quot;%&quot;,&quot;size&quot;:&quot;&quot;,&quot;sizes&quot;:{&quot;start&quot;:0,&quot;end&quot;:30}},&quot;motion_fx_opacity_level&quot;:{&quot;unit&quot;:&quot;px&quot;,&quot;size&quot;:3.6,&quot;sizes&quot;:[]},&quot;motion_fx_opacity_direction&quot;:&quot;out-in&quot;,&quot;motion_fx_devices&quot;:[&quot;desktop&quot;,&quot;tablet&quot;,&quot;mobile&quot;]}\" data-widget_type=\"image.default\">\n\t\t\t\t<div class=\"elementor-widget-container\">\n\t\t\t\t\t\t\t\t\t\t\t\t\t\t\t<img fetchpriority=\"high\" decoding=\"async\" width=\"800\" height=\"534\" src=\"https:\/\/www.casario.pt\/wp-content\/uploads\/2023\/09\/Amalia-terras-C-1024x683.jpg\" class=\"attachment-large size-large wp-image-4101\" alt=\"\" srcset=\"https:\/\/www.casario.pt\/wp-content\/uploads\/2023\/09\/Amalia-terras-C-1024x683.jpg 1024w, https:\/\/www.casario.pt\/wp-content\/uploads\/2023\/09\/Amalia-terras-C-300x200.jpg 300w, https:\/\/www.casario.pt\/wp-content\/uploads\/2023\/09\/Amalia-terras-C-768x512.jpg 768w, https:\/\/www.casario.pt\/wp-content\/uploads\/2023\/09\/Amalia-terras-C-1536x1024.jpg 1536w, https:\/\/www.casario.pt\/wp-content\/uploads\/2023\/09\/Amalia-terras-C-2048x1365.jpg 2048w\" sizes=\"(max-width: 800px) 100vw, 800px\" \/>\t\t\t\t\t\t\t\t\t\t\t\t\t\t\t<\/div>\n\t\t\t\t<\/div>\n\t\t\t\t<div class=\"elementor-element elementor-element-550e1be elementor-widget elementor-widget-image\" data-id=\"550e1be\" data-element_type=\"widget\" data-e-type=\"widget\" data-settings=\"{&quot;motion_fx_motion_fx_scrolling&quot;:&quot;yes&quot;,&quot;motion_fx_opacity_effect&quot;:&quot;yes&quot;,&quot;motion_fx_opacity_range&quot;:{&quot;unit&quot;:&quot;%&quot;,&quot;size&quot;:&quot;&quot;,&quot;sizes&quot;:{&quot;start&quot;:0,&quot;end&quot;:43}},&quot;motion_fx_opacity_direction&quot;:&quot;out-in&quot;,&quot;motion_fx_opacity_level&quot;:{&quot;unit&quot;:&quot;px&quot;,&quot;size&quot;:10,&quot;sizes&quot;:[]},&quot;motion_fx_devices&quot;:[&quot;desktop&quot;,&quot;tablet&quot;,&quot;mobile&quot;]}\" data-widget_type=\"image.default\">\n\t\t\t\t<div class=\"elementor-widget-container\">\n\t\t\t\t\t\t\t\t\t\t\t\t\t\t\t<img decoding=\"async\" width=\"800\" height=\"534\" src=\"https:\/\/www.casario.pt\/wp-content\/uploads\/2023\/09\/Amalia-terras-A-1024x683.jpg\" class=\"attachment-large size-large wp-image-4093\" alt=\"\" srcset=\"https:\/\/www.casario.pt\/wp-content\/uploads\/2023\/09\/Amalia-terras-A-1024x683.jpg 1024w, https:\/\/www.casario.pt\/wp-content\/uploads\/2023\/09\/Amalia-terras-A-300x200.jpg 300w, https:\/\/www.casario.pt\/wp-content\/uploads\/2023\/09\/Amalia-terras-A-768x512.jpg 768w, https:\/\/www.casario.pt\/wp-content\/uploads\/2023\/09\/Amalia-terras-A-1536x1024.jpg 1536w, https:\/\/www.casario.pt\/wp-content\/uploads\/2023\/09\/Amalia-terras-A-2048x1365.jpg 2048w\" sizes=\"(max-width: 800px) 100vw, 800px\" \/>\t\t\t\t\t\t\t\t\t\t\t\t\t\t\t<\/div>\n\t\t\t\t<\/div>\n\t\t\t\t\t<\/div>\n\t\t<\/div>\n\t\t\t\t\t<\/div>\n\t\t<\/section>\n\t\t\t\t<\/div>\n\t\t","protected":false},"excerpt":{"rendered":"<p>Casa Rio est situ\u00e9es dans le centre du Portugal,le point de d\u00e9part id\u00e9al pour d\u00e9couvrir ce beau pays. Entre Ribatejo, les for\u00eats de pins et les montagnes du centre du Portugal, pr\u00e8s du lagon bleu d&rsquo;Albufeira se trouve Ferreira Do Z\u00eazere, travers\u00e9e par la rivi\u00e8re O Rio Z\u00eazere. En raison du barrage du Castello de [&hellip;]<\/p>\n","protected":false},"author":1,"featured_media":0,"parent":0,"menu_order":0,"comment_status":"closed","ping_status":"closed","template":"elementor_header_footer","meta":{"footnotes":""},"class_list":["post-1610","page","type-page","status-publish","hentry"],"_links":{"self":[{"href":"https:\/\/www.casario.pt\/fr\/wp-json\/wp\/v2\/pages\/1610"}],"collection":[{"href":"https:\/\/www.casario.pt\/fr\/wp-json\/wp\/v2\/pages"}],"about":[{"href":"https:\/\/www.casario.pt\/fr\/wp-json\/wp\/v2\/types\/page"}],"author":[{"embeddable":true,"href":"https:\/\/www.casario.pt\/fr\/wp-json\/wp\/v2\/users\/1"}],"replies":[{"embeddable":true,"href":"https:\/\/www.casario.pt\/fr\/wp-json\/wp\/v2\/comments?post=1610"}],"version-history":[{"count":34,"href":"https:\/\/www.casario.pt\/fr\/wp-json\/wp\/v2\/pages\/1610\/revisions"}],"predecessor-version":[{"id":4869,"href":"https:\/\/www.casario.pt\/fr\/wp-json\/wp\/v2\/pages\/1610\/revisions\/4869"}],"wp:attachment":[{"href":"https:\/\/www.casario.pt\/fr\/wp-json\/wp\/v2\/media?parent=1610"}],"curies":[{"name":"wp","href":"https:\/\/api.w.org\/{rel}","templated":true}]}}