{"id":1700,"date":"2023-01-11T17:48:57","date_gmt":"2023-01-11T16:48:57","guid":{"rendered":"https:\/\/www.casario.pt\/saramago\/"},"modified":"2023-09-12T12:09:51","modified_gmt":"2023-09-12T10:09:51","slug":"saramago","status":"publish","type":"page","link":"https:\/\/www.casario.pt\/fr\/saramago\/","title":{"rendered":"Saramago"},"content":{"rendered":"\t\t<div data-elementor-type=\"wp-page\" data-elementor-id=\"1700\" class=\"elementor elementor-1700 elementor-856\" data-elementor-post-type=\"page\">\n\t\t\t\t\t\t<section class=\"elementor-section elementor-top-section elementor-element elementor-element-83da6d0 animated-slow elementor-section-boxed elementor-section-height-default elementor-section-height-default elementor-invisible\" data-id=\"83da6d0\" data-element_type=\"section\" data-e-type=\"section\" data-settings=\"{&quot;animation&quot;:&quot;fadeIn&quot;,&quot;animation_delay&quot;:0}\">\n\t\t\t\t\t\t\t<div class=\"elementor-background-overlay\"><\/div>\n\t\t\t\t\t\t\t<div class=\"elementor-container elementor-column-gap-default\">\n\t\t\t\t\t<div class=\"elementor-column elementor-col-100 elementor-top-column elementor-element elementor-element-ca2a555\" data-id=\"ca2a555\" data-element_type=\"column\" data-e-type=\"column\">\n\t\t\t<div class=\"elementor-widget-wrap elementor-element-populated\">\n\t\t\t\t\t\t<div class=\"elementor-element elementor-element-bb23b1e elementor-widget elementor-widget-image\" data-id=\"bb23b1e\" data-element_type=\"widget\" data-e-type=\"widget\" data-widget_type=\"image.default\">\n\t\t\t\t<div class=\"elementor-widget-container\">\n\t\t\t\t\t\t\t\t\t\t\t\t\t\t\t<img fetchpriority=\"high\" decoding=\"async\" width=\"768\" height=\"461\" src=\"https:\/\/www.casario.pt\/wp-content\/uploads\/2023\/06\/Saramago-1-768x461.png\" class=\"attachment-medium_large size-medium_large wp-image-3436\" alt=\"\" srcset=\"https:\/\/www.casario.pt\/wp-content\/uploads\/2023\/06\/Saramago-1-768x461.png 768w, https:\/\/www.casario.pt\/wp-content\/uploads\/2023\/06\/Saramago-1-300x180.png 300w, https:\/\/www.casario.pt\/wp-content\/uploads\/2023\/06\/Saramago-1-933x560.png 933w, https:\/\/www.casario.pt\/wp-content\/uploads\/2023\/06\/Saramago-1.png 1000w\" sizes=\"(max-width: 768px) 100vw, 768px\" \/>\t\t\t\t\t\t\t\t\t\t\t\t\t\t\t<\/div>\n\t\t\t\t<\/div>\n\t\t\t\t\t<\/div>\n\t\t<\/div>\n\t\t\t\t\t<\/div>\n\t\t<\/section>\n\t\t\t\t<section class=\"elementor-section elementor-top-section elementor-element elementor-element-452ef0d animated-slow elementor-reverse-mobile elementor-section-boxed elementor-section-height-default elementor-section-height-default elementor-invisible\" data-id=\"452ef0d\" data-element_type=\"section\" data-e-type=\"section\" data-settings=\"{&quot;animation&quot;:&quot;fadeInUp&quot;,&quot;animation_delay&quot;:100}\">\n\t\t\t\t\t\t<div class=\"elementor-container elementor-column-gap-default\">\n\t\t\t\t\t<div class=\"elementor-column elementor-col-100 elementor-top-column elementor-element elementor-element-2017534\" data-id=\"2017534\" data-element_type=\"column\" data-e-type=\"column\" data-settings=\"{&quot;background_background&quot;:&quot;classic&quot;}\">\n\t\t\t<div class=\"elementor-widget-wrap elementor-element-populated\">\n\t\t\t\t\t\t<section class=\"elementor-section elementor-inner-section elementor-element elementor-element-27b27a8 elementor-reverse-mobile elementor-section-boxed elementor-section-height-default elementor-section-height-default\" data-id=\"27b27a8\" data-element_type=\"section\" data-e-type=\"section\">\n\t\t\t\t\t\t<div class=\"elementor-container elementor-column-gap-default\">\n\t\t\t\t\t<div class=\"elementor-column elementor-col-50 elementor-inner-column elementor-element elementor-element-c6c2418\" data-id=\"c6c2418\" data-element_type=\"column\" data-e-type=\"column\">\n\t\t\t<div class=\"elementor-widget-wrap elementor-element-populated\">\n\t\t\t\t\t\t<div class=\"elementor-element elementor-element-fc39203 elementor-widget elementor-widget-gallery\" data-id=\"fc39203\" data-element_type=\"widget\" data-e-type=\"widget\" data-settings=\"{&quot;columns&quot;:3,&quot;image_hover_animation&quot;:&quot;grow&quot;,&quot;lazyload&quot;:&quot;yes&quot;,&quot;gallery_layout&quot;:&quot;grid&quot;,&quot;columns_tablet&quot;:2,&quot;columns_mobile&quot;:1,&quot;gap&quot;:{&quot;unit&quot;:&quot;px&quot;,&quot;size&quot;:10,&quot;sizes&quot;:[]},&quot;gap_tablet&quot;:{&quot;unit&quot;:&quot;px&quot;,&quot;size&quot;:10,&quot;sizes&quot;:[]},&quot;gap_mobile&quot;:{&quot;unit&quot;:&quot;px&quot;,&quot;size&quot;:10,&quot;sizes&quot;:[]},&quot;link_to&quot;:&quot;file&quot;,&quot;aspect_ratio&quot;:&quot;3:2&quot;,&quot;overlay_background&quot;:&quot;yes&quot;,&quot;content_hover_animation&quot;:&quot;fade-in&quot;}\" data-widget_type=\"gallery.default\">\n\t\t\t\t<div class=\"elementor-widget-container\">\n\t\t\t\t\t\t\t<div class=\"elementor-gallery__container\">\n\t\t\t\t\t\t\t<a class=\"e-gallery-item elementor-gallery-item elementor-animated-content\" href=\"https:\/\/www.casario.pt\/wp-content\/uploads\/2023\/09\/Saramago1-A.jpg\" data-elementor-open-lightbox=\"yes\" data-elementor-lightbox-slideshow=\"fc39203\" data-elementor-lightbox-title=\"Saramago+1-A\" data-e-action-hash=\"#elementor-action%3Aaction%3Dlightbox%26settings%3DeyJpZCI6NDE3NSwidXJsIjoiaHR0cHM6XC9cL3d3dy5jYXNhcmlvLnB0XC93cC1jb250ZW50XC91cGxvYWRzXC8yMDIzXC8wOVwvU2FyYW1hZ28xLUEuanBnIiwic2xpZGVzaG93IjoiZmMzOTIwMyJ9\">\n\t\t\t\t\t<div class=\"e-gallery-image elementor-gallery-item__image\" data-thumbnail=\"https:\/\/www.casario.pt\/wp-content\/uploads\/2023\/09\/Saramago1-A-225x300.jpg\" data-width=\"225\" data-height=\"300\" aria-label=\"\" role=\"img\" ><\/div>\n\t\t\t\t\t\t\t\t\t\t\t<div class=\"elementor-gallery-item__overlay\"><\/div>\n\t\t\t\t\t\t\t\t\t\t\t\t\t\t<\/a>\n\t\t\t\t\t\t\t<a class=\"e-gallery-item elementor-gallery-item elementor-animated-content\" href=\"https:\/\/www.casario.pt\/wp-content\/uploads\/2023\/09\/CDR-Front.jpg\" data-elementor-open-lightbox=\"yes\" data-elementor-lightbox-slideshow=\"fc39203\" data-elementor-lightbox-title=\"CDR-Front\" data-e-action-hash=\"#elementor-action%3Aaction%3Dlightbox%26settings%3DeyJpZCI6NDEzNSwidXJsIjoiaHR0cHM6XC9cL3d3dy5jYXNhcmlvLnB0XC93cC1jb250ZW50XC91cGxvYWRzXC8yMDIzXC8wOVwvQ0RSLUZyb250LmpwZyIsInNsaWRlc2hvdyI6ImZjMzkyMDMifQ%3D%3D\">\n\t\t\t\t\t<div class=\"e-gallery-image elementor-gallery-item__image\" data-thumbnail=\"https:\/\/www.casario.pt\/wp-content\/uploads\/2023\/09\/CDR-Front-300x225.jpg\" data-width=\"300\" data-height=\"225\" aria-label=\"\" role=\"img\" ><\/div>\n\t\t\t\t\t\t\t\t\t\t\t<div class=\"elementor-gallery-item__overlay\"><\/div>\n\t\t\t\t\t\t\t\t\t\t\t\t\t\t<\/a>\n\t\t\t\t\t\t\t<a class=\"e-gallery-item elementor-gallery-item elementor-animated-content\" href=\"https:\/\/www.casario.pt\/wp-content\/uploads\/2022\/04\/Pessoa-living.jpg\" data-elementor-open-lightbox=\"yes\" data-elementor-lightbox-slideshow=\"fc39203\" data-elementor-lightbox-title=\"Pessoa-living\" data-e-action-hash=\"#elementor-action%3Aaction%3Dlightbox%26settings%3DeyJpZCI6MTUwNiwidXJsIjoiaHR0cHM6XC9cL3d3dy5jYXNhcmlvLnB0XC93cC1jb250ZW50XC91cGxvYWRzXC8yMDIyXC8wNFwvUGVzc29hLWxpdmluZy5qcGciLCJzbGlkZXNob3ciOiJmYzM5MjAzIn0%3D\">\n\t\t\t\t\t<div class=\"e-gallery-image elementor-gallery-item__image\" data-thumbnail=\"https:\/\/www.casario.pt\/wp-content\/uploads\/2022\/04\/Pessoa-living-300x225.jpg\" data-width=\"300\" data-height=\"225\" aria-label=\"\" role=\"img\" ><\/div>\n\t\t\t\t\t\t\t\t\t\t\t<div class=\"elementor-gallery-item__overlay\"><\/div>\n\t\t\t\t\t\t\t\t\t\t\t\t\t\t<\/a>\n\t\t\t\t\t\t\t<a class=\"e-gallery-item elementor-gallery-item elementor-animated-content\" href=\"https:\/\/www.casario.pt\/wp-content\/uploads\/2023\/09\/Saramago-rivier-B-scaled.jpg\" data-elementor-open-lightbox=\"yes\" data-elementor-lightbox-slideshow=\"fc39203\" data-elementor-lightbox-title=\"Saramago-rivier-B\" data-e-action-hash=\"#elementor-action%3Aaction%3Dlightbox%26settings%3DeyJpZCI6NDE1OSwidXJsIjoiaHR0cHM6XC9cL3d3dy5jYXNhcmlvLnB0XC93cC1jb250ZW50XC91cGxvYWRzXC8yMDIzXC8wOVwvU2FyYW1hZ28tcml2aWVyLUItc2NhbGVkLmpwZyIsInNsaWRlc2hvdyI6ImZjMzkyMDMifQ%3D%3D\">\n\t\t\t\t\t<div class=\"e-gallery-image elementor-gallery-item__image\" data-thumbnail=\"https:\/\/www.casario.pt\/wp-content\/uploads\/2023\/09\/Saramago-rivier-B-300x225.jpg\" data-width=\"300\" data-height=\"225\" aria-label=\"\" role=\"img\" ><\/div>\n\t\t\t\t\t\t\t\t\t\t\t<div class=\"elementor-gallery-item__overlay\"><\/div>\n\t\t\t\t\t\t\t\t\t\t\t\t\t\t<\/a>\n\t\t\t\t\t\t\t<a class=\"e-gallery-item elementor-gallery-item elementor-animated-content\" href=\"https:\/\/www.casario.pt\/wp-content\/uploads\/2022\/04\/Pessoa-keuken.jpg\" data-elementor-open-lightbox=\"yes\" data-elementor-lightbox-slideshow=\"fc39203\" data-elementor-lightbox-title=\"Pessoa-keuken\" data-e-action-hash=\"#elementor-action%3Aaction%3Dlightbox%26settings%3DeyJpZCI6MTUwNSwidXJsIjoiaHR0cHM6XC9cL3d3dy5jYXNhcmlvLnB0XC93cC1jb250ZW50XC91cGxvYWRzXC8yMDIyXC8wNFwvUGVzc29hLWtldWtlbi5qcGciLCJzbGlkZXNob3ciOiJmYzM5MjAzIn0%3D\">\n\t\t\t\t\t<div class=\"e-gallery-image elementor-gallery-item__image\" data-thumbnail=\"https:\/\/www.casario.pt\/wp-content\/uploads\/2022\/04\/Pessoa-keuken-300x225.jpg\" data-width=\"300\" data-height=\"225\" aria-label=\"\" role=\"img\" ><\/div>\n\t\t\t\t\t\t\t\t\t\t\t<div class=\"elementor-gallery-item__overlay\"><\/div>\n\t\t\t\t\t\t\t\t\t\t\t\t\t\t<\/a>\n\t\t\t\t\t\t\t<a class=\"e-gallery-item elementor-gallery-item elementor-animated-content\" href=\"https:\/\/www.casario.pt\/wp-content\/uploads\/2023\/09\/Saramago-keuken-C-scaled.jpg\" data-elementor-open-lightbox=\"yes\" data-elementor-lightbox-slideshow=\"fc39203\" data-elementor-lightbox-title=\"Saramago-keuken-C\" data-e-action-hash=\"#elementor-action%3Aaction%3Dlightbox%26settings%3DeyJpZCI6NDE0NywidXJsIjoiaHR0cHM6XC9cL3d3dy5jYXNhcmlvLnB0XC93cC1jb250ZW50XC91cGxvYWRzXC8yMDIzXC8wOVwvU2FyYW1hZ28ta2V1a2VuLUMtc2NhbGVkLmpwZyIsInNsaWRlc2hvdyI6ImZjMzkyMDMifQ%3D%3D\">\n\t\t\t\t\t<div class=\"e-gallery-image elementor-gallery-item__image\" data-thumbnail=\"https:\/\/www.casario.pt\/wp-content\/uploads\/2023\/09\/Saramago-keuken-C-300x225.jpg\" data-width=\"300\" data-height=\"225\" aria-label=\"\" role=\"img\" ><\/div>\n\t\t\t\t\t\t\t\t\t\t\t<div class=\"elementor-gallery-item__overlay\"><\/div>\n\t\t\t\t\t\t\t\t\t\t\t\t\t\t<\/a>\n\t\t\t\t\t\t\t<a class=\"e-gallery-item elementor-gallery-item elementor-animated-content\" href=\"https:\/\/www.casario.pt\/wp-content\/uploads\/2023\/01\/IMG_3980-scaled.jpeg\" data-elementor-open-lightbox=\"yes\" data-elementor-lightbox-slideshow=\"fc39203\" data-elementor-lightbox-title=\"IMG_3980\" data-e-action-hash=\"#elementor-action%3Aaction%3Dlightbox%26settings%3DeyJpZCI6MTU3OCwidXJsIjoiaHR0cHM6XC9cL3d3dy5jYXNhcmlvLnB0XC93cC1jb250ZW50XC91cGxvYWRzXC8yMDIzXC8wMVwvSU1HXzM5ODAtc2NhbGVkLmpwZWciLCJzbGlkZXNob3ciOiJmYzM5MjAzIn0%3D\">\n\t\t\t\t\t<div class=\"e-gallery-image elementor-gallery-item__image\" data-thumbnail=\"https:\/\/www.casario.pt\/wp-content\/uploads\/2023\/01\/IMG_3980-300x225.jpeg\" data-width=\"300\" data-height=\"225\" aria-label=\"\" role=\"img\" ><\/div>\n\t\t\t\t\t\t\t\t\t\t\t<div class=\"elementor-gallery-item__overlay\"><\/div>\n\t\t\t\t\t\t\t\t\t\t\t\t\t\t<\/a>\n\t\t\t\t\t\t\t<a class=\"e-gallery-item elementor-gallery-item elementor-animated-content\" href=\"https:\/\/www.casario.pt\/wp-content\/uploads\/2023\/09\/Saramago-keuken-D-scaled.jpg\" data-elementor-open-lightbox=\"yes\" data-elementor-lightbox-slideshow=\"fc39203\" data-elementor-lightbox-title=\"Saramago-keuken-D\" data-e-action-hash=\"#elementor-action%3Aaction%3Dlightbox%26settings%3DeyJpZCI6NDE1MSwidXJsIjoiaHR0cHM6XC9cL3d3dy5jYXNhcmlvLnB0XC93cC1jb250ZW50XC91cGxvYWRzXC8yMDIzXC8wOVwvU2FyYW1hZ28ta2V1a2VuLUQtc2NhbGVkLmpwZyIsInNsaWRlc2hvdyI6ImZjMzkyMDMifQ%3D%3D\">\n\t\t\t\t\t<div class=\"e-gallery-image elementor-gallery-item__image\" data-thumbnail=\"https:\/\/www.casario.pt\/wp-content\/uploads\/2023\/09\/Saramago-keuken-D-300x225.jpg\" data-width=\"300\" data-height=\"225\" aria-label=\"\" role=\"img\" ><\/div>\n\t\t\t\t\t\t\t\t\t\t\t<div class=\"elementor-gallery-item__overlay\"><\/div>\n\t\t\t\t\t\t\t\t\t\t\t\t\t\t<\/a>\n\t\t\t\t\t\t\t<a class=\"e-gallery-item elementor-gallery-item elementor-animated-content\" href=\"https:\/\/www.casario.pt\/wp-content\/uploads\/2023\/09\/Saramago-Terras-rivier-scaled.jpg\" data-elementor-open-lightbox=\"yes\" data-elementor-lightbox-slideshow=\"fc39203\" data-elementor-lightbox-title=\"Saramago-Terras-rivier\" data-e-action-hash=\"#elementor-action%3Aaction%3Dlightbox%26settings%3DeyJpZCI6NDE3MSwidXJsIjoiaHR0cHM6XC9cL3d3dy5jYXNhcmlvLnB0XC93cC1jb250ZW50XC91cGxvYWRzXC8yMDIzXC8wOVwvU2FyYW1hZ28tVGVycmFzLXJpdmllci1zY2FsZWQuanBnIiwic2xpZGVzaG93IjoiZmMzOTIwMyJ9\">\n\t\t\t\t\t<div class=\"e-gallery-image elementor-gallery-item__image\" data-thumbnail=\"https:\/\/www.casario.pt\/wp-content\/uploads\/2023\/09\/Saramago-Terras-rivier-300x225.jpg\" data-width=\"300\" data-height=\"225\" aria-label=\"\" role=\"img\" ><\/div>\n\t\t\t\t\t\t\t\t\t\t\t<div class=\"elementor-gallery-item__overlay\"><\/div>\n\t\t\t\t\t\t\t\t\t\t\t\t\t\t<\/a>\n\t\t\t\t\t\t\t<a class=\"e-gallery-item elementor-gallery-item elementor-animated-content\" href=\"https:\/\/www.casario.pt\/wp-content\/uploads\/2023\/09\/saramago-Slaapkamer-0-scaled.jpeg\" data-elementor-open-lightbox=\"yes\" data-elementor-lightbox-slideshow=\"fc39203\" data-elementor-lightbox-title=\"saramago-Slaapkamer-0\" data-e-action-hash=\"#elementor-action%3Aaction%3Dlightbox%26settings%3DeyJpZCI6NDE2NywidXJsIjoiaHR0cHM6XC9cL3d3dy5jYXNhcmlvLnB0XC93cC1jb250ZW50XC91cGxvYWRzXC8yMDIzXC8wOVwvc2FyYW1hZ28tU2xhYXBrYW1lci0wLXNjYWxlZC5qcGVnIiwic2xpZGVzaG93IjoiZmMzOTIwMyJ9\">\n\t\t\t\t\t<div class=\"e-gallery-image elementor-gallery-item__image\" data-thumbnail=\"https:\/\/www.casario.pt\/wp-content\/uploads\/2023\/09\/saramago-Slaapkamer-0-300x225.jpeg\" data-width=\"300\" data-height=\"225\" aria-label=\"\" role=\"img\" ><\/div>\n\t\t\t\t\t\t\t\t\t\t\t<div class=\"elementor-gallery-item__overlay\"><\/div>\n\t\t\t\t\t\t\t\t\t\t\t\t\t\t<\/a>\n\t\t\t\t\t\t\t<a class=\"e-gallery-item elementor-gallery-item elementor-animated-content\" href=\"https:\/\/www.casario.pt\/wp-content\/uploads\/2023\/01\/IMG_4007-scaled.jpeg\" data-elementor-open-lightbox=\"yes\" data-elementor-lightbox-slideshow=\"fc39203\" data-elementor-lightbox-title=\"IMG_4007\" data-e-action-hash=\"#elementor-action%3Aaction%3Dlightbox%26settings%3DeyJpZCI6MTU4MSwidXJsIjoiaHR0cHM6XC9cL3d3dy5jYXNhcmlvLnB0XC93cC1jb250ZW50XC91cGxvYWRzXC8yMDIzXC8wMVwvSU1HXzQwMDctc2NhbGVkLmpwZWciLCJzbGlkZXNob3ciOiJmYzM5MjAzIn0%3D\">\n\t\t\t\t\t<div class=\"e-gallery-image elementor-gallery-item__image\" data-thumbnail=\"https:\/\/www.casario.pt\/wp-content\/uploads\/2023\/01\/IMG_4007-300x225.jpeg\" data-width=\"300\" data-height=\"225\" aria-label=\"\" role=\"img\" ><\/div>\n\t\t\t\t\t\t\t\t\t\t\t<div class=\"elementor-gallery-item__overlay\"><\/div>\n\t\t\t\t\t\t\t\t\t\t\t\t\t\t<\/a>\n\t\t\t\t\t\t\t<a class=\"e-gallery-item elementor-gallery-item elementor-animated-content\" href=\"https:\/\/www.casario.pt\/wp-content\/uploads\/2022\/04\/Pessoa-badkamer.jpg\" data-elementor-open-lightbox=\"yes\" data-elementor-lightbox-slideshow=\"fc39203\" data-elementor-lightbox-title=\"Pessoa-badkamer\" data-e-action-hash=\"#elementor-action%3Aaction%3Dlightbox%26settings%3DeyJpZCI6MTUwNCwidXJsIjoiaHR0cHM6XC9cL3d3dy5jYXNhcmlvLnB0XC93cC1jb250ZW50XC91cGxvYWRzXC8yMDIyXC8wNFwvUGVzc29hLWJhZGthbWVyLmpwZyIsInNsaWRlc2hvdyI6ImZjMzkyMDMifQ%3D%3D\">\n\t\t\t\t\t<div class=\"e-gallery-image elementor-gallery-item__image\" data-thumbnail=\"https:\/\/www.casario.pt\/wp-content\/uploads\/2022\/04\/Pessoa-badkamer-300x225.jpg\" data-width=\"300\" data-height=\"225\" aria-label=\"\" role=\"img\" ><\/div>\n\t\t\t\t\t\t\t\t\t\t\t<div class=\"elementor-gallery-item__overlay\"><\/div>\n\t\t\t\t\t\t\t\t\t\t\t\t\t\t<\/a>\n\t\t\t\t\t\t\t<a class=\"e-gallery-item elementor-gallery-item elementor-animated-content\" href=\"https:\/\/www.casario.pt\/wp-content\/uploads\/2023\/09\/Saramago1-C.jpg\" data-elementor-open-lightbox=\"yes\" data-elementor-lightbox-slideshow=\"fc39203\" data-elementor-lightbox-title=\"Saramago+1-C\" data-e-action-hash=\"#elementor-action%3Aaction%3Dlightbox%26settings%3DeyJpZCI6NDE4MywidXJsIjoiaHR0cHM6XC9cL3d3dy5jYXNhcmlvLnB0XC93cC1jb250ZW50XC91cGxvYWRzXC8yMDIzXC8wOVwvU2FyYW1hZ28xLUMuanBnIiwic2xpZGVzaG93IjoiZmMzOTIwMyJ9\">\n\t\t\t\t\t<div class=\"e-gallery-image elementor-gallery-item__image\" data-thumbnail=\"https:\/\/www.casario.pt\/wp-content\/uploads\/2023\/09\/Saramago1-C-300x225.jpg\" data-width=\"300\" data-height=\"225\" aria-label=\"\" role=\"img\" ><\/div>\n\t\t\t\t\t\t\t\t\t\t\t<div class=\"elementor-gallery-item__overlay\"><\/div>\n\t\t\t\t\t\t\t\t\t\t\t\t\t\t<\/a>\n\t\t\t\t\t\t\t<a class=\"e-gallery-item elementor-gallery-item elementor-animated-content\" href=\"https:\/\/www.casario.pt\/wp-content\/uploads\/2023\/09\/Saramago1-B.jpg\" data-elementor-open-lightbox=\"yes\" data-elementor-lightbox-slideshow=\"fc39203\" data-elementor-lightbox-title=\"Saramago+1-B\" data-e-action-hash=\"#elementor-action%3Aaction%3Dlightbox%26settings%3DeyJpZCI6NDE3OSwidXJsIjoiaHR0cHM6XC9cL3d3dy5jYXNhcmlvLnB0XC93cC1jb250ZW50XC91cGxvYWRzXC8yMDIzXC8wOVwvU2FyYW1hZ28xLUIuanBnIiwic2xpZGVzaG93IjoiZmMzOTIwMyJ9\">\n\t\t\t\t\t<div class=\"e-gallery-image elementor-gallery-item__image\" data-thumbnail=\"https:\/\/www.casario.pt\/wp-content\/uploads\/2023\/09\/Saramago1-B-300x225.jpg\" data-width=\"300\" data-height=\"225\" aria-label=\"\" role=\"img\" ><\/div>\n\t\t\t\t\t\t\t\t\t\t\t<div class=\"elementor-gallery-item__overlay\"><\/div>\n\t\t\t\t\t\t\t\t\t\t\t\t\t\t<\/a>\n\t\t\t\t\t\t\t<a class=\"e-gallery-item elementor-gallery-item elementor-animated-content\" href=\"https:\/\/www.casario.pt\/wp-content\/uploads\/2023\/09\/Saramago-1-A.jpg\" data-elementor-open-lightbox=\"yes\" data-elementor-lightbox-slideshow=\"fc39203\" data-elementor-lightbox-title=\"Saramago-1-A\" data-e-action-hash=\"#elementor-action%3Aaction%3Dlightbox%26settings%3DeyJpZCI6NDEzOSwidXJsIjoiaHR0cHM6XC9cL3d3dy5jYXNhcmlvLnB0XC93cC1jb250ZW50XC91cGxvYWRzXC8yMDIzXC8wOVwvU2FyYW1hZ28tMS1BLmpwZyIsInNsaWRlc2hvdyI6ImZjMzkyMDMifQ%3D%3D\">\n\t\t\t\t\t<div class=\"e-gallery-image elementor-gallery-item__image\" data-thumbnail=\"https:\/\/www.casario.pt\/wp-content\/uploads\/2023\/09\/Saramago-1-A-300x225.jpg\" data-width=\"300\" data-height=\"225\" aria-label=\"\" role=\"img\" ><\/div>\n\t\t\t\t\t\t\t\t\t\t\t<div class=\"elementor-gallery-item__overlay\"><\/div>\n\t\t\t\t\t\t\t\t\t\t\t\t\t\t<\/a>\n\t\t\t\t\t<\/div>\n\t\t\t\t\t<\/div>\n\t\t\t\t<\/div>\n\t\t\t\t\t<\/div>\n\t\t<\/div>\n\t\t\t\t<div class=\"elementor-column elementor-col-50 elementor-inner-column elementor-element elementor-element-0968e66\" data-id=\"0968e66\" data-element_type=\"column\" data-e-type=\"column\">\n\t\t\t<div class=\"elementor-widget-wrap elementor-element-populated\">\n\t\t\t\t\t\t<div class=\"elementor-element elementor-element-9a05ecd elementor-widget elementor-widget-text-editor\" data-id=\"9a05ecd\" data-element_type=\"widget\" data-e-type=\"widget\" data-widget_type=\"text-editor.default\">\n\t\t\t\t<div class=\"elementor-widget-container\">\n\t\t\t\t\t\t\t\t\t<p>Cet espace de vie peut accueillir 6 personnes. Chambre, salle de bains, salon, s\u00e9jour, cuisine enti\u00e8rement \u00e9quip\u00e9e et terrasse au rez-de-chauss\u00e9e. Au premier \u00e9tage se trouve une deuxi\u00e8me chambre avec douche\/toilette et terrasse et une troisi\u00e8me chambre \u00e0 -1. Climatisation et chauffage dans la salle de s\u00e9jour et les chambres.<\/p>\n<h3 class=\"mphb-room-type-details-title\"><span style=\"color: #808080;\">D\u00e9tails<\/span><\/h3>\n<ul class=\"mphb-loop-room-type-attributes\">\n<li class=\"mphb-room-type-total-capacity\"><span class=\"mphb-attribute-title mphb-total-capacity-title\">H\u00f4tes:<\/span> <span class=\"mphb-attribute-value\">6<\/span><\/li>\n<li class=\"mphb-room-type-facilities\"><span class=\"mphb-attribute-title mphb-facilities-title\">\u00c9quipements : <\/span><span class=\"mphb-attribute-value\"><span class=\"facility-airco\">Climatisation<\/span>, <span class=\"facility-bad-bedlinnen\">Linge de bain et de lit<\/span>, <span class=\"facility-verwarming\">Chauffage<\/span>, <span class=\"facility-volledig-ingerichte-keuken\">Cuisine \u00e9quip\u00e9e<\/span>, <span class=\"facility-wasmachine\">Lave-linge<\/span>, <span class=\"facility-wifi\">Wifi<\/span><\/span><\/li>\n<li class=\"mphb-room-type-view\"><span class=\"mphb-attribute-value\">Vue sur la rivi\u00e8re<\/span><\/li>\n<li class=\"mphb-room-type-bed-type\"><span class=\"mphb-attribute-title mphb-bed-type-title\">Type de lit<\/span> : <span class=\"mphb-attribute-value\">2 x lit double, 2 x lit simple<\/span><\/li>\n<\/ul>\n\t\t\t\t\t\t\t\t<\/div>\n\t\t\t\t<\/div>\n\t\t\t\t<div class=\"elementor-element elementor-element-a5963e6 elementor-widget elementor-widget-text-editor\" data-id=\"a5963e6\" data-element_type=\"widget\" data-e-type=\"widget\" data-widget_type=\"text-editor.default\">\n\t\t\t\t<div class=\"elementor-widget-container\">\n\t\t\t\t\t\t\t\t\t<p>Prix haute saison : 110 \u20ac\/nuit<br \/>Prix basse saison : 90 \u20ac\/nuit<\/p>\n<ul>\n<li>+50\u20ac de nettoyage<\/li>\n<li>la consommation normale de chauffage\/climatisation \u00e0 10 \u20ac\/jour est incluse*<\/li>\n<li>+ 250 \u20ac de d\u00e9p\u00f4t<\/li>\n<\/ul>\n\t\t\t\t\t\t\t\t<\/div>\n\t\t\t\t<\/div>\n\t\t\t\t<div class=\"elementor-element elementor-element-bdedf30 elementor-align-justify elementor-widget elementor-widget-button\" data-id=\"bdedf30\" data-element_type=\"widget\" data-e-type=\"widget\" data-widget_type=\"button.default\">\n\t\t\t\t<div class=\"elementor-widget-container\">\n\t\t\t\t\t\t\t\t\t<div class=\"elementor-button-wrapper\">\n\t\t\t\t\t<a class=\"elementor-button elementor-button-link elementor-size-sm\" href=\"https:\/\/www.vakantiehuis.pt\/fr\/accommodation\/casa-do-rio-saramago\/\" target=\"_blank\">\n\t\t\t\t\t\t<span class=\"elementor-button-content-wrapper\">\n\t\t\t\t\t\t\t\t\t<span class=\"elementor-button-text\">R\u00e9servation<\/span>\n\t\t\t\t\t<\/span>\n\t\t\t\t\t<\/a>\n\t\t\t\t<\/div>\n\t\t\t\t\t\t\t\t<\/div>\n\t\t\t\t<\/div>\n\t\t\t\t\t<\/div>\n\t\t<\/div>\n\t\t\t\t\t<\/div>\n\t\t<\/section>\n\t\t\t\t<section class=\"elementor-section elementor-inner-section elementor-element elementor-element-6e6822e elementor-section-boxed elementor-section-height-default elementor-section-height-default\" data-id=\"6e6822e\" data-element_type=\"section\" data-e-type=\"section\">\n\t\t\t\t\t\t<div class=\"elementor-container elementor-column-gap-default\">\n\t\t\t\t\t<div class=\"elementor-column elementor-col-100 elementor-inner-column elementor-element elementor-element-3677adc\" data-id=\"3677adc\" data-element_type=\"column\" data-e-type=\"column\">\n\t\t\t<div class=\"elementor-widget-wrap elementor-element-populated\">\n\t\t\t\t\t\t<div class=\"elementor-element elementor-element-9173299 elementor-widget elementor-widget-text-editor\" data-id=\"9173299\" data-element_type=\"widget\" data-e-type=\"widget\" data-widget_type=\"text-editor.default\">\n\t\t\t\t<div class=\"elementor-widget-container\">\n\t\t\t\t\t\t\t\t\t<p><em>* Une moyenne de 10 \u20ac\/jour pour une utilisation normale est incluse dans le prix.<\/em><br \/><em>Un montant suppl\u00e9mentaire bas\u00e9 sur les relev\u00e9s de compteur (Smart Energy Meter) peut \u00eatre d\u00e9duit lors du remboursement de la caution.<\/em><\/p>\n\t\t\t\t\t\t\t\t<\/div>\n\t\t\t\t<\/div>\n\t\t\t\t\t<\/div>\n\t\t<\/div>\n\t\t\t\t\t<\/div>\n\t\t<\/section>\n\t\t\t\t\t<\/div>\n\t\t<\/div>\n\t\t\t\t\t<\/div>\n\t\t<\/section>\n\t\t\t\t<\/div>\n\t\t","protected":false},"excerpt":{"rendered":"<p>Cet espace de vie peut accueillir 6 personnes. Chambre, salle de bains, salon, s\u00e9jour, cuisine enti\u00e8rement \u00e9quip\u00e9e et terrasse au rez-de-chauss\u00e9e. Au premier \u00e9tage se trouve une deuxi\u00e8me chambre avec douche\/toilette et terrasse et une troisi\u00e8me chambre \u00e0 -1. Climatisation et chauffage dans la salle de s\u00e9jour et les chambres. D\u00e9tails H\u00f4tes: 6 \u00c9quipements : [&hellip;]<\/p>\n","protected":false},"author":1,"featured_media":0,"parent":0,"menu_order":0,"comment_status":"closed","ping_status":"closed","template":"elementor_header_footer","meta":{"footnotes":""},"class_list":["post-1700","page","type-page","status-publish","hentry"],"_links":{"self":[{"href":"https:\/\/www.casario.pt\/fr\/wp-json\/wp\/v2\/pages\/1700"}],"collection":[{"href":"https:\/\/www.casario.pt\/fr\/wp-json\/wp\/v2\/pages"}],"about":[{"href":"https:\/\/www.casario.pt\/fr\/wp-json\/wp\/v2\/types\/page"}],"author":[{"embeddable":true,"href":"https:\/\/www.casario.pt\/fr\/wp-json\/wp\/v2\/users\/1"}],"replies":[{"embeddable":true,"href":"https:\/\/www.casario.pt\/fr\/wp-json\/wp\/v2\/comments?post=1700"}],"version-history":[{"count":23,"href":"https:\/\/www.casario.pt\/fr\/wp-json\/wp\/v2\/pages\/1700\/revisions"}],"predecessor-version":[{"id":4266,"href":"https:\/\/www.casario.pt\/fr\/wp-json\/wp\/v2\/pages\/1700\/revisions\/4266"}],"wp:attachment":[{"href":"https:\/\/www.casario.pt\/fr\/wp-json\/wp\/v2\/media?parent=1700"}],"curies":[{"name":"wp","href":"https:\/\/api.w.org\/{rel}","templated":true}]}}