{"id":5002,"date":"2024-04-24T10:16:23","date_gmt":"2024-04-24T08:16:23","guid":{"rendered":"https:\/\/www.casario.pt\/elementor-4994\/"},"modified":"2024-04-24T10:17:33","modified_gmt":"2024-04-24T08:17:33","slug":"elementor-4994","status":"publish","type":"page","link":"https:\/\/www.casario.pt\/fr\/elementor-4994\/","title":{"rendered":"Tomar&amp;Convento"},"content":{"rendered":"\t\t<div data-elementor-type=\"wp-page\" data-elementor-id=\"5002\" class=\"elementor elementor-5002 elementor-4994\" data-elementor-post-type=\"page\">\n\t\t\t\t\t\t<section class=\"elementor-section elementor-top-section elementor-element elementor-element-fa79f71 elementor-section-boxed elementor-section-height-default elementor-section-height-default\" data-id=\"fa79f71\" data-element_type=\"section\" data-e-type=\"section\" data-settings=\"{&quot;background_background&quot;:&quot;classic&quot;}\">\n\t\t\t\t\t\t<div class=\"elementor-container elementor-column-gap-default\">\n\t\t\t\t\t<div class=\"elementor-column elementor-col-100 elementor-top-column elementor-element elementor-element-937d739\" data-id=\"937d739\" data-element_type=\"column\" data-e-type=\"column\">\n\t\t\t<div class=\"elementor-widget-wrap elementor-element-populated\">\n\t\t\t\t\t\t<div class=\"elementor-element elementor-element-3367e2b elementor-widget elementor-widget-heading\" data-id=\"3367e2b\" data-element_type=\"widget\" data-e-type=\"widget\" data-widget_type=\"heading.default\">\n\t\t\t\t<div class=\"elementor-widget-container\">\n\t\t\t\t\t<h3 class=\"elementor-heading-title elementor-size-default\">Tomar &amp; Convento do Cristo<\/h3>\t\t\t\t<\/div>\n\t\t\t\t<\/div>\n\t\t\t\t<div class=\"elementor-element elementor-element-c9e22ad elementor-widget elementor-widget-text-editor\" data-id=\"c9e22ad\" data-element_type=\"widget\" data-e-type=\"widget\" data-widget_type=\"text-editor.default\">\n\t\t\t\t<div class=\"elementor-widget-container\">\n\t\t\t\t\t\t\t\t\t<p style=\"text-align: center;\">25 km<\/p>\n\t\t\t\t\t\t\t\t<\/div>\n\t\t\t\t<\/div>\n\t\t\t\t<section class=\"elementor-section elementor-inner-section elementor-element elementor-element-9da4ccc elementor-section-boxed elementor-section-height-default elementor-section-height-default\" data-id=\"9da4ccc\" data-element_type=\"section\" data-e-type=\"section\">\n\t\t\t\t\t\t<div class=\"elementor-container elementor-column-gap-default\">\n\t\t\t\t\t<div class=\"elementor-column elementor-col-50 elementor-inner-column elementor-element elementor-element-b37701c\" data-id=\"b37701c\" data-element_type=\"column\" data-e-type=\"column\">\n\t\t\t<div class=\"elementor-widget-wrap elementor-element-populated\">\n\t\t\t\t\t\t<div class=\"elementor-element elementor-element-b5885f3 elementor-widget elementor-widget-image\" data-id=\"b5885f3\" data-element_type=\"widget\" data-e-type=\"widget\" data-widget_type=\"image.default\">\n\t\t\t\t<div class=\"elementor-widget-container\">\n\t\t\t\t\t\t\t\t\t\t\t\t\t\t\t<img fetchpriority=\"high\" decoding=\"async\" width=\"800\" height=\"600\" src=\"https:\/\/www.casario.pt\/wp-content\/uploads\/2022\/04\/Convento-de-Cristo.jpeg\" class=\"attachment-large size-large wp-image-1527\" alt=\"\" srcset=\"https:\/\/www.casario.pt\/wp-content\/uploads\/2022\/04\/Convento-de-Cristo.jpeg 992w, https:\/\/www.casario.pt\/wp-content\/uploads\/2022\/04\/Convento-de-Cristo-300x225.jpeg 300w, https:\/\/www.casario.pt\/wp-content\/uploads\/2022\/04\/Convento-de-Cristo-768x576.jpeg 768w\" sizes=\"(max-width: 800px) 100vw, 800px\" \/>\t\t\t\t\t\t\t\t\t\t\t\t\t\t\t<\/div>\n\t\t\t\t<\/div>\n\t\t\t\t\t<\/div>\n\t\t<\/div>\n\t\t\t\t<div class=\"elementor-column elementor-col-50 elementor-inner-column elementor-element elementor-element-31aef46\" data-id=\"31aef46\" data-element_type=\"column\" data-e-type=\"column\">\n\t\t\t<div class=\"elementor-widget-wrap elementor-element-populated\">\n\t\t\t\t\t\t<div class=\"elementor-element elementor-element-dbaf4ab elementor-widget elementor-widget-google_maps\" data-id=\"dbaf4ab\" data-element_type=\"widget\" data-e-type=\"widget\" data-widget_type=\"google_maps.default\">\n\t\t\t\t<div class=\"elementor-widget-container\">\n\t\t\t\t\t\t\t<div class=\"elementor-custom-embed\">\n\t\t\t<iframe loading=\"lazy\"\n\t\t\t\t\tsrc=\"https:\/\/maps.google.com\/maps?q=convento%20do%20cristo%2C%20tomar%2C%20portugal&#038;t=m&#038;z=11&#038;output=embed&#038;iwloc=near\"\n\t\t\t\t\ttitle=\"convento do cristo, tomar, portugal\"\n\t\t\t\t\taria-label=\"convento do cristo, tomar, portugal\"\n\t\t\t><\/iframe>\n\t\t<\/div>\n\t\t\t\t\t\t<\/div>\n\t\t\t\t<\/div>\n\t\t\t\t\t<\/div>\n\t\t<\/div>\n\t\t\t\t\t<\/div>\n\t\t<\/section>\n\t\t\t\t<section class=\"elementor-section elementor-inner-section elementor-element elementor-element-5bb8d16 elementor-section-boxed elementor-section-height-default elementor-section-height-default\" data-id=\"5bb8d16\" data-element_type=\"section\" data-e-type=\"section\">\n\t\t\t\t\t\t<div class=\"elementor-container elementor-column-gap-default\">\n\t\t\t\t\t<div class=\"elementor-column elementor-col-100 elementor-inner-column elementor-element elementor-element-e4af48c\" data-id=\"e4af48c\" data-element_type=\"column\" data-e-type=\"column\">\n\t\t\t<div class=\"elementor-widget-wrap elementor-element-populated\">\n\t\t\t\t\t\t<div class=\"elementor-element elementor-element-e0f360b elementor-widget elementor-widget-text-editor\" data-id=\"e0f360b\" data-element_type=\"widget\" data-e-type=\"widget\" data-widget_type=\"text-editor.default\">\n\t\t\t\t<div class=\"elementor-widget-container\">\n\t\t\t\t\t\t\t\t\t<p>Tomar, qui abritait autrefois l&rsquo;Ordre des Templiers, est une ville charmante d&rsquo;une grande richesse artistique et culturelle. La carte de visite de la ville, le monast\u00e8re du Convento de Cristo, est l&rsquo;un des \u00e9difices de la Renaissance les plus importants du Portugal.<\/p>\n\t\t\t\t\t\t\t\t<\/div>\n\t\t\t\t<\/div>\n\t\t\t\t\t<\/div>\n\t\t<\/div>\n\t\t\t\t\t<\/div>\n\t\t<\/section>\n\t\t\t\t<section class=\"elementor-section elementor-inner-section elementor-element elementor-element-fa50abf elementor-section-boxed elementor-section-height-default elementor-section-height-default\" data-id=\"fa50abf\" data-element_type=\"section\" data-e-type=\"section\">\n\t\t\t\t\t\t<div class=\"elementor-container elementor-column-gap-default\">\n\t\t\t\t\t<div class=\"elementor-column elementor-col-50 elementor-inner-column elementor-element elementor-element-ba1abf4\" data-id=\"ba1abf4\" data-element_type=\"column\" data-e-type=\"column\">\n\t\t\t<div class=\"elementor-widget-wrap elementor-element-populated\">\n\t\t\t\t\t\t<div class=\"elementor-element elementor-element-4968b61 elementor-widget elementor-widget-image\" data-id=\"4968b61\" data-element_type=\"widget\" data-e-type=\"widget\" data-widget_type=\"image.default\">\n\t\t\t\t<div class=\"elementor-widget-container\">\n\t\t\t\t\t\t\t\t\t\t\t\t\t\t\t<img decoding=\"async\" width=\"600\" height=\"400\" src=\"https:\/\/www.casario.pt\/wp-content\/uploads\/2023\/10\/Tomar.jpg\" class=\"attachment-large size-large wp-image-4768\" alt=\"\" srcset=\"https:\/\/www.casario.pt\/wp-content\/uploads\/2023\/10\/Tomar.jpg 600w, https:\/\/www.casario.pt\/wp-content\/uploads\/2023\/10\/Tomar-300x200.jpg 300w\" sizes=\"(max-width: 600px) 100vw, 600px\" \/>\t\t\t\t\t\t\t\t\t\t\t\t\t\t\t<\/div>\n\t\t\t\t<\/div>\n\t\t\t\t\t<\/div>\n\t\t<\/div>\n\t\t\t\t<div class=\"elementor-column elementor-col-50 elementor-inner-column elementor-element elementor-element-007be3e\" data-id=\"007be3e\" data-element_type=\"column\" data-e-type=\"column\">\n\t\t\t<div class=\"elementor-widget-wrap elementor-element-populated\">\n\t\t\t\t\t\t<div class=\"elementor-element elementor-element-aafc83c elementor-widget elementor-widget-image\" data-id=\"aafc83c\" data-element_type=\"widget\" data-e-type=\"widget\" data-widget_type=\"image.default\">\n\t\t\t\t<div class=\"elementor-widget-container\">\n\t\t\t\t\t\t\t\t\t\t\t\t\t\t\t<img decoding=\"async\" width=\"600\" height=\"400\" src=\"https:\/\/www.casario.pt\/wp-content\/uploads\/2023\/10\/Tomar-aquaduct.jpg\" class=\"attachment-large size-large wp-image-4764\" alt=\"\" srcset=\"https:\/\/www.casario.pt\/wp-content\/uploads\/2023\/10\/Tomar-aquaduct.jpg 600w, https:\/\/www.casario.pt\/wp-content\/uploads\/2023\/10\/Tomar-aquaduct-300x200.jpg 300w\" sizes=\"(max-width: 600px) 100vw, 600px\" \/>\t\t\t\t\t\t\t\t\t\t\t\t\t\t\t<\/div>\n\t\t\t\t<\/div>\n\t\t\t\t\t<\/div>\n\t\t<\/div>\n\t\t\t\t\t<\/div>\n\t\t<\/section>\n\t\t\t\t<section class=\"elementor-section elementor-inner-section elementor-element elementor-element-fd9216a elementor-section-boxed elementor-section-height-default elementor-section-height-default\" data-id=\"fd9216a\" data-element_type=\"section\" data-e-type=\"section\">\n\t\t\t\t\t\t<div class=\"elementor-container elementor-column-gap-default\">\n\t\t\t\t\t<div class=\"elementor-column elementor-col-50 elementor-inner-column elementor-element elementor-element-dad7951\" data-id=\"dad7951\" data-element_type=\"column\" data-e-type=\"column\">\n\t\t\t<div class=\"elementor-widget-wrap elementor-element-populated\">\n\t\t\t\t\t\t<div class=\"elementor-element elementor-element-4ce362d elementor-widget elementor-widget-text-editor\" data-id=\"4ce362d\" data-element_type=\"widget\" data-e-type=\"widget\" data-widget_type=\"text-editor.default\">\n\t\t\t\t<div class=\"elementor-widget-container\">\n\t\t\t\t\t\t\t\t\t<p>En 1983, l&rsquo;UNESCO a d\u00e9clar\u00e9 le ch\u00e2teau des Templiers et le monast\u00e8re des Chevaliers du Christ de Tomar \u00ab\u00a0Patrimoine mondial de l&rsquo;humanit\u00e9\u00a0\u00bb, d&rsquo;une valeur inestimable pour l&rsquo;histoire de l&rsquo;Occident. Construit sur un site de culte romain, l&rsquo;ensemble raconte sept si\u00e8cles d&rsquo;histoire portugaise et les grands moments de l&rsquo;histoire de l&rsquo;Occident.<\/p>\n<p>L&rsquo;\u00e9glise a un plan circulaire et a \u00e9t\u00e9 construite \u00e0 l&rsquo;image de l&rsquo;\u00e9glise du Saint-S\u00e9pulcre \u00e0 J\u00e9rusalem, par l&#8217;empereur Constantin. Autour de cette \u00e9glise templi\u00e8re s&rsquo;est d\u00e9velopp\u00e9 au fil du temps un vaste complexe monastique, dont les quatre grands clo\u00eetres sont tr\u00e8s particuliers, ainsi que l&rsquo;infirmerie de l&rsquo;Ordre et l&rsquo;aqueduc de 6 km de long, construit sur ordre du roi d&rsquo;Espagne Philippe II.<\/p>\n\t\t\t\t\t\t\t\t<\/div>\n\t\t\t\t<\/div>\n\t\t\t\t\t<\/div>\n\t\t<\/div>\n\t\t\t\t<div class=\"elementor-column elementor-col-50 elementor-inner-column elementor-element elementor-element-f4a7f8c\" data-id=\"f4a7f8c\" data-element_type=\"column\" data-e-type=\"column\">\n\t\t\t<div class=\"elementor-widget-wrap elementor-element-populated\">\n\t\t\t\t\t\t<div class=\"elementor-element elementor-element-edbf0ca elementor-widget elementor-widget-text-editor\" data-id=\"edbf0ca\" data-element_type=\"widget\" data-e-type=\"widget\" data-widget_type=\"text-editor.default\">\n\t\t\t\t<div class=\"elementor-widget-container\">\n\t\t\t\t\t\t\t\t\t<p>Depuis le monast\u00e8re, on peut descendre \u00e0 pied par la for\u00eat de<strong> Mata dos Sete Montes<\/strong> jusqu&rsquo;au centre historique. Si vous prenez la route pav\u00e9e, vous tomberez \u00e0 mi-chemin sur la chapelle <strong>Ermida de Nossa Senhora da Concei\u00e7\u00e3o<\/strong>. Ce joyau de la Renaissance a \u00e9t\u00e9 con\u00e7u par le Portugais Jo\u00e3o de Castilho, qui a \u00e9galement travaill\u00e9 sur le monast\u00e8re.  <\/p>\n<p>Ensuite, il faut visiter Tomar. La vieille ville m\u00e9di\u00e9vale est construite en forme de croix, dans le sens des quatre points cardinaux, avec un monast\u00e8re \u00e0 chaque extr\u00e9mit\u00e9. Au milieu se trouve la Pra\u00e7a da Rep\u00fablica, avec l&rsquo;<strong>\u00e9glise principale S\u00e3o Jo\u00e3o Baptista<\/strong>. \u00c0 l&rsquo;ouest se trouve la colline avec le ch\u00e2teau et le couvent Convento de Cristo. Dans les rues autour du centre, vous trouverez de petites boutiques et le plus ancien caf\u00e9 o\u00f9 vous pourrez encore d\u00e9guster les d\u00e9licieuses p\u00e2tisseries locales.<\/p>\n\t\t\t\t\t\t\t\t<\/div>\n\t\t\t\t<\/div>\n\t\t\t\t\t<\/div>\n\t\t<\/div>\n\t\t\t\t\t<\/div>\n\t\t<\/section>\n\t\t\t\t\t<\/div>\n\t\t<\/div>\n\t\t\t\t\t<\/div>\n\t\t<\/section>\n\t\t\t\t<\/div>\n\t\t","protected":false},"excerpt":{"rendered":"<p>Tomar &amp; Convento do Cristo 25 km Tomar, qui abritait autrefois l&rsquo;Ordre des Templiers, est une ville charmante d&rsquo;une grande richesse artistique et culturelle. La carte de visite de la ville, le monast\u00e8re du Convento de Cristo, est l&rsquo;un des \u00e9difices de la Renaissance les plus importants du Portugal. En 1983, l&rsquo;UNESCO a d\u00e9clar\u00e9 le [&hellip;]<\/p>\n","protected":false},"author":1,"featured_media":0,"parent":0,"menu_order":0,"comment_status":"closed","ping_status":"closed","template":"elementor_header_footer","meta":{"footnotes":""},"class_list":["post-5002","page","type-page","status-publish","hentry"],"_links":{"self":[{"href":"https:\/\/www.casario.pt\/fr\/wp-json\/wp\/v2\/pages\/5002"}],"collection":[{"href":"https:\/\/www.casario.pt\/fr\/wp-json\/wp\/v2\/pages"}],"about":[{"href":"https:\/\/www.casario.pt\/fr\/wp-json\/wp\/v2\/types\/page"}],"author":[{"embeddable":true,"href":"https:\/\/www.casario.pt\/fr\/wp-json\/wp\/v2\/users\/1"}],"replies":[{"embeddable":true,"href":"https:\/\/www.casario.pt\/fr\/wp-json\/wp\/v2\/comments?post=5002"}],"version-history":[{"count":2,"href":"https:\/\/www.casario.pt\/fr\/wp-json\/wp\/v2\/pages\/5002\/revisions"}],"predecessor-version":[{"id":5007,"href":"https:\/\/www.casario.pt\/fr\/wp-json\/wp\/v2\/pages\/5002\/revisions\/5007"}],"wp:attachment":[{"href":"https:\/\/www.casario.pt\/fr\/wp-json\/wp\/v2\/media?parent=5002"}],"curies":[{"name":"wp","href":"https:\/\/api.w.org\/{rel}","templated":true}]}}