{"id":5023,"date":"2024-04-24T10:36:52","date_gmt":"2024-04-24T08:36:52","guid":{"rendered":"https:\/\/www.casario.pt\/elementor-5015\/"},"modified":"2024-04-24T10:42:04","modified_gmt":"2024-04-24T08:42:04","slug":"elementor-5015","status":"publish","type":"page","link":"https:\/\/www.casario.pt\/fr\/elementor-5015\/","title":{"rendered":"Constancia&amp;Almourol"},"content":{"rendered":"\t\t<div data-elementor-type=\"wp-page\" data-elementor-id=\"5023\" class=\"elementor elementor-5023 elementor-5015\" data-elementor-post-type=\"page\">\n\t\t\t\t\t\t<section class=\"elementor-section elementor-top-section elementor-element elementor-element-8e693e1 elementor-section-boxed elementor-section-height-default elementor-section-height-default\" data-id=\"8e693e1\" data-element_type=\"section\" data-e-type=\"section\" data-settings=\"{&quot;background_background&quot;:&quot;classic&quot;}\">\n\t\t\t\t\t\t<div class=\"elementor-container elementor-column-gap-default\">\n\t\t\t\t\t<div class=\"elementor-column elementor-col-100 elementor-top-column elementor-element elementor-element-780dd4b\" data-id=\"780dd4b\" data-element_type=\"column\" data-e-type=\"column\">\n\t\t\t<div class=\"elementor-widget-wrap elementor-element-populated\">\n\t\t\t\t\t\t<div class=\"elementor-element elementor-element-7ac36b1 elementor-widget elementor-widget-heading\" data-id=\"7ac36b1\" data-element_type=\"widget\" data-e-type=\"widget\" data-widget_type=\"heading.default\">\n\t\t\t\t<div class=\"elementor-widget-container\">\n\t\t\t\t\t<h3 class=\"elementor-heading-title elementor-size-default\">Const\u00e2ncia &amp; Castelo de Almourol<\/h3>\t\t\t\t<\/div>\n\t\t\t\t<\/div>\n\t\t\t\t<div class=\"elementor-element elementor-element-4101628 elementor-widget elementor-widget-text-editor\" data-id=\"4101628\" data-element_type=\"widget\" data-e-type=\"widget\" data-widget_type=\"text-editor.default\">\n\t\t\t\t<div class=\"elementor-widget-container\">\n\t\t\t\t\t\t\t\t\t<p style=\"text-align: center;\">25 km<\/p>\n\t\t\t\t\t\t\t\t<\/div>\n\t\t\t\t<\/div>\n\t\t\t\t<section class=\"elementor-section elementor-inner-section elementor-element elementor-element-b182c51 elementor-section-boxed elementor-section-height-default elementor-section-height-default\" data-id=\"b182c51\" data-element_type=\"section\" data-e-type=\"section\">\n\t\t\t\t\t\t<div class=\"elementor-container elementor-column-gap-default\">\n\t\t\t\t\t<div class=\"elementor-column elementor-col-50 elementor-inner-column elementor-element elementor-element-1941f5d\" data-id=\"1941f5d\" data-element_type=\"column\" data-e-type=\"column\">\n\t\t\t<div class=\"elementor-widget-wrap elementor-element-populated\">\n\t\t\t\t\t\t<div class=\"elementor-element elementor-element-1274c97 elementor-widget elementor-widget-image\" data-id=\"1274c97\" data-element_type=\"widget\" data-e-type=\"widget\" data-widget_type=\"image.default\">\n\t\t\t\t<div class=\"elementor-widget-container\">\n\t\t\t\t\t\t\t\t\t\t\t\t\t\t\t<img fetchpriority=\"high\" decoding=\"async\" width=\"600\" height=\"400\" src=\"https:\/\/www.casario.pt\/wp-content\/uploads\/2023\/10\/Constancia.jpeg\" class=\"attachment-large size-large wp-image-4793\" alt=\"\" srcset=\"https:\/\/www.casario.pt\/wp-content\/uploads\/2023\/10\/Constancia.jpeg 600w, https:\/\/www.casario.pt\/wp-content\/uploads\/2023\/10\/Constancia-300x200.jpeg 300w\" sizes=\"(max-width: 600px) 100vw, 600px\" \/>\t\t\t\t\t\t\t\t\t\t\t\t\t\t\t<\/div>\n\t\t\t\t<\/div>\n\t\t\t\t\t<\/div>\n\t\t<\/div>\n\t\t\t\t<div class=\"elementor-column elementor-col-50 elementor-inner-column elementor-element elementor-element-e10c69d\" data-id=\"e10c69d\" data-element_type=\"column\" data-e-type=\"column\">\n\t\t\t<div class=\"elementor-widget-wrap elementor-element-populated\">\n\t\t\t\t\t\t<div class=\"elementor-element elementor-element-c660e06 elementor-widget elementor-widget-google_maps\" data-id=\"c660e06\" data-element_type=\"widget\" data-e-type=\"widget\" data-widget_type=\"google_maps.default\">\n\t\t\t\t<div class=\"elementor-widget-container\">\n\t\t\t\t\t\t\t<div class=\"elementor-custom-embed\">\n\t\t\t<iframe loading=\"lazy\"\n\t\t\t\t\tsrc=\"https:\/\/maps.google.com\/maps?q=Const%C3%A2ncia%2C%20Portugal&#038;t=m&#038;z=11&#038;output=embed&#038;iwloc=near\"\n\t\t\t\t\ttitle=\"Const\u00e2ncia, Portugal\"\n\t\t\t\t\taria-label=\"Const\u00e2ncia, Portugal\"\n\t\t\t><\/iframe>\n\t\t<\/div>\n\t\t\t\t\t\t<\/div>\n\t\t\t\t<\/div>\n\t\t\t\t\t<\/div>\n\t\t<\/div>\n\t\t\t\t\t<\/div>\n\t\t<\/section>\n\t\t\t\t<section class=\"elementor-section elementor-inner-section elementor-element elementor-element-de37a1f elementor-section-boxed elementor-section-height-default elementor-section-height-default\" data-id=\"de37a1f\" data-element_type=\"section\" data-e-type=\"section\">\n\t\t\t\t\t\t<div class=\"elementor-container elementor-column-gap-default\">\n\t\t\t\t\t<div class=\"elementor-column elementor-col-100 elementor-inner-column elementor-element elementor-element-129e9a1\" data-id=\"129e9a1\" data-element_type=\"column\" data-e-type=\"column\">\n\t\t\t<div class=\"elementor-widget-wrap elementor-element-populated\">\n\t\t\t\t\t\t<div class=\"elementor-element elementor-element-7efd0f6 elementor-widget elementor-widget-text-editor\" data-id=\"7efd0f6\" data-element_type=\"widget\" data-e-type=\"widget\" data-widget_type=\"text-editor.default\">\n\t\t\t\t<div class=\"elementor-widget-container\">\n\t\t\t\t\t\t\t\t\t<p>Situ\u00e9e au confluent de deux fleuves &#8211; le Tage et le Z\u00eaz\u00e8re &#8211; Const\u00e2ncia se distingue par sa mer de maisons blanches, harmonieusement perch\u00e9es sur une colline.<br \/>La situation g\u00e9ographique de la ville a d\u00e9termin\u00e9 ses caract\u00e9ristiques. Au XIVe si\u00e8cle, Const\u00e2ncia \u00e9tait un port fluvial important et un entrep\u00f4t commercial tr\u00e8s recherch\u00e9.<\/p>\n\t\t\t\t\t\t\t\t<\/div>\n\t\t\t\t<\/div>\n\t\t\t\t\t<\/div>\n\t\t<\/div>\n\t\t\t\t\t<\/div>\n\t\t<\/section>\n\t\t\t\t<section class=\"elementor-section elementor-inner-section elementor-element elementor-element-7e62502 elementor-section-boxed elementor-section-height-default elementor-section-height-default\" data-id=\"7e62502\" data-element_type=\"section\" data-e-type=\"section\">\n\t\t\t\t\t\t<div class=\"elementor-container elementor-column-gap-default\">\n\t\t\t\t\t<div class=\"elementor-column elementor-col-50 elementor-inner-column elementor-element elementor-element-4d73b09\" data-id=\"4d73b09\" data-element_type=\"column\" data-e-type=\"column\">\n\t\t\t<div class=\"elementor-widget-wrap elementor-element-populated\">\n\t\t\t\t\t\t<div class=\"elementor-element elementor-element-5fd05ad elementor-widget elementor-widget-image\" data-id=\"5fd05ad\" data-element_type=\"widget\" data-e-type=\"widget\" data-widget_type=\"image.default\">\n\t\t\t\t<div class=\"elementor-widget-container\">\n\t\t\t\t\t\t\t\t\t\t\t\t\t\t\t<img decoding=\"async\" width=\"600\" height=\"400\" src=\"https:\/\/www.casario.pt\/wp-content\/uploads\/2023\/10\/Almourol2.jpg\" class=\"attachment-large size-large wp-image-4806\" alt=\"\" srcset=\"https:\/\/www.casario.pt\/wp-content\/uploads\/2023\/10\/Almourol2.jpg 600w, https:\/\/www.casario.pt\/wp-content\/uploads\/2023\/10\/Almourol2-300x200.jpg 300w\" sizes=\"(max-width: 600px) 100vw, 600px\" \/>\t\t\t\t\t\t\t\t\t\t\t\t\t\t\t<\/div>\n\t\t\t\t<\/div>\n\t\t\t\t\t<\/div>\n\t\t<\/div>\n\t\t\t\t<div class=\"elementor-column elementor-col-50 elementor-inner-column elementor-element elementor-element-8daba53\" data-id=\"8daba53\" data-element_type=\"column\" data-e-type=\"column\">\n\t\t\t<div class=\"elementor-widget-wrap elementor-element-populated\">\n\t\t\t\t\t\t<div class=\"elementor-element elementor-element-389339d elementor-widget elementor-widget-image\" data-id=\"389339d\" data-element_type=\"widget\" data-e-type=\"widget\" data-widget_type=\"image.default\">\n\t\t\t\t<div class=\"elementor-widget-container\">\n\t\t\t\t\t\t\t\t\t\t\t\t\t\t\t<img decoding=\"async\" width=\"600\" height=\"400\" src=\"https:\/\/www.casario.pt\/wp-content\/uploads\/2023\/10\/Kayak.jpg\" class=\"attachment-large size-large wp-image-4810\" alt=\"\" srcset=\"https:\/\/www.casario.pt\/wp-content\/uploads\/2023\/10\/Kayak.jpg 600w, https:\/\/www.casario.pt\/wp-content\/uploads\/2023\/10\/Kayak-300x200.jpg 300w\" sizes=\"(max-width: 600px) 100vw, 600px\" \/>\t\t\t\t\t\t\t\t\t\t\t\t\t\t\t<\/div>\n\t\t\t\t<\/div>\n\t\t\t\t\t<\/div>\n\t\t<\/div>\n\t\t\t\t\t<\/div>\n\t\t<\/section>\n\t\t\t\t<section class=\"elementor-section elementor-inner-section elementor-element elementor-element-af34963 elementor-section-boxed elementor-section-height-default elementor-section-height-default\" data-id=\"af34963\" data-element_type=\"section\" data-e-type=\"section\">\n\t\t\t\t\t\t<div class=\"elementor-container elementor-column-gap-default\">\n\t\t\t\t\t<div class=\"elementor-column elementor-col-50 elementor-inner-column elementor-element elementor-element-76790fc\" data-id=\"76790fc\" data-element_type=\"column\" data-e-type=\"column\">\n\t\t\t<div class=\"elementor-widget-wrap elementor-element-populated\">\n\t\t\t\t\t\t<div class=\"elementor-element elementor-element-d0ce7c1 elementor-widget elementor-widget-text-editor\" data-id=\"d0ce7c1\" data-element_type=\"widget\" data-e-type=\"widget\" data-widget_type=\"text-editor.default\">\n\t\t\t\t<div class=\"elementor-widget-container\">\n\t\t\t\t\t\t\t\t\t<p>Au milieu du Tage se trouve l&rsquo;\u00e9nigmatique ch\u00e2teau d&rsquo;Almourol, qui est l&rsquo;un des monuments les plus all\u00e9goriques de la Reconquista chr\u00e9tienne.<br \/>Le ch\u00e2teau de Castelo de Almourol est situ\u00e9 sur une petite \u00eele au milieu du fleuve Tage. C&rsquo;est l&rsquo;un des monuments les plus embl\u00e9matiques du Portugal en raison de son importance et du paysage qui l&rsquo;entoure.<br \/>Avec les ch\u00e2teaux de Tomar, de Z\u00eazere et de Cardiga, le ch\u00e2teau formait la ligne de d\u00e9fense du fleuve Tage.<br \/>Apr\u00e8s la dissolution de l&rsquo;ordre des Templiers et l&rsquo;abandon de la d\u00e9fense du territoire, le ch\u00e2teau est tomb\u00e9 dans l&rsquo;oubli jusqu&rsquo;au 19e si\u00e8cle. Il a ensuite \u00e9t\u00e9 restaur\u00e9 dans le style romantique et vous pouvez voir le r\u00e9sultat aujourd&rsquo;hui.<\/p>\n\t\t\t\t\t\t\t\t<\/div>\n\t\t\t\t<\/div>\n\t\t\t\t\t<\/div>\n\t\t<\/div>\n\t\t\t\t<div class=\"elementor-column elementor-col-50 elementor-inner-column elementor-element elementor-element-99eda27\" data-id=\"99eda27\" data-element_type=\"column\" data-e-type=\"column\">\n\t\t\t<div class=\"elementor-widget-wrap elementor-element-populated\">\n\t\t\t\t\t\t<div class=\"elementor-element elementor-element-8a65b38 elementor-widget elementor-widget-text-editor\" data-id=\"8a65b38\" data-element_type=\"widget\" data-e-type=\"widget\" data-widget_type=\"text-editor.default\">\n\t\t\t\t<div class=\"elementor-widget-container\">\n\t\t\t\t\t\t\t\t\t<p>Excursion en cano\u00eb-kayak<\/p>\n<p>Le Rio Nab\u00e3o, plus petit que le Z\u00eazere, se jette dans l&rsquo;eau au d\u00e9but de cette route. Il est possible d&rsquo;observer de nombreux animaux, poissons et oiseaux le long du chemin.<\/p>\n<p>L&rsquo;itin\u00e9raire se termine \u00e0 <strong>Vila de Const\u00e2ncia<\/strong> avant que la rivi\u00e8re Z\u00eazere ne se jette dans le Tage. Il est d\u00e9conseill\u00e9 aux jeunes enfants d&#8217;emprunter cette voie.<\/p>\n<p>D&rsquo;autres itin\u00e9raires sont possibles.<\/p>\n\t\t\t\t\t\t\t\t<\/div>\n\t\t\t\t<\/div>\n\t\t\t\t\t<\/div>\n\t\t<\/div>\n\t\t\t\t\t<\/div>\n\t\t<\/section>\n\t\t\t\t\t<\/div>\n\t\t<\/div>\n\t\t\t\t\t<\/div>\n\t\t<\/section>\n\t\t\t\t<\/div>\n\t\t","protected":false},"excerpt":{"rendered":"<p>Const\u00e2ncia &amp; Castelo de Almourol 25 km Situ\u00e9e au confluent de deux fleuves &#8211; le Tage et le Z\u00eaz\u00e8re &#8211; Const\u00e2ncia se distingue par sa mer de maisons blanches, harmonieusement perch\u00e9es sur une colline.La situation g\u00e9ographique de la ville a d\u00e9termin\u00e9 ses caract\u00e9ristiques. Au XIVe si\u00e8cle, Const\u00e2ncia \u00e9tait un port fluvial important et un entrep\u00f4t [&hellip;]<\/p>\n","protected":false},"author":1,"featured_media":0,"parent":0,"menu_order":0,"comment_status":"closed","ping_status":"closed","template":"elementor_header_footer","meta":{"footnotes":""},"class_list":["post-5023","page","type-page","status-publish","hentry"],"_links":{"self":[{"href":"https:\/\/www.casario.pt\/fr\/wp-json\/wp\/v2\/pages\/5023"}],"collection":[{"href":"https:\/\/www.casario.pt\/fr\/wp-json\/wp\/v2\/pages"}],"about":[{"href":"https:\/\/www.casario.pt\/fr\/wp-json\/wp\/v2\/types\/page"}],"author":[{"embeddable":true,"href":"https:\/\/www.casario.pt\/fr\/wp-json\/wp\/v2\/users\/1"}],"replies":[{"embeddable":true,"href":"https:\/\/www.casario.pt\/fr\/wp-json\/wp\/v2\/comments?post=5023"}],"version-history":[{"count":2,"href":"https:\/\/www.casario.pt\/fr\/wp-json\/wp\/v2\/pages\/5023\/revisions"}],"predecessor-version":[{"id":5042,"href":"https:\/\/www.casario.pt\/fr\/wp-json\/wp\/v2\/pages\/5023\/revisions\/5042"}],"wp:attachment":[{"href":"https:\/\/www.casario.pt\/fr\/wp-json\/wp\/v2\/media?parent=5023"}],"curies":[{"name":"wp","href":"https:\/\/api.w.org\/{rel}","templated":true}]}}