{"id":5077,"date":"2024-04-24T11:45:57","date_gmt":"2024-04-24T09:45:57","guid":{"rendered":"https:\/\/www.casario.pt\/dornes\/"},"modified":"2024-04-24T11:46:29","modified_gmt":"2024-04-24T09:46:29","slug":"dornes","status":"publish","type":"page","link":"https:\/\/www.casario.pt\/fr\/dornes\/","title":{"rendered":"Dornes"},"content":{"rendered":"\t\t<div data-elementor-type=\"wp-page\" data-elementor-id=\"5077\" class=\"elementor elementor-5077 elementor-5050\" data-elementor-post-type=\"page\">\n\t\t\t\t\t\t<section class=\"elementor-section elementor-top-section elementor-element elementor-element-8e693e1 elementor-section-boxed elementor-section-height-default elementor-section-height-default\" data-id=\"8e693e1\" data-element_type=\"section\" data-e-type=\"section\" data-settings=\"{&quot;background_background&quot;:&quot;classic&quot;}\">\n\t\t\t\t\t\t<div class=\"elementor-container elementor-column-gap-default\">\n\t\t\t\t\t<div class=\"elementor-column elementor-col-100 elementor-top-column elementor-element elementor-element-780dd4b\" data-id=\"780dd4b\" data-element_type=\"column\" data-e-type=\"column\">\n\t\t\t<div class=\"elementor-widget-wrap elementor-element-populated\">\n\t\t\t\t\t\t<div class=\"elementor-element elementor-element-7ac36b1 elementor-widget elementor-widget-heading\" data-id=\"7ac36b1\" data-element_type=\"widget\" data-e-type=\"widget\" data-widget_type=\"heading.default\">\n\t\t\t\t<div class=\"elementor-widget-container\">\n\t\t\t\t\t<h3 class=\"elementor-heading-title elementor-size-default\">Dornes<\/h3>\t\t\t\t<\/div>\n\t\t\t\t<\/div>\n\t\t\t\t<div class=\"elementor-element elementor-element-4101628 elementor-widget elementor-widget-text-editor\" data-id=\"4101628\" data-element_type=\"widget\" data-e-type=\"widget\" data-widget_type=\"text-editor.default\">\n\t\t\t\t<div class=\"elementor-widget-container\">\n\t\t\t\t\t\t\t\t\t<p style=\"text-align: center;\">22 km<\/p>\n\t\t\t\t\t\t\t\t<\/div>\n\t\t\t\t<\/div>\n\t\t\t\t<section class=\"elementor-section elementor-inner-section elementor-element elementor-element-b182c51 elementor-section-boxed elementor-section-height-default elementor-section-height-default\" data-id=\"b182c51\" data-element_type=\"section\" data-e-type=\"section\">\n\t\t\t\t\t\t<div class=\"elementor-container elementor-column-gap-default\">\n\t\t\t\t\t<div class=\"elementor-column elementor-col-50 elementor-inner-column elementor-element elementor-element-1941f5d\" data-id=\"1941f5d\" data-element_type=\"column\" data-e-type=\"column\">\n\t\t\t<div class=\"elementor-widget-wrap elementor-element-populated\">\n\t\t\t\t\t\t<div class=\"elementor-element elementor-element-1274c97 elementor-widget elementor-widget-image\" data-id=\"1274c97\" data-element_type=\"widget\" data-e-type=\"widget\" data-widget_type=\"image.default\">\n\t\t\t\t<div class=\"elementor-widget-container\">\n\t\t\t\t\t\t\t\t\t\t\t\t\t\t\t<img fetchpriority=\"high\" decoding=\"async\" width=\"800\" height=\"534\" src=\"https:\/\/www.casario.pt\/wp-content\/uploads\/2024\/04\/Dornes-6-1664279446-1024x683.jpg\" class=\"attachment-large size-large wp-image-5060\" alt=\"\" srcset=\"https:\/\/www.casario.pt\/wp-content\/uploads\/2024\/04\/Dornes-6-1664279446-1024x683.jpg 1024w, https:\/\/www.casario.pt\/wp-content\/uploads\/2024\/04\/Dornes-6-1664279446-300x200.jpg 300w, https:\/\/www.casario.pt\/wp-content\/uploads\/2024\/04\/Dornes-6-1664279446-768x512.jpg 768w, https:\/\/www.casario.pt\/wp-content\/uploads\/2024\/04\/Dornes-6-1664279446.jpg 1200w\" sizes=\"(max-width: 800px) 100vw, 800px\" \/>\t\t\t\t\t\t\t\t\t\t\t\t\t\t\t<\/div>\n\t\t\t\t<\/div>\n\t\t\t\t\t<\/div>\n\t\t<\/div>\n\t\t\t\t<div class=\"elementor-column elementor-col-50 elementor-inner-column elementor-element elementor-element-e10c69d\" data-id=\"e10c69d\" data-element_type=\"column\" data-e-type=\"column\">\n\t\t\t<div class=\"elementor-widget-wrap elementor-element-populated\">\n\t\t\t\t\t\t<div class=\"elementor-element elementor-element-c660e06 elementor-widget elementor-widget-google_maps\" data-id=\"c660e06\" data-element_type=\"widget\" data-e-type=\"widget\" data-widget_type=\"google_maps.default\">\n\t\t\t\t<div class=\"elementor-widget-container\">\n\t\t\t\t\t\t\t<div class=\"elementor-custom-embed\">\n\t\t\t<iframe loading=\"lazy\"\n\t\t\t\t\tsrc=\"https:\/\/maps.google.com\/maps?q=Dornes%2C%20Portugal&#038;t=m&#038;z=11&#038;output=embed&#038;iwloc=near\"\n\t\t\t\t\ttitle=\"Dornes, Portugal\"\n\t\t\t\t\taria-label=\"Dornes, Portugal\"\n\t\t\t><\/iframe>\n\t\t<\/div>\n\t\t\t\t\t\t<\/div>\n\t\t\t\t<\/div>\n\t\t\t\t\t<\/div>\n\t\t<\/div>\n\t\t\t\t\t<\/div>\n\t\t<\/section>\n\t\t\t\t<section class=\"elementor-section elementor-inner-section elementor-element elementor-element-de37a1f elementor-section-boxed elementor-section-height-default elementor-section-height-default\" data-id=\"de37a1f\" data-element_type=\"section\" data-e-type=\"section\">\n\t\t\t\t\t\t<div class=\"elementor-container elementor-column-gap-default\">\n\t\t\t\t\t<div class=\"elementor-column elementor-col-100 elementor-inner-column elementor-element elementor-element-129e9a1\" data-id=\"129e9a1\" data-element_type=\"column\" data-e-type=\"column\">\n\t\t\t<div class=\"elementor-widget-wrap elementor-element-populated\">\n\t\t\t\t\t\t<div class=\"elementor-element elementor-element-7efd0f6 elementor-widget elementor-widget-text-editor\" data-id=\"7efd0f6\" data-element_type=\"widget\" data-e-type=\"widget\" data-widget_type=\"text-editor.default\">\n\t\t\t\t<div class=\"elementor-widget-container\">\n\t\t\t\t\t\t\t\t\t<p>Magnifiquement enlac\u00e9 par la rivi\u00e8re Z\u00eaz\u00e8re, Dornes est un village pittoresque o\u00f9 le temps s&rsquo;est arr\u00eat\u00e9. Un lieu enchanteur \u00e0 d\u00e9couvrir hors des sentiers battus, situ\u00e9 dans la zone nord du barrage de Castelo de Bode, \u00e0 20 minutes de Bairradinha.<\/p>\n\t\t\t\t\t\t\t\t<\/div>\n\t\t\t\t<\/div>\n\t\t\t\t\t<\/div>\n\t\t<\/div>\n\t\t\t\t\t<\/div>\n\t\t<\/section>\n\t\t\t\t<section class=\"elementor-section elementor-inner-section elementor-element elementor-element-7e62502 elementor-section-boxed elementor-section-height-default elementor-section-height-default\" data-id=\"7e62502\" data-element_type=\"section\" data-e-type=\"section\">\n\t\t\t\t\t\t<div class=\"elementor-container elementor-column-gap-default\">\n\t\t\t\t\t<div class=\"elementor-column elementor-col-50 elementor-inner-column elementor-element elementor-element-4d73b09\" data-id=\"4d73b09\" data-element_type=\"column\" data-e-type=\"column\">\n\t\t\t<div class=\"elementor-widget-wrap elementor-element-populated\">\n\t\t\t\t\t\t<div class=\"elementor-element elementor-element-5fd05ad elementor-widget elementor-widget-image\" data-id=\"5fd05ad\" data-element_type=\"widget\" data-e-type=\"widget\" data-widget_type=\"image.default\">\n\t\t\t\t<div class=\"elementor-widget-container\">\n\t\t\t\t\t\t\t\t\t\t\t\t\t\t\t<img decoding=\"async\" width=\"800\" height=\"534\" src=\"https:\/\/www.casario.pt\/wp-content\/uploads\/2024\/04\/dornes3-1-1024x683.jpg\" class=\"attachment-large size-large wp-image-5087\" alt=\"\" srcset=\"https:\/\/www.casario.pt\/wp-content\/uploads\/2024\/04\/dornes3-1-1024x683.jpg 1024w, https:\/\/www.casario.pt\/wp-content\/uploads\/2024\/04\/dornes3-1-300x200.jpg 300w, https:\/\/www.casario.pt\/wp-content\/uploads\/2024\/04\/dornes3-1-768x512.jpg 768w, https:\/\/www.casario.pt\/wp-content\/uploads\/2024\/04\/dornes3-1.jpg 1200w\" sizes=\"(max-width: 800px) 100vw, 800px\" \/>\t\t\t\t\t\t\t\t\t\t\t\t\t\t\t<\/div>\n\t\t\t\t<\/div>\n\t\t\t\t\t<\/div>\n\t\t<\/div>\n\t\t\t\t<div class=\"elementor-column elementor-col-50 elementor-inner-column elementor-element elementor-element-8daba53\" data-id=\"8daba53\" data-element_type=\"column\" data-e-type=\"column\">\n\t\t\t<div class=\"elementor-widget-wrap elementor-element-populated\">\n\t\t\t\t\t\t<div class=\"elementor-element elementor-element-389339d elementor-widget elementor-widget-image\" data-id=\"389339d\" data-element_type=\"widget\" data-e-type=\"widget\" data-widget_type=\"image.default\">\n\t\t\t\t<div class=\"elementor-widget-container\">\n\t\t\t\t\t\t\t\t\t\t\t\t\t\t\t<img decoding=\"async\" width=\"800\" height=\"534\" src=\"https:\/\/www.casario.pt\/wp-content\/uploads\/2024\/04\/1-Vista-aerea-do-Santuario-de-Nossa-Sra-do-Pran.original-1024x683.jpg\" class=\"attachment-large size-large wp-image-5072\" alt=\"\" srcset=\"https:\/\/www.casario.pt\/wp-content\/uploads\/2024\/04\/1-Vista-aerea-do-Santuario-de-Nossa-Sra-do-Pran.original-1024x683.jpg 1024w, https:\/\/www.casario.pt\/wp-content\/uploads\/2024\/04\/1-Vista-aerea-do-Santuario-de-Nossa-Sra-do-Pran.original-300x200.jpg 300w, https:\/\/www.casario.pt\/wp-content\/uploads\/2024\/04\/1-Vista-aerea-do-Santuario-de-Nossa-Sra-do-Pran.original-768x512.jpg 768w, https:\/\/www.casario.pt\/wp-content\/uploads\/2024\/04\/1-Vista-aerea-do-Santuario-de-Nossa-Sra-do-Pran.original.jpg 1200w\" sizes=\"(max-width: 800px) 100vw, 800px\" \/>\t\t\t\t\t\t\t\t\t\t\t\t\t\t\t<\/div>\n\t\t\t\t<\/div>\n\t\t\t\t\t<\/div>\n\t\t<\/div>\n\t\t\t\t\t<\/div>\n\t\t<\/section>\n\t\t\t\t<section class=\"elementor-section elementor-inner-section elementor-element elementor-element-af34963 elementor-section-boxed elementor-section-height-default elementor-section-height-default\" data-id=\"af34963\" data-element_type=\"section\" data-e-type=\"section\">\n\t\t\t\t\t\t<div class=\"elementor-container elementor-column-gap-default\">\n\t\t\t\t\t<div class=\"elementor-column elementor-col-50 elementor-inner-column elementor-element elementor-element-76790fc\" data-id=\"76790fc\" data-element_type=\"column\" data-e-type=\"column\">\n\t\t\t<div class=\"elementor-widget-wrap elementor-element-populated\">\n\t\t\t\t\t\t<div class=\"elementor-element elementor-element-d0ce7c1 elementor-widget elementor-widget-text-editor\" data-id=\"d0ce7c1\" data-element_type=\"widget\" data-e-type=\"widget\" data-widget_type=\"text-editor.default\">\n\t\t\t\t<div class=\"elementor-widget-container\">\n\t\t\t\t\t\t\t\t\t<p>Consid\u00e9r\u00e9 comme l&rsquo;un des plus beaux villages fluviaux du Portugal, Dornes frappe les visiteurs par sa beaut\u00e9 \u00e0 couper le souffle. L&rsquo;histoire de Dornes remonte \u00e0 la fondation du Portugal, profond\u00e9ment li\u00e9e \u00e0 l&rsquo;ordre des Templiers au Portugal.<\/p>\n\t\t\t\t\t\t\t\t<\/div>\n\t\t\t\t<\/div>\n\t\t\t\t\t<\/div>\n\t\t<\/div>\n\t\t\t\t<div class=\"elementor-column elementor-col-50 elementor-inner-column elementor-element elementor-element-99eda27\" data-id=\"99eda27\" data-element_type=\"column\" data-e-type=\"column\">\n\t\t\t<div class=\"elementor-widget-wrap elementor-element-populated\">\n\t\t\t\t\t\t<div class=\"elementor-element elementor-element-8a65b38 elementor-widget elementor-widget-text-editor\" data-id=\"8a65b38\" data-element_type=\"widget\" data-e-type=\"widget\" data-widget_type=\"text-editor.default\">\n\t\t\t\t<div class=\"elementor-widget-container\">\n\t\t\t\t\t\t\t\t\t<p>Aujourd&rsquo;hui, Dornes est une destination accueillante pour le petit tourisme, id\u00e9ale pour les visites culturelles ou les sports nautiques. \u00c0 Dornes, ne manquez pas de visiter la tour pentagonale, qui aurait \u00e9t\u00e9 construite par les Templiers pour surveiller la ligne de d\u00e9fense du Z\u00eazere, ainsi que l&rsquo;\u00e9glise Nossa Senhora do Pranto, datant du XVe si\u00e8cle.<\/p>\n\t\t\t\t\t\t\t\t<\/div>\n\t\t\t\t<\/div>\n\t\t\t\t\t<\/div>\n\t\t<\/div>\n\t\t\t\t\t<\/div>\n\t\t<\/section>\n\t\t\t\t\t<\/div>\n\t\t<\/div>\n\t\t\t\t\t<\/div>\n\t\t<\/section>\n\t\t\t\t<\/div>\n\t\t","protected":false},"excerpt":{"rendered":"<p>Dornes 22 km Magnifiquement enlac\u00e9 par la rivi\u00e8re Z\u00eaz\u00e8re, Dornes est un village pittoresque o\u00f9 le temps s&rsquo;est arr\u00eat\u00e9. Un lieu enchanteur \u00e0 d\u00e9couvrir hors des sentiers battus, situ\u00e9 dans la zone nord du barrage de Castelo de Bode, \u00e0 20 minutes de Bairradinha. Consid\u00e9r\u00e9 comme l&rsquo;un des plus beaux villages fluviaux du Portugal, Dornes [&hellip;]<\/p>\n","protected":false},"author":1,"featured_media":0,"parent":0,"menu_order":0,"comment_status":"closed","ping_status":"closed","template":"elementor_header_footer","meta":{"footnotes":""},"class_list":["post-5077","page","type-page","status-publish","hentry"],"_links":{"self":[{"href":"https:\/\/www.casario.pt\/fr\/wp-json\/wp\/v2\/pages\/5077"}],"collection":[{"href":"https:\/\/www.casario.pt\/fr\/wp-json\/wp\/v2\/pages"}],"about":[{"href":"https:\/\/www.casario.pt\/fr\/wp-json\/wp\/v2\/types\/page"}],"author":[{"embeddable":true,"href":"https:\/\/www.casario.pt\/fr\/wp-json\/wp\/v2\/users\/1"}],"replies":[{"embeddable":true,"href":"https:\/\/www.casario.pt\/fr\/wp-json\/wp\/v2\/comments?post=5077"}],"version-history":[{"count":4,"href":"https:\/\/www.casario.pt\/fr\/wp-json\/wp\/v2\/pages\/5077\/revisions"}],"predecessor-version":[{"id":5093,"href":"https:\/\/www.casario.pt\/fr\/wp-json\/wp\/v2\/pages\/5077\/revisions\/5093"}],"wp:attachment":[{"href":"https:\/\/www.casario.pt\/fr\/wp-json\/wp\/v2\/media?parent=5077"}],"curies":[{"name":"wp","href":"https:\/\/api.w.org\/{rel}","templated":true}]}}