{"id":1608,"date":"2022-04-25T07:50:23","date_gmt":"2022-04-25T05:50:23","guid":{"rendered":"https:\/\/www.casario.pt\/inicio\/"},"modified":"2023-11-16T15:43:41","modified_gmt":"2023-11-16T14:43:41","slug":"inicio","status":"publish","type":"page","link":"https:\/\/www.casario.pt\/pt-pt\/","title":{"rendered":"In\u00edcio"},"content":{"rendered":"\t\t<div data-elementor-type=\"wp-post\" data-elementor-id=\"1608\" class=\"elementor elementor-1608 elementor-9\" data-elementor-post-type=\"page\">\n\t\t\t\t\t\t<section class=\"elementor-section elementor-top-section elementor-element elementor-element-9f554f1 elementor-section-boxed elementor-section-height-default elementor-section-height-default elementor-invisible\" data-id=\"9f554f1\" data-element_type=\"section\" data-e-type=\"section\" data-settings=\"{&quot;animation&quot;:&quot;slideInUp&quot;}\">\n\t\t\t\t\t\t<div class=\"elementor-container elementor-column-gap-default\">\n\t\t\t\t\t<div class=\"elementor-column elementor-col-100 elementor-top-column elementor-element elementor-element-669e068\" data-id=\"669e068\" data-element_type=\"column\" data-e-type=\"column\" data-settings=\"{&quot;background_background&quot;:&quot;classic&quot;}\">\n\t\t\t<div class=\"elementor-widget-wrap elementor-element-populated\">\n\t\t\t\t\t\t<div class=\"elementor-element elementor-element-e70517c animated-slow elementor-invisible elementor-widget elementor-widget-text-editor\" data-id=\"e70517c\" data-element_type=\"widget\" data-e-type=\"widget\" data-settings=\"{&quot;_animation&quot;:&quot;fadeIn&quot;,&quot;_animation_delay&quot;:500}\" data-widget_type=\"text-editor.default\">\n\t\t\t\t<div class=\"elementor-widget-container\">\n\t\t\t\t\t\t\t\t\t<p class=\"p1\"><span class=\"s1\">As nossas casas de f\u00e9rias est\u00e3o localizadas no centro de Portuga,<br \/><\/span> <span class=\"s1\">la base ideal para descobrir este belo pa\u00eds.<\/span><\/p>\n\t\t\t\t\t\t\t\t<\/div>\n\t\t\t\t<\/div>\n\t\t\t\t<div class=\"elementor-element elementor-element-74aac42 animated-slow elementor-invisible elementor-widget elementor-widget-text-editor\" data-id=\"74aac42\" data-element_type=\"widget\" data-e-type=\"widget\" data-settings=\"{&quot;_animation&quot;:&quot;fadeIn&quot;,&quot;_animation_delay&quot;:500}\" data-widget_type=\"text-editor.default\">\n\t\t\t\t<div class=\"elementor-widget-container\">\n\t\t\t\t\t\t\t\t\t<p style=\"text-align: justify;\">Entre o Ribatejo, os pinhais e as montanhas do <strong>centro de Portugal<\/strong>, perto da <strong>lagoa azul<\/strong> de Albufeira fica Ferreira Do Z\u00eazere, atravessada pelo rio <strong>O Rio Z\u00eazere<\/strong>.<\/p>\n<p style=\"text-align: justify;\">Por causa da barragem de Castello de Bode, o rio formou v\u00e1rios meandros que se parecem mais com um lago. O &#8220;Lago Azul&#8221; n\u00e3o est\u00e1, portanto, certamente fora do lugar. Nadar, apanhar sol, pescar, praticar desportos aqu\u00e1ticos e desfrutar &#8230;<\/p>\n<p style=\"text-align: justify;\">Terra de <strong>colinas e vales<\/strong> onde a beleza \u00e9 exibida em cada detalhe e o tempo parece ter ficado parado. Aqui h\u00e1 <strong>sil\u00eancio e paz<\/strong>, um sil\u00eancio quebrado apenas pelas aves e o murm\u00fario da \u00e1gua e do vento. Enormes e <strong>cintilantes \u00e1guas<\/strong> s\u00e3o ladeadas por <strong>montanhas verdes<\/strong>, esta \u00e9 Ferreira do Z\u00eazere.<\/p>\t\t\t\t\t\t\t\t<\/div>\n\t\t\t\t<\/div>\n\t\t\t\t<section class=\"elementor-section elementor-inner-section elementor-element elementor-element-3fbb1bf animated-slow elementor-section-boxed elementor-section-height-default elementor-section-height-default elementor-invisible\" data-id=\"3fbb1bf\" data-element_type=\"section\" data-e-type=\"section\" data-settings=\"{&quot;background_background&quot;:&quot;classic&quot;,&quot;animation&quot;:&quot;fadeInLeft&quot;,&quot;animation_mobile&quot;:&quot;fadeInLeft&quot;,&quot;animation_delay&quot;:750}\">\n\t\t\t\t\t\t<div class=\"elementor-container elementor-column-gap-default\">\n\t\t\t\t\t<div class=\"elementor-column elementor-col-100 elementor-inner-column elementor-element elementor-element-7e968e5\" data-id=\"7e968e5\" data-element_type=\"column\" data-e-type=\"column\">\n\t\t\t<div class=\"elementor-widget-wrap elementor-element-populated\">\n\t\t\t\t\t\t<div class=\"elementor-element elementor-element-cb83af9 elementor-widget elementor-widget-text-editor\" data-id=\"cb83af9\" data-element_type=\"widget\" data-e-type=\"widget\" data-widget_type=\"text-editor.default\">\n\t\t\t\t<div class=\"elementor-widget-container\">\n\t\t\t\t\t\t\t\t\t<p>A <strong>Casa Rio<\/strong> est\u00e1 localizada na Bairradinha, no <strong>rio Z\u00eazere<\/strong>. <br \/>A praia fluvial fica a 6 minutos a p\u00e9.<br \/>A casa foi completamente renovada em 2022 em <strong>2 \u00e1reas completamente equipadas \u201cAmalia\u201d<\/strong> (6 pessoas) e <strong>\u201cSaramago\u201d<\/strong> (6 pessoas)<span style=\"color: #ffffff;\">.<\/span><\/p>\n\t\t\t\t\t\t\t\t<\/div>\n\t\t\t\t<\/div>\n\t\t\t\t\t<\/div>\n\t\t<\/div>\n\t\t\t\t\t<\/div>\n\t\t<\/section>\n\t\t\t\t<div class=\"elementor-element elementor-element-b9c7beb elementor-widget elementor-widget-image\" data-id=\"b9c7beb\" data-element_type=\"widget\" data-e-type=\"widget\" data-settings=\"{&quot;motion_fx_motion_fx_scrolling&quot;:&quot;yes&quot;,&quot;motion_fx_opacity_effect&quot;:&quot;yes&quot;,&quot;motion_fx_opacity_range&quot;:{&quot;unit&quot;:&quot;%&quot;,&quot;size&quot;:&quot;&quot;,&quot;sizes&quot;:{&quot;start&quot;:0,&quot;end&quot;:30}},&quot;motion_fx_opacity_level&quot;:{&quot;unit&quot;:&quot;px&quot;,&quot;size&quot;:3.6,&quot;sizes&quot;:[]},&quot;motion_fx_opacity_direction&quot;:&quot;out-in&quot;,&quot;motion_fx_devices&quot;:[&quot;desktop&quot;,&quot;tablet&quot;,&quot;mobile&quot;]}\" data-widget_type=\"image.default\">\n\t\t\t\t<div class=\"elementor-widget-container\">\n\t\t\t\t\t\t\t\t\t\t\t\t\t\t\t<img fetchpriority=\"high\" decoding=\"async\" width=\"800\" height=\"534\" src=\"https:\/\/www.casario.pt\/wp-content\/uploads\/2023\/09\/Amalia-terras-C-1024x683.jpg\" class=\"attachment-large size-large wp-image-4102\" alt=\"\" srcset=\"https:\/\/www.casario.pt\/wp-content\/uploads\/2023\/09\/Amalia-terras-C-1024x683.jpg 1024w, https:\/\/www.casario.pt\/wp-content\/uploads\/2023\/09\/Amalia-terras-C-300x200.jpg 300w, https:\/\/www.casario.pt\/wp-content\/uploads\/2023\/09\/Amalia-terras-C-768x512.jpg 768w, https:\/\/www.casario.pt\/wp-content\/uploads\/2023\/09\/Amalia-terras-C-1536x1024.jpg 1536w, https:\/\/www.casario.pt\/wp-content\/uploads\/2023\/09\/Amalia-terras-C-2048x1365.jpg 2048w\" sizes=\"(max-width: 800px) 100vw, 800px\" \/>\t\t\t\t\t\t\t\t\t\t\t\t\t\t\t<\/div>\n\t\t\t\t<\/div>\n\t\t\t\t<div class=\"elementor-element elementor-element-550e1be elementor-widget elementor-widget-image\" data-id=\"550e1be\" data-element_type=\"widget\" data-e-type=\"widget\" data-settings=\"{&quot;motion_fx_motion_fx_scrolling&quot;:&quot;yes&quot;,&quot;motion_fx_opacity_effect&quot;:&quot;yes&quot;,&quot;motion_fx_opacity_range&quot;:{&quot;unit&quot;:&quot;%&quot;,&quot;size&quot;:&quot;&quot;,&quot;sizes&quot;:{&quot;start&quot;:0,&quot;end&quot;:43}},&quot;motion_fx_opacity_direction&quot;:&quot;out-in&quot;,&quot;motion_fx_opacity_level&quot;:{&quot;unit&quot;:&quot;px&quot;,&quot;size&quot;:10,&quot;sizes&quot;:[]},&quot;motion_fx_devices&quot;:[&quot;desktop&quot;,&quot;tablet&quot;,&quot;mobile&quot;]}\" data-widget_type=\"image.default\">\n\t\t\t\t<div class=\"elementor-widget-container\">\n\t\t\t\t\t\t\t\t\t\t\t\t\t\t\t<img decoding=\"async\" width=\"800\" height=\"534\" src=\"https:\/\/www.casario.pt\/wp-content\/uploads\/2023\/09\/Amalia-terras-A-1024x683.jpg\" class=\"attachment-large size-large wp-image-4094\" alt=\"\" srcset=\"https:\/\/www.casario.pt\/wp-content\/uploads\/2023\/09\/Amalia-terras-A-1024x683.jpg 1024w, https:\/\/www.casario.pt\/wp-content\/uploads\/2023\/09\/Amalia-terras-A-300x200.jpg 300w, https:\/\/www.casario.pt\/wp-content\/uploads\/2023\/09\/Amalia-terras-A-768x512.jpg 768w, https:\/\/www.casario.pt\/wp-content\/uploads\/2023\/09\/Amalia-terras-A-1536x1024.jpg 1536w, https:\/\/www.casario.pt\/wp-content\/uploads\/2023\/09\/Amalia-terras-A-2048x1365.jpg 2048w\" sizes=\"(max-width: 800px) 100vw, 800px\" \/>\t\t\t\t\t\t\t\t\t\t\t\t\t\t\t<\/div>\n\t\t\t\t<\/div>\n\t\t\t\t\t<\/div>\n\t\t<\/div>\n\t\t\t\t\t<\/div>\n\t\t<\/section>\n\t\t\t\t<\/div>\n\t\t","protected":false},"excerpt":{"rendered":"<p>As nossas casas de f\u00e9rias est\u00e3o localizadas no centro de Portuga, la base ideal para descobrir este belo pa\u00eds. Entre o Ribatejo, os pinhais e as montanhas do centro de Portugal, perto da lagoa azul de Albufeira fica Ferreira Do Z\u00eazere, atravessada pelo rio O Rio Z\u00eazere. Por causa da barragem de Castello de Bode, [&hellip;]<\/p>\n","protected":false},"author":1,"featured_media":0,"parent":0,"menu_order":0,"comment_status":"closed","ping_status":"closed","template":"elementor_header_footer","meta":{"footnotes":""},"class_list":["post-1608","page","type-page","status-publish","hentry"],"_links":{"self":[{"href":"https:\/\/www.casario.pt\/pt-pt\/wp-json\/wp\/v2\/pages\/1608"}],"collection":[{"href":"https:\/\/www.casario.pt\/pt-pt\/wp-json\/wp\/v2\/pages"}],"about":[{"href":"https:\/\/www.casario.pt\/pt-pt\/wp-json\/wp\/v2\/types\/page"}],"author":[{"embeddable":true,"href":"https:\/\/www.casario.pt\/pt-pt\/wp-json\/wp\/v2\/users\/1"}],"replies":[{"embeddable":true,"href":"https:\/\/www.casario.pt\/pt-pt\/wp-json\/wp\/v2\/comments?post=1608"}],"version-history":[{"count":28,"href":"https:\/\/www.casario.pt\/pt-pt\/wp-json\/wp\/v2\/pages\/1608\/revisions"}],"predecessor-version":[{"id":4870,"href":"https:\/\/www.casario.pt\/pt-pt\/wp-json\/wp\/v2\/pages\/1608\/revisions\/4870"}],"wp:attachment":[{"href":"https:\/\/www.casario.pt\/pt-pt\/wp-json\/wp\/v2\/media?parent=1608"}],"curies":[{"name":"wp","href":"https:\/\/api.w.org\/{rel}","templated":true}]}}