{"id":1755,"date":"2023-01-12T14:44:28","date_gmt":"2023-01-12T13:44:28","guid":{"rendered":"https:\/\/www.casario.pt\/amalia\/"},"modified":"2024-04-24T10:00:08","modified_gmt":"2024-04-24T08:00:08","slug":"amalia","status":"publish","type":"page","link":"https:\/\/www.casario.pt\/pt-pt\/amalia\/","title":{"rendered":"Am\u00e1lia"},"content":{"rendered":"\t\t<div data-elementor-type=\"wp-page\" data-elementor-id=\"1755\" class=\"elementor elementor-1755 elementor-964\" data-elementor-post-type=\"page\">\n\t\t\t\t\t\t<section class=\"elementor-section elementor-top-section elementor-element elementor-element-b4509b1 animated-slow elementor-section-boxed elementor-section-height-default elementor-section-height-default elementor-invisible\" data-id=\"b4509b1\" data-element_type=\"section\" data-e-type=\"section\" data-settings=\"{&quot;animation&quot;:&quot;fadeIn&quot;,&quot;animation_delay&quot;:0}\">\n\t\t\t\t\t\t\t<div class=\"elementor-background-overlay\"><\/div>\n\t\t\t\t\t\t\t<div class=\"elementor-container elementor-column-gap-default\">\n\t\t\t\t\t<div class=\"elementor-column elementor-col-100 elementor-top-column elementor-element elementor-element-b9cf26c\" data-id=\"b9cf26c\" data-element_type=\"column\" data-e-type=\"column\">\n\t\t\t<div class=\"elementor-widget-wrap elementor-element-populated\">\n\t\t\t\t\t\t<div class=\"elementor-element elementor-element-d9605fe elementor-widget elementor-widget-image\" data-id=\"d9605fe\" data-element_type=\"widget\" data-e-type=\"widget\" data-widget_type=\"image.default\">\n\t\t\t\t<div class=\"elementor-widget-container\">\n\t\t\t\t\t\t\t\t\t\t\t\t\t\t\t<img fetchpriority=\"high\" decoding=\"async\" width=\"768\" height=\"461\" src=\"https:\/\/www.casario.pt\/wp-content\/uploads\/2023\/06\/Amalia-2-768x461.png\" class=\"attachment-medium_large size-medium_large wp-image-3429\" alt=\"\" srcset=\"https:\/\/www.casario.pt\/wp-content\/uploads\/2023\/06\/Amalia-2-768x461.png 768w, https:\/\/www.casario.pt\/wp-content\/uploads\/2023\/06\/Amalia-2-300x180.png 300w, https:\/\/www.casario.pt\/wp-content\/uploads\/2023\/06\/Amalia-2-933x560.png 933w, https:\/\/www.casario.pt\/wp-content\/uploads\/2023\/06\/Amalia-2.png 1000w\" sizes=\"(max-width: 768px) 100vw, 768px\" \/>\t\t\t\t\t\t\t\t\t\t\t\t\t\t\t<\/div>\n\t\t\t\t<\/div>\n\t\t\t\t\t<\/div>\n\t\t<\/div>\n\t\t\t\t\t<\/div>\n\t\t<\/section>\n\t\t\t\t<section class=\"elementor-section elementor-top-section elementor-element elementor-element-a0f39c2 animated-slow elementor-reverse-mobile elementor-section-boxed elementor-section-height-default elementor-section-height-default elementor-invisible\" data-id=\"a0f39c2\" data-element_type=\"section\" data-e-type=\"section\" data-settings=\"{&quot;animation&quot;:&quot;fadeInUp&quot;,&quot;animation_delay&quot;:100}\">\n\t\t\t\t\t\t<div class=\"elementor-container elementor-column-gap-default\">\n\t\t\t\t\t<div class=\"elementor-column elementor-col-100 elementor-top-column elementor-element elementor-element-8f4ee5a\" data-id=\"8f4ee5a\" data-element_type=\"column\" data-e-type=\"column\" data-settings=\"{&quot;background_background&quot;:&quot;classic&quot;}\">\n\t\t\t<div class=\"elementor-widget-wrap elementor-element-populated\">\n\t\t\t\t\t\t<section class=\"elementor-section elementor-inner-section elementor-element elementor-element-089a37a elementor-reverse-mobile elementor-section-boxed elementor-section-height-default elementor-section-height-default\" data-id=\"089a37a\" data-element_type=\"section\" data-e-type=\"section\">\n\t\t\t\t\t\t<div class=\"elementor-container elementor-column-gap-default\">\n\t\t\t\t\t<div class=\"elementor-column elementor-col-50 elementor-inner-column elementor-element elementor-element-899b17c\" data-id=\"899b17c\" data-element_type=\"column\" data-e-type=\"column\">\n\t\t\t<div class=\"elementor-widget-wrap elementor-element-populated\">\n\t\t\t\t\t\t<div class=\"elementor-element elementor-element-6273499 elementor-widget elementor-widget-gallery\" data-id=\"6273499\" data-element_type=\"widget\" data-e-type=\"widget\" data-settings=\"{&quot;columns&quot;:3,&quot;image_hover_animation&quot;:&quot;grow&quot;,&quot;lazyload&quot;:&quot;yes&quot;,&quot;gallery_layout&quot;:&quot;grid&quot;,&quot;columns_tablet&quot;:2,&quot;columns_mobile&quot;:1,&quot;gap&quot;:{&quot;unit&quot;:&quot;px&quot;,&quot;size&quot;:10,&quot;sizes&quot;:[]},&quot;gap_tablet&quot;:{&quot;unit&quot;:&quot;px&quot;,&quot;size&quot;:10,&quot;sizes&quot;:[]},&quot;gap_mobile&quot;:{&quot;unit&quot;:&quot;px&quot;,&quot;size&quot;:10,&quot;sizes&quot;:[]},&quot;link_to&quot;:&quot;file&quot;,&quot;aspect_ratio&quot;:&quot;3:2&quot;,&quot;overlay_background&quot;:&quot;yes&quot;,&quot;content_hover_animation&quot;:&quot;fade-in&quot;}\" data-widget_type=\"gallery.default\">\n\t\t\t\t<div class=\"elementor-widget-container\">\n\t\t\t\t\t\t\t<div class=\"elementor-gallery__container\">\n\t\t\t\t\t\t\t<a class=\"e-gallery-item elementor-gallery-item elementor-animated-content\" href=\"https:\/\/www.casario.pt\/wp-content\/uploads\/2023\/09\/Amalia-terras-A-scaled.jpg\" data-elementor-open-lightbox=\"yes\" data-elementor-lightbox-slideshow=\"6273499\" data-elementor-lightbox-title=\"Amalia-terras-A\" data-e-action-hash=\"#elementor-action%3Aaction%3Dlightbox%26settings%3DeyJpZCI6NDA5NCwidXJsIjoiaHR0cHM6XC9cL3d3dy5jYXNhcmlvLnB0XC93cC1jb250ZW50XC91cGxvYWRzXC8yMDIzXC8wOVwvQW1hbGlhLXRlcnJhcy1BLXNjYWxlZC5qcGciLCJzbGlkZXNob3ciOiI2MjczNDk5In0%3D\">\n\t\t\t\t\t<div class=\"e-gallery-image elementor-gallery-item__image\" data-thumbnail=\"https:\/\/www.casario.pt\/wp-content\/uploads\/2023\/09\/Amalia-terras-A-300x200.jpg\" data-width=\"300\" data-height=\"200\" aria-label=\"\" role=\"img\" ><\/div>\n\t\t\t\t\t\t\t\t\t\t\t<div class=\"elementor-gallery-item__overlay\"><\/div>\n\t\t\t\t\t\t\t\t\t\t\t\t\t\t<\/a>\n\t\t\t\t\t\t\t<a class=\"e-gallery-item elementor-gallery-item elementor-animated-content\" href=\"https:\/\/www.casario.pt\/wp-content\/uploads\/2023\/09\/Amalia-terras-C-scaled.jpg\" data-elementor-open-lightbox=\"yes\" data-elementor-lightbox-slideshow=\"6273499\" data-elementor-lightbox-title=\"Amalia-terras-C\" data-e-action-hash=\"#elementor-action%3Aaction%3Dlightbox%26settings%3DeyJpZCI6NDEwMiwidXJsIjoiaHR0cHM6XC9cL3d3dy5jYXNhcmlvLnB0XC93cC1jb250ZW50XC91cGxvYWRzXC8yMDIzXC8wOVwvQW1hbGlhLXRlcnJhcy1DLXNjYWxlZC5qcGciLCJzbGlkZXNob3ciOiI2MjczNDk5In0%3D\">\n\t\t\t\t\t<div class=\"e-gallery-image elementor-gallery-item__image\" data-thumbnail=\"https:\/\/www.casario.pt\/wp-content\/uploads\/2023\/09\/Amalia-terras-C-300x200.jpg\" data-width=\"300\" data-height=\"200\" aria-label=\"\" role=\"img\" ><\/div>\n\t\t\t\t\t\t\t\t\t\t\t<div class=\"elementor-gallery-item__overlay\"><\/div>\n\t\t\t\t\t\t\t\t\t\t\t\t\t\t<\/a>\n\t\t\t\t\t\t\t<a class=\"e-gallery-item elementor-gallery-item elementor-animated-content\" href=\"https:\/\/www.casario.pt\/wp-content\/uploads\/2023\/09\/Amalia-terras-F-scaled.jpg\" data-elementor-open-lightbox=\"yes\" data-elementor-lightbox-slideshow=\"6273499\" data-elementor-lightbox-title=\"Amalia-terras-F\" data-e-action-hash=\"#elementor-action%3Aaction%3Dlightbox%26settings%3DeyJpZCI6NDExOCwidXJsIjoiaHR0cHM6XC9cL3d3dy5jYXNhcmlvLnB0XC93cC1jb250ZW50XC91cGxvYWRzXC8yMDIzXC8wOVwvQW1hbGlhLXRlcnJhcy1GLXNjYWxlZC5qcGciLCJzbGlkZXNob3ciOiI2MjczNDk5In0%3D\">\n\t\t\t\t\t<div class=\"e-gallery-image elementor-gallery-item__image\" data-thumbnail=\"https:\/\/www.casario.pt\/wp-content\/uploads\/2023\/09\/Amalia-terras-F-300x225.jpg\" data-width=\"300\" data-height=\"225\" aria-label=\"\" role=\"img\" ><\/div>\n\t\t\t\t\t\t\t\t\t\t\t<div class=\"elementor-gallery-item__overlay\"><\/div>\n\t\t\t\t\t\t\t\t\t\t\t\t\t\t<\/a>\n\t\t\t\t\t\t\t<a class=\"e-gallery-item elementor-gallery-item elementor-animated-content\" href=\"https:\/\/www.casario.pt\/wp-content\/uploads\/2022\/04\/Amalia-zithoek.jpg\" data-elementor-open-lightbox=\"yes\" data-elementor-lightbox-slideshow=\"6273499\" data-elementor-lightbox-title=\"Amalia-zithoek\" data-e-action-hash=\"#elementor-action%3Aaction%3Dlightbox%26settings%3DeyJpZCI6MTMzOCwidXJsIjoiaHR0cHM6XC9cL3d3dy5jYXNhcmlvLnB0XC93cC1jb250ZW50XC91cGxvYWRzXC8yMDIyXC8wNFwvQW1hbGlhLXppdGhvZWsuanBnIiwic2xpZGVzaG93IjoiNjI3MzQ5OSJ9\">\n\t\t\t\t\t<div class=\"e-gallery-image elementor-gallery-item__image\" data-thumbnail=\"https:\/\/www.casario.pt\/wp-content\/uploads\/2022\/04\/Amalia-zithoek-300x225.jpg\" data-width=\"300\" data-height=\"225\" aria-label=\"\" role=\"img\" ><\/div>\n\t\t\t\t\t\t\t\t\t\t\t<div class=\"elementor-gallery-item__overlay\"><\/div>\n\t\t\t\t\t\t\t\t\t\t\t\t\t\t<\/a>\n\t\t\t\t\t\t\t<a class=\"e-gallery-item elementor-gallery-item elementor-animated-content\" href=\"https:\/\/www.casario.pt\/wp-content\/uploads\/2023\/01\/IMG_2438.jpg\" data-elementor-open-lightbox=\"yes\" data-elementor-lightbox-slideshow=\"6273499\" data-elementor-lightbox-title=\"IMG_2438\" data-e-action-hash=\"#elementor-action%3Aaction%3Dlightbox%26settings%3DeyJpZCI6MTQ0NCwidXJsIjoiaHR0cHM6XC9cL3d3dy5jYXNhcmlvLnB0XC93cC1jb250ZW50XC91cGxvYWRzXC8yMDIzXC8wMVwvSU1HXzI0MzguanBnIiwic2xpZGVzaG93IjoiNjI3MzQ5OSJ9\">\n\t\t\t\t\t<div class=\"e-gallery-image elementor-gallery-item__image\" data-thumbnail=\"https:\/\/www.casario.pt\/wp-content\/uploads\/2023\/01\/IMG_2438-300x225.jpg\" data-width=\"300\" data-height=\"225\" aria-label=\"\" role=\"img\" ><\/div>\n\t\t\t\t\t\t\t\t\t\t\t<div class=\"elementor-gallery-item__overlay\"><\/div>\n\t\t\t\t\t\t\t\t\t\t\t\t\t\t<\/a>\n\t\t\t\t\t\t\t<a class=\"e-gallery-item elementor-gallery-item elementor-animated-content\" href=\"https:\/\/www.casario.pt\/wp-content\/uploads\/2023\/01\/IMG_3972-scaled.jpeg\" data-elementor-open-lightbox=\"yes\" data-elementor-lightbox-slideshow=\"6273499\" data-elementor-lightbox-title=\"IMG_3972\" data-e-action-hash=\"#elementor-action%3Aaction%3Dlightbox%26settings%3DeyJpZCI6MTQ1OCwidXJsIjoiaHR0cHM6XC9cL3d3dy5jYXNhcmlvLnB0XC93cC1jb250ZW50XC91cGxvYWRzXC8yMDIzXC8wMVwvSU1HXzM5NzItc2NhbGVkLmpwZWciLCJzbGlkZXNob3ciOiI2MjczNDk5In0%3D\">\n\t\t\t\t\t<div class=\"e-gallery-image elementor-gallery-item__image\" data-thumbnail=\"https:\/\/www.casario.pt\/wp-content\/uploads\/2023\/01\/IMG_3972-300x225.jpeg\" data-width=\"300\" data-height=\"225\" aria-label=\"\" role=\"img\" ><\/div>\n\t\t\t\t\t\t\t\t\t\t\t<div class=\"elementor-gallery-item__overlay\"><\/div>\n\t\t\t\t\t\t\t\t\t\t\t\t\t\t<\/a>\n\t\t\t\t\t\t\t<a class=\"e-gallery-item elementor-gallery-item elementor-animated-content\" href=\"https:\/\/www.casario.pt\/wp-content\/uploads\/2023\/01\/CDR-Amalia-Salon.jpg\" data-elementor-open-lightbox=\"yes\" data-elementor-lightbox-slideshow=\"6273499\" data-elementor-lightbox-title=\"CDR-Amalia-Salon\" data-e-action-hash=\"#elementor-action%3Aaction%3Dlightbox%26settings%3DeyJpZCI6MjI3MiwidXJsIjoiaHR0cHM6XC9cL3d3dy5jYXNhcmlvLnB0XC93cC1jb250ZW50XC91cGxvYWRzXC8yMDIzXC8wMVwvQ0RSLUFtYWxpYS1TYWxvbi5qcGciLCJzbGlkZXNob3ciOiI2MjczNDk5In0%3D\">\n\t\t\t\t\t<div class=\"e-gallery-image elementor-gallery-item__image\" data-thumbnail=\"https:\/\/www.casario.pt\/wp-content\/uploads\/2023\/01\/CDR-Amalia-Salon-300x225.jpg\" data-width=\"300\" data-height=\"225\" aria-label=\"\" role=\"img\" ><\/div>\n\t\t\t\t\t\t\t\t\t\t\t<div class=\"elementor-gallery-item__overlay\"><\/div>\n\t\t\t\t\t\t\t\t\t\t\t\t\t\t<\/a>\n\t\t\t\t\t\t\t<a class=\"e-gallery-item elementor-gallery-item elementor-animated-content\" href=\"https:\/\/www.casario.pt\/wp-content\/uploads\/2023\/01\/IMG_3960-scaled.jpeg\" data-elementor-open-lightbox=\"yes\" data-elementor-lightbox-slideshow=\"6273499\" data-elementor-lightbox-title=\"IMG_3960\" data-e-action-hash=\"#elementor-action%3Aaction%3Dlightbox%26settings%3DeyJpZCI6MTQ1NiwidXJsIjoiaHR0cHM6XC9cL3d3dy5jYXNhcmlvLnB0XC93cC1jb250ZW50XC91cGxvYWRzXC8yMDIzXC8wMVwvSU1HXzM5NjAtc2NhbGVkLmpwZWciLCJzbGlkZXNob3ciOiI2MjczNDk5In0%3D\">\n\t\t\t\t\t<div class=\"e-gallery-image elementor-gallery-item__image\" data-thumbnail=\"https:\/\/www.casario.pt\/wp-content\/uploads\/2023\/01\/IMG_3960-300x225.jpeg\" data-width=\"300\" data-height=\"225\" aria-label=\"\" role=\"img\" ><\/div>\n\t\t\t\t\t\t\t\t\t\t\t<div class=\"elementor-gallery-item__overlay\"><\/div>\n\t\t\t\t\t\t\t\t\t\t\t\t\t\t<\/a>\n\t\t\t\t\t\t\t<a class=\"e-gallery-item elementor-gallery-item elementor-animated-content\" href=\"https:\/\/www.casario.pt\/wp-content\/uploads\/2022\/05\/Amalia-slaapkamer2p-scaled.jpg\" data-elementor-open-lightbox=\"yes\" data-elementor-lightbox-slideshow=\"6273499\" data-elementor-lightbox-title=\"Amalia-slaapkamer2p\" data-e-action-hash=\"#elementor-action%3Aaction%3Dlightbox%26settings%3DeyJpZCI6MTM5NCwidXJsIjoiaHR0cHM6XC9cL3d3dy5jYXNhcmlvLnB0XC93cC1jb250ZW50XC91cGxvYWRzXC8yMDIyXC8wNVwvQW1hbGlhLXNsYWFwa2FtZXIycC1zY2FsZWQuanBnIiwic2xpZGVzaG93IjoiNjI3MzQ5OSJ9\">\n\t\t\t\t\t<div class=\"e-gallery-image elementor-gallery-item__image\" data-thumbnail=\"https:\/\/www.casario.pt\/wp-content\/uploads\/2022\/05\/Amalia-slaapkamer2p-300x225.jpg\" data-width=\"300\" data-height=\"225\" aria-label=\"\" role=\"img\" ><\/div>\n\t\t\t\t\t\t\t\t\t\t\t<div class=\"elementor-gallery-item__overlay\"><\/div>\n\t\t\t\t\t\t\t\t\t\t\t\t\t\t<\/a>\n\t\t\t\t\t\t\t<a class=\"e-gallery-item elementor-gallery-item elementor-animated-content\" href=\"https:\/\/www.casario.pt\/wp-content\/uploads\/2023\/09\/Amalia-badkamerdouche-scaled.jpg\" data-elementor-open-lightbox=\"yes\" data-elementor-lightbox-slideshow=\"6273499\" data-elementor-lightbox-title=\"Amalia-badkamerdouche\" data-e-action-hash=\"#elementor-action%3Aaction%3Dlightbox%26settings%3DeyJpZCI6NDA2MiwidXJsIjoiaHR0cHM6XC9cL3d3dy5jYXNhcmlvLnB0XC93cC1jb250ZW50XC91cGxvYWRzXC8yMDIzXC8wOVwvQW1hbGlhLWJhZGthbWVyZG91Y2hlLXNjYWxlZC5qcGciLCJzbGlkZXNob3ciOiI2MjczNDk5In0%3D\">\n\t\t\t\t\t<div class=\"e-gallery-image elementor-gallery-item__image\" data-thumbnail=\"https:\/\/www.casario.pt\/wp-content\/uploads\/2023\/09\/Amalia-badkamerdouche-300x225.jpg\" data-width=\"300\" data-height=\"225\" aria-label=\"\" role=\"img\" ><\/div>\n\t\t\t\t\t\t\t\t\t\t\t<div class=\"elementor-gallery-item__overlay\"><\/div>\n\t\t\t\t\t\t\t\t\t\t\t\t\t\t<\/a>\n\t\t\t\t\t\t\t<a class=\"e-gallery-item elementor-gallery-item elementor-animated-content\" href=\"https:\/\/www.casario.pt\/wp-content\/uploads\/2023\/01\/IMG_3944-scaled.jpeg\" data-elementor-open-lightbox=\"yes\" data-elementor-lightbox-slideshow=\"6273499\" data-elementor-lightbox-title=\"IMG_3944\" data-e-action-hash=\"#elementor-action%3Aaction%3Dlightbox%26settings%3DeyJpZCI6MTQ1MCwidXJsIjoiaHR0cHM6XC9cL3d3dy5jYXNhcmlvLnB0XC93cC1jb250ZW50XC91cGxvYWRzXC8yMDIzXC8wMVwvSU1HXzM5NDQtc2NhbGVkLmpwZWciLCJzbGlkZXNob3ciOiI2MjczNDk5In0%3D\">\n\t\t\t\t\t<div class=\"e-gallery-image elementor-gallery-item__image\" data-thumbnail=\"https:\/\/www.casario.pt\/wp-content\/uploads\/2023\/01\/IMG_3944-300x225.jpeg\" data-width=\"300\" data-height=\"225\" aria-label=\"\" role=\"img\" ><\/div>\n\t\t\t\t\t\t\t\t\t\t\t<div class=\"elementor-gallery-item__overlay\"><\/div>\n\t\t\t\t\t\t\t\t\t\t\t\t\t\t<\/a>\n\t\t\t\t\t\t\t<a class=\"e-gallery-item elementor-gallery-item elementor-animated-content\" href=\"https:\/\/www.casario.pt\/wp-content\/uploads\/2023\/09\/Amalia-badkamer-bad-scaled.jpg\" data-elementor-open-lightbox=\"yes\" data-elementor-lightbox-slideshow=\"6273499\" data-elementor-lightbox-title=\"Amalia-badkamer-bad\" data-e-action-hash=\"#elementor-action%3Aaction%3Dlightbox%26settings%3DeyJpZCI6NDA1OCwidXJsIjoiaHR0cHM6XC9cL3d3dy5jYXNhcmlvLnB0XC93cC1jb250ZW50XC91cGxvYWRzXC8yMDIzXC8wOVwvQW1hbGlhLWJhZGthbWVyLWJhZC1zY2FsZWQuanBnIiwic2xpZGVzaG93IjoiNjI3MzQ5OSJ9\">\n\t\t\t\t\t<div class=\"e-gallery-image elementor-gallery-item__image\" data-thumbnail=\"https:\/\/www.casario.pt\/wp-content\/uploads\/2023\/09\/Amalia-badkamer-bad-225x300.jpg\" data-width=\"225\" data-height=\"300\" aria-label=\"\" role=\"img\" ><\/div>\n\t\t\t\t\t\t\t\t\t\t\t<div class=\"elementor-gallery-item__overlay\"><\/div>\n\t\t\t\t\t\t\t\t\t\t\t\t\t\t<\/a>\n\t\t\t\t\t\t\t<a class=\"e-gallery-item elementor-gallery-item elementor-animated-content\" href=\"https:\/\/www.casario.pt\/wp-content\/uploads\/2023\/09\/Amalia-terras-B-scaled.jpg\" data-elementor-open-lightbox=\"yes\" data-elementor-lightbox-slideshow=\"6273499\" data-elementor-lightbox-title=\"Amalia-terras-B\" data-e-action-hash=\"#elementor-action%3Aaction%3Dlightbox%26settings%3DeyJpZCI6NDA5OCwidXJsIjoiaHR0cHM6XC9cL3d3dy5jYXNhcmlvLnB0XC93cC1jb250ZW50XC91cGxvYWRzXC8yMDIzXC8wOVwvQW1hbGlhLXRlcnJhcy1CLXNjYWxlZC5qcGciLCJzbGlkZXNob3ciOiI2MjczNDk5In0%3D\">\n\t\t\t\t\t<div class=\"e-gallery-image elementor-gallery-item__image\" data-thumbnail=\"https:\/\/www.casario.pt\/wp-content\/uploads\/2023\/09\/Amalia-terras-B-300x200.jpg\" data-width=\"300\" data-height=\"200\" aria-label=\"\" role=\"img\" ><\/div>\n\t\t\t\t\t\t\t\t\t\t\t<div class=\"elementor-gallery-item__overlay\"><\/div>\n\t\t\t\t\t\t\t\t\t\t\t\t\t\t<\/a>\n\t\t\t\t\t\t\t<a class=\"e-gallery-item elementor-gallery-item elementor-animated-content\" href=\"https:\/\/www.casario.pt\/wp-content\/uploads\/2023\/09\/Amalia-terras-D-scaled.jpg\" data-elementor-open-lightbox=\"yes\" data-elementor-lightbox-slideshow=\"6273499\" data-elementor-lightbox-title=\"Amalia-terras-D\" data-e-action-hash=\"#elementor-action%3Aaction%3Dlightbox%26settings%3DeyJpZCI6NDEwNiwidXJsIjoiaHR0cHM6XC9cL3d3dy5jYXNhcmlvLnB0XC93cC1jb250ZW50XC91cGxvYWRzXC8yMDIzXC8wOVwvQW1hbGlhLXRlcnJhcy1ELXNjYWxlZC5qcGciLCJzbGlkZXNob3ciOiI2MjczNDk5In0%3D\">\n\t\t\t\t\t<div class=\"e-gallery-image elementor-gallery-item__image\" data-thumbnail=\"https:\/\/www.casario.pt\/wp-content\/uploads\/2023\/09\/Amalia-terras-D-300x225.jpg\" data-width=\"300\" data-height=\"225\" aria-label=\"\" role=\"img\" ><\/div>\n\t\t\t\t\t\t\t\t\t\t\t<div class=\"elementor-gallery-item__overlay\"><\/div>\n\t\t\t\t\t\t\t\t\t\t\t\t\t\t<\/a>\n\t\t\t\t\t<\/div>\n\t\t\t\t\t<\/div>\n\t\t\t\t<\/div>\n\t\t\t\t\t<\/div>\n\t\t<\/div>\n\t\t\t\t<div class=\"elementor-column elementor-col-50 elementor-inner-column elementor-element elementor-element-94e0a02\" data-id=\"94e0a02\" data-element_type=\"column\" data-e-type=\"column\">\n\t\t\t<div class=\"elementor-widget-wrap elementor-element-populated\">\n\t\t\t\t\t\t<div class=\"elementor-element elementor-element-69098c6 elementor-widget elementor-widget-text-editor\" data-id=\"69098c6\" data-element_type=\"widget\" data-e-type=\"widget\" data-widget_type=\"text-editor.default\">\n\t\t\t\t<div class=\"elementor-widget-container\">\n\t\t\t\t\t\t\t\t\t<p>Este espa\u00e7o de vida oferece alojamento para 6 pessoas. Quarto com cama de casal, casa de banho, quarto com cama de casal e beliche + casa de banho, sal\u00e3o com sof\u00e1-cama, sala de estar, cozinha totalmente equipada, \u00e1rea de estar e terra\u00e7o com piscina. Ar condicionado e aquecimento na sala de estar e nos quartos.<\/p>\n<h3 class=\"mphb-room-type-details-title\"><span style=\"color: #808080;\">Detalhes<\/span><\/h3>\n<ul class=\"mphb-loop-room-type-attributes\">\n<li class=\"mphb-room-type-total-capacity\"><span class=\"mphb-attribute-title mphb-total-capacity-title\">H\u00f3spedes:<\/span><span class=\"mphb-attribute-value\"> 6<\/span><\/li>\n<li class=\"mphb-room-type-facilities\"><span class=\"mphb-attribute-title mphb-facilities-title\">Comodidades: <\/span><span class=\"mphb-attribute-value\"><span class=\"facility-airco\">Airco<\/span>, <span class=\"facility-verwarming\">Aquecimento<\/span>, <span class=\"facility-volledig-ingerichte-keuken\">Cozinha totalmente equipada<\/span>, <span class=\"facility-tuin\">Jardim<\/span>, <span class=\"facility-wasmachine\">M\u00e1quina de lavar roupa,<\/span> <span class=\"facility-zwembad\">Piscina<\/span>, <span class=\"facility-bad-bedlinnen\">Roupa de banho e de cama<\/span>, <span class=\"facility-wifi\">Wi-Fi<\/span><\/span><\/li>\n<li class=\"mphb-room-type-view\"><span class=\"mphb-attribute-value\">Vista do rio<\/span><\/li>\n<li class=\"mphb-room-type-bed-type\"><span class=\"mphb-attribute-title mphb-bed-type-title\">Tipo de Cama:<\/span> <span class=\"mphb-attribute-value\">2 x cama de casal, beliche, sof\u00e1-cama<\/span><\/li>\n<\/ul>\n\t\t\t\t\t\t\t\t<\/div>\n\t\t\t\t<\/div>\n\t\t\t\t<div class=\"elementor-element elementor-element-4a8fab7 elementor-widget elementor-widget-text-editor\" data-id=\"4a8fab7\" data-element_type=\"widget\" data-e-type=\"widget\" data-widget_type=\"text-editor.default\">\n\t\t\t\t<div class=\"elementor-widget-container\">\n\t\t\t\t\t\t\t\t\t<p>Pre\u00e7o \u00e9poca alta: 135 euros\/noite<br \/>Pre\u00e7o em \u00e9poca baixa: 110 euros\/noite<\/p>\n<ul>\n<li>+50 euros de limpeza<\/li>\n<li>o consumo normal de aquecimento\/ar condicionado a 10 euros\/dia est\u00e1 inclu\u00eddo*<\/li>\n<li>+ dep\u00f3sito de 250 euros<\/li>\n<\/ul>\n\t\t\t\t\t\t\t\t<\/div>\n\t\t\t\t<\/div>\n\t\t\t\t<div class=\"elementor-element elementor-element-c785cd6 elementor-align-justify elementor-widget elementor-widget-button\" data-id=\"c785cd6\" data-element_type=\"widget\" data-e-type=\"widget\" data-widget_type=\"button.default\">\n\t\t\t\t<div class=\"elementor-widget-container\">\n\t\t\t\t\t\t\t\t\t<div class=\"elementor-button-wrapper\">\n\t\t\t\t\t<a class=\"elementor-button elementor-button-link elementor-size-sm\" href=\"https:\/\/www.vakantiehuis.pt\/pt-pt\/accommodation\/casa-do-rio-amalia\/\" target=\"_blank\">\n\t\t\t\t\t\t<span class=\"elementor-button-content-wrapper\">\n\t\t\t\t\t\t\t\t\t<span class=\"elementor-button-text\">Reservas<\/span>\n\t\t\t\t\t<\/span>\n\t\t\t\t\t<\/a>\n\t\t\t\t<\/div>\n\t\t\t\t\t\t\t\t<\/div>\n\t\t\t\t<\/div>\n\t\t\t\t\t<\/div>\n\t\t<\/div>\n\t\t\t\t\t<\/div>\n\t\t<\/section>\n\t\t\t\t<section class=\"elementor-section elementor-inner-section elementor-element elementor-element-d6a0d29 elementor-section-boxed elementor-section-height-default elementor-section-height-default\" data-id=\"d6a0d29\" data-element_type=\"section\" data-e-type=\"section\">\n\t\t\t\t\t\t<div class=\"elementor-container elementor-column-gap-default\">\n\t\t\t\t\t<div class=\"elementor-column elementor-col-100 elementor-inner-column elementor-element elementor-element-778eaf9\" data-id=\"778eaf9\" data-element_type=\"column\" data-e-type=\"column\">\n\t\t\t<div class=\"elementor-widget-wrap elementor-element-populated\">\n\t\t\t\t\t\t<div class=\"elementor-element elementor-element-dc51543 elementor-widget elementor-widget-text-editor\" data-id=\"dc51543\" data-element_type=\"widget\" data-e-type=\"widget\" data-widget_type=\"text-editor.default\">\n\t\t\t\t<div class=\"elementor-widget-container\">\n\t\t\t\t\t\t\t\t\t<p><em>* Uma m\u00e9dia de 10 euros\/dia para utiliza\u00e7\u00e3o normal est\u00e1 inclu\u00edda no pre\u00e7o.<\/em><br \/><em>O montante adicional baseado nas leituras do contador (contador de energia inteligente) pode ser deduzido aquando do reembolso do dep\u00f3sito.<\/em><\/p>\n\t\t\t\t\t\t\t\t<\/div>\n\t\t\t\t<\/div>\n\t\t\t\t\t<\/div>\n\t\t<\/div>\n\t\t\t\t\t<\/div>\n\t\t<\/section>\n\t\t\t\t\t<\/div>\n\t\t<\/div>\n\t\t\t\t\t<\/div>\n\t\t<\/section>\n\t\t\t\t<\/div>\n\t\t","protected":false},"excerpt":{"rendered":"<p>Este espa\u00e7o de vida oferece alojamento para 6 pessoas. Quarto com cama de casal, casa de banho, quarto com cama de casal e beliche + casa de banho, sal\u00e3o com sof\u00e1-cama, sala de estar, cozinha totalmente equipada, \u00e1rea de estar e terra\u00e7o com piscina. Ar condicionado e aquecimento na sala de estar e nos quartos. [&hellip;]<\/p>\n","protected":false},"author":1,"featured_media":0,"parent":0,"menu_order":0,"comment_status":"closed","ping_status":"closed","template":"elementor_header_footer","meta":{"footnotes":""},"class_list":["post-1755","page","type-page","status-publish","hentry"],"_links":{"self":[{"href":"https:\/\/www.casario.pt\/pt-pt\/wp-json\/wp\/v2\/pages\/1755"}],"collection":[{"href":"https:\/\/www.casario.pt\/pt-pt\/wp-json\/wp\/v2\/pages"}],"about":[{"href":"https:\/\/www.casario.pt\/pt-pt\/wp-json\/wp\/v2\/types\/page"}],"author":[{"embeddable":true,"href":"https:\/\/www.casario.pt\/pt-pt\/wp-json\/wp\/v2\/users\/1"}],"replies":[{"embeddable":true,"href":"https:\/\/www.casario.pt\/pt-pt\/wp-json\/wp\/v2\/comments?post=1755"}],"version-history":[{"count":28,"href":"https:\/\/www.casario.pt\/pt-pt\/wp-json\/wp\/v2\/pages\/1755\/revisions"}],"predecessor-version":[{"id":4975,"href":"https:\/\/www.casario.pt\/pt-pt\/wp-json\/wp\/v2\/pages\/1755\/revisions\/4975"}],"wp:attachment":[{"href":"https:\/\/www.casario.pt\/pt-pt\/wp-json\/wp\/v2\/media?parent=1755"}],"curies":[{"name":"wp","href":"https:\/\/api.w.org\/{rel}","templated":true}]}}