{"id":1817,"date":"2023-01-13T18:11:41","date_gmt":"2023-01-13T17:11:41","guid":{"rendered":"https:\/\/www.casario.pt\/condicoes\/"},"modified":"2023-09-19T17:07:28","modified_gmt":"2023-09-19T15:07:28","slug":"condicoes","status":"publish","type":"page","link":"https:\/\/www.casario.pt\/pt-pt\/condicoes\/","title":{"rendered":"Condi\u00e7\u00f5es"},"content":{"rendered":"\t\t<div data-elementor-type=\"wp-page\" data-elementor-id=\"1817\" class=\"elementor elementor-1817 elementor-1179\" data-elementor-post-type=\"page\">\n\t\t\t\t\t\t<section class=\"elementor-section elementor-top-section elementor-element elementor-element-23d070b elementor-section-boxed elementor-section-height-default elementor-section-height-default\" data-id=\"23d070b\" data-element_type=\"section\" data-e-type=\"section\">\n\t\t\t\t\t\t<div class=\"elementor-container elementor-column-gap-default\">\n\t\t\t\t\t<div class=\"elementor-column elementor-col-100 elementor-top-column elementor-element elementor-element-32edde4\" data-id=\"32edde4\" data-element_type=\"column\" data-e-type=\"column\" data-settings=\"{&quot;background_background&quot;:&quot;classic&quot;}\">\n\t\t\t<div class=\"elementor-widget-wrap elementor-element-populated\">\n\t\t\t\t\t\t<div class=\"elementor-element elementor-element-036463b elementor-widget elementor-widget-heading\" data-id=\"036463b\" data-element_type=\"widget\" data-e-type=\"widget\" data-widget_type=\"heading.default\">\n\t\t\t\t<div class=\"elementor-widget-container\">\n\t\t\t\t\t<h2 class=\"elementor-heading-title elementor-size-default\">Condi\u00e7\u00f5es gerais de aluguer<\/h2>\t\t\t\t<\/div>\n\t\t\t\t<\/div>\n\t\t\t\t<div class=\"elementor-element elementor-element-5559c0d elementor-widget elementor-widget-text-editor\" data-id=\"5559c0d\" data-element_type=\"widget\" data-e-type=\"widget\" data-widget_type=\"text-editor.default\">\n\t\t\t\t<div class=\"elementor-widget-container\">\n\t\t\t\t\t\t\t\t\t<p>Aqui encontrar\u00e1 as condi\u00e7\u00f5es de aluguer v\u00e1lidas aquando da reserva de uma casa de f\u00e9rias.<br \/>Veja as condi\u00e7\u00f5es de aluguer, pois reservar um im\u00f3vel significa tamb\u00e9m concordar com as mesmas.<\/p>\n<p>Defini\u00e7\u00f5es:<br \/>Inquilino: o inquilino principal, e a sua festa, alugando uma casa de f\u00e9rias.<br \/><span style=\"font-size: 0.875rem;\">Propriet\u00e1rio: o propriet\u00e1rio da casa de f\u00e9rias alugada.<\/span><\/p>\n<p>As condi\u00e7\u00f5es gerais aplicam-se a todos os im\u00f3veis disponibilizados no website de vakantiehuis.pt\/maisondevacances.pt em nome do senhorio. As condi\u00e7\u00f5es de aluguer s\u00f3 podem ser desviadas se o senhorio tiver acordado previamente e por escrito. Neste caso, estes termos e condi\u00e7\u00f5es gerais continuam, no entanto, a aplicar-se de forma complementar. O arrendat\u00e1rio n\u00e3o pode, portanto, em caso algum, reclamar a aplica\u00e7\u00e3o dos seus pr\u00f3prios termos e condi\u00e7\u00f5es, se existirem, sejam eles quais forem.  <\/p>\n\t\t\t\t\t\t\t\t<\/div>\n\t\t\t\t<\/div>\n\t\t\t\t<div class=\"elementor-element elementor-element-ebb27bd elementor-widget elementor-widget-text-editor\" data-id=\"ebb27bd\" data-element_type=\"widget\" data-e-type=\"widget\" data-widget_type=\"text-editor.default\">\n\t\t\t\t<div class=\"elementor-widget-container\">\n\t\t\t\t\t\t\t\t\t<ol>\n<li><strong><u>Covid-19<\/u><\/strong>\n<ol>\n<li>Como inquilino, \u00e9 da sua responsabilidade assegurar que as medidas Covid sejam respeitadas.<\/li>\n<\/ol>\n<\/li>\n<li><strong><u>Reserva e pagamento<\/u><\/strong>\n<ol>\n<li>Pode reservar por telefone ou atrav\u00e9s da Internet.<\/li>\n<li>As reservas s\u00e3o encadernadas. Com a grava\u00e7\u00e3o de uma ordem de reserva, as condi\u00e7\u00f5es gerais de reserva entram em vigor. O inquilino deve seguir as etapas de reserva e as condi\u00e7\u00f5es de aluguer.<\/li>\n<li>N\u00c3O h\u00e1 taxas de reserva.<\/li>\n<li><strong>Pedido de reserva e confirma\u00e7\u00e3o de reserva<\/strong>:\n<ol>\n<li>Cada pedido de reserva \u00e9 confirmado pelo locador por meio de um e-mail de confirma\u00e7\u00e3o de reserva.<\/li>\n<li>A confirma\u00e7\u00e3o da reserva cont\u00e9m o montante total a ser pago e as etapas de pagamento: quando \u00e9 que o montante deve ser pago. A composi\u00e7\u00e3o do montante total varia de casa para casa. O montante inclui sempre a taxa de aluguer, mas pode tamb\u00e9m incluir as taxas de utiliza\u00e7\u00e3o e o dep\u00f3sito de seguran\u00e7a.<\/li>\n<\/ol>\n<\/li>\n<li><strong>Pagamentos<\/strong>:\n<ol>\n<li>No prazo de 5 dias ap\u00f3s a recep\u00e7\u00e3o da confirma\u00e7\u00e3o da reserva, dever\u00e1 ser pago um dep\u00f3sito\/avan\u00e7o de 30% do montante total na conta de De Greve-Dierckens mencionada na confirma\u00e7\u00e3o da reserva.<\/li>\n<li>O restante do montante total deve ser pago o mais tardar 6 semanas antes do in\u00edcio do per\u00edodo de aluguer.<\/li>\n<li>Se a reserva foi feita menos de 6 semanas antes da data de in\u00edcio da estadia, o montante total total ser\u00e1 pago no momento da reserva.<\/li>\n<li>Em caso de atraso de pagamento, o senhorio tem o direito de cancelar a reserva.<\/li>\n<\/ol>\n<\/li>\n<\/ol>\n<\/li>\n<li><span style=\"text-decoration: underline;\"><strong>Cancelar<\/strong><\/span>\n<ol>\n<li><span style=\"text-decoration: underline;\">Cancelamento por inquilino<\/span>\n<ol>\n<li>O inquilino pode cancelar qualquer reserva sem encargos no prazo de 5 dias a partir da data da reserva.<\/li>\n<li>Os cancelamentos devem ser comunicados por e-mail para contact@vakantiehuis.pt ou contact@maisondevacances.pt. Imediatamente ap\u00f3s receber o cancelamento, o holidayhome.pt\/maisondevacances.pt enviar\u00e1 uma confirma\u00e7\u00e3o de cancelamento por e-mail.<\/li>\n<li>Se cancelado a partir do dia <sup>5<\/sup> ap\u00f3s a confirma\u00e7\u00e3o da reserva at\u00e9 ao <sup>42\u00ba<\/sup> dia (6 semanas) antes do in\u00edcio da sua estadia, a taxa de cancelamento \u00e9 de 30% do aluguer.<\/li>\n<li>Se for cancelado entre o <sup>42\u00ba<\/sup> dia (6 semanas) e o <sup>28\u00ba<\/sup> dia (4 semanas) antes do in\u00edcio da sua estadia, a taxa de cancelamento \u00e9 de 60% da renda.<\/li>\n<li>Se for cancelado entre o <sup>28\u00ba<\/sup> dia (4 semanas) e o <sup>3\u00ba<\/sup> dia antes do in\u00edcio da sua estadia, a taxa de cancelamento \u00e9 de 90% do aluguer.<\/li>\n<li>Se cancelado no 2\u00ba dia antes do in\u00edcio da sua estadia ou mais tarde, a taxa de cancelamento \u00e9 de 100% da renda.<\/li>\n<\/ol>\n<\/li>\n<li><span style=\"text-decoration: underline;\">Cancelamento por locador<\/span>\n<ol>\n<li>Se o senhorio tiver determinado que o im\u00f3vel n\u00e3o permite a estadia, o inquilino ser\u00e1 imediatamente notificado e, se poss\u00edvel, o senhorio oferecer\u00e1 uma alternativa.<\/li>\n<\/ol>\n<\/li>\n<\/ol>\n<\/li>\n<li><span style=\"text-decoration: underline;\"><strong>Obriga\u00e7\u00f5es do inquilino<\/strong><\/span>\n<ol>\n<li>A casa de f\u00e9rias arrendada deve ser ocupada pelo inquilino, seus co-inquilinos, ou seus visitantes com o devido <span style=\"text-decoration: underline;\">cuidado e dilig\u00eancia<\/span>, respeitando a <span style=\"text-decoration: underline;\">tranquilidade do meio envolvente<\/span>.<\/li>\n<li>As <span style=\"text-decoration: underline;\">regras da casa<\/span> presentes e\/ou fornecidas na casa de f\u00e9rias s\u00e3o parte integrante do contrato de arrendamento e devem, portanto, ser estritamente observadas.<\/li>\n<li>Para evitar qualquer mal-entendido, \u00e0 chegada, o arrendat\u00e1rio deve comunicar os <span style=\"text-decoration: underline;\">danos encontrados ao<\/span> senhorio ou ao seu representante local o mais rapidamente poss\u00edvel, para que o senhorio tenha a oportunidade de os determinar ele pr\u00f3prio.<\/li>\n<li>Por favor, comunique tamb\u00e9m qualquer <span style=\"text-decoration: underline;\">dano<\/span> causado por si ao gestor local ou ao senhorio no momento da partida.<\/li>\n<li>O objectivo \u00e9 oferecer-lhe uma <span style=\"text-decoration: underline;\">propriedade limpa e bem conservada<\/span>.<br \/>Se \u00e0 chegada se verificar que n\u00e3o \u00e9 esse o caso, que existem defici\u00eancias ou defeitos, \u00e9 aconselh\u00e1vel contactar o senhorio ou o seu representante local para que ele pr\u00f3prio tenha a oportunidade de o verificar e a oportunidade de rectificar o problema.<\/li>\n<li>Uma <span style=\"text-decoration: underline;\">queixa ap\u00f3s a estadia<\/span> s\u00f3 \u00e9 aplic\u00e1vel se for substanciada por material probat\u00f3rio, como fotografias, provas de conversas e trocas de impress\u00f5es que tiveram lugar com o propriet\u00e1rio ou o seu representante.<\/li>\n<li>Todas as resid\u00eancias s\u00e3o <span style=\"text-decoration: underline;\">livres de fumo<\/span>, por isso n\u00e3o h\u00e1 fumo nas resid\u00eancias.<\/li>\n<li>A propriedade <strong><br \/>\n  <span style=\"text-decoration: underline;\">n\u00e3o pode ser utilizado<\/span><br \/>\n<\/strong>durante a dura\u00e7\u00e3o total do per\u00edodo arrendado, para <strong><br \/>\n  <span style=\"text-decoration: underline;\">organizar festas de estudantes, despedidas de solteiro, festas para beber, ou outros eventos semelhantes<\/span><br \/>\n<\/strong>.<\/li>\n<li>O inquilino n\u00e3o queimar\u00e1 lenha no churrasco (se houver) ou <strong>fogueiras ligeiras no jardim<\/strong>.<\/li>\n<li>O inquilino n\u00e3o <span style=\"text-decoration: underline;\">move<\/span> m\u00f3veis como camas, sof\u00e1s, roupeiros, etc.\n<ol>\n<li>Mesmo que se pense em ter cuidado, estas coisas levam frequentemente a danos nas paredes e no mobili\u00e1rio.<\/li>\n<li>Tamb\u00e9m &#8211; nem sempre \u00e9 \u00f3bvio para o propriet\u00e1rio ou para o seu representante que os ponha de volta no lugar.<\/li>\n<\/ol>\n<\/li>\n<li><span style=\"text-decoration: underline;\">Consumo e custos de funcionamento<\/span>\n<ol>\n<li>Os custos de energia v\u00e3o de acordo com as leituras dos contadores.<\/li>\n<li>O custo de acordo com a leitura do contador no website \u00e9 uma indica\u00e7\u00e3o, uma estimativa, do consumo com base em estadias anteriores semelhantes.<\/li>\n<li>A quantia fixa e o montante estimado baseia-se na utiliza\u00e7\u00e3o normal como boa governanta da casa de f\u00e9rias.<\/li>\n<li>Estes n\u00e3o t\u00eam em conta a carga dos ve\u00edculos el\u00e9ctricos, a instala\u00e7\u00e3o de piscinas insufl\u00e1veis ou qualquer outro equipamento n\u00e3o comunicado na descri\u00e7\u00e3o da casa de f\u00e9rias.<\/li>\n<li>A utiliza\u00e7\u00e3o de tais extras ou outras coisas, acrescentadas por si, deve ser solicitada ao propriet\u00e1rio antes do in\u00edcio da estadia, podendo aplicar-se encargos adicionais.<\/li>\n<\/ol>\n<\/li>\n<li><span style=\"text-decoration: underline;\">Seguro de responsabilidade civil<\/span>\n<ol>\n<li>Solicita-se ao inquilino que fa\u00e7a um seguro por danos a terceiros, tais como seguro de responsabilidade civil (seguro familiar).<\/li>\n<li>A propriedade tem o seu pr\u00f3prio seguro contra inc\u00eandios em nome do senhorio. Mas os inquilinos s\u00e3o aconselhados a fazer bem em notificar o seu agente de seguros de responsabilidade civil de que est\u00e3o alojados numa casa de f\u00e9rias. Isto no caso de o inc\u00eandio ter sido causado pelo pr\u00f3prio inquilino, se assim for, o seguro da casa pode responsabilizar o inquilino. Esta responsabilidade \u00e9 coberta por quase todas as ap\u00f3lices de seguro de responsabilidade civil privada ou pelo seu pr\u00f3prio seguro contra inc\u00eandios.<\/li>\n<\/ol>\n<\/li>\n<\/ol>\n<\/li>\n<li><strong><u>Obriga\u00e7\u00f5es do locador<\/u><\/strong>\n<ol>\n<li><span style=\"text-decoration: underline;\">Instala\u00e7\u00f5es<\/span>:\n<ol>\n<li>Nem todas as instala\u00e7\u00f5es desportivas, piscinas, restaurantes e lojas mencionadas na descri\u00e7\u00e3o da propriedade est\u00e3o abertas de dia para dia e ao longo do ano.<\/li>\n<li>A utiliza\u00e7\u00e3o de todas as instala\u00e7\u00f5es \u00e9 feita por sua conta e risco.<\/li>\n<li>As instala\u00e7\u00f5es e actividades listadas n\u00e3o s\u00e3o obviamente gratuitas.<\/li>\n<li>Devido a circunst\u00e2ncias, as instala\u00e7\u00f5es podem estar em baixo ou temporariamente indispon\u00edveis.<\/li>\n<\/ol>\n<\/li>\n<li><span style=\"text-decoration: underline;\">O senhorio garante que o im\u00f3vel corresponde \u00e0 descri\u00e7\u00e3o<\/span> e \u00e9 adequado para o n\u00famero m\u00e1ximo de pessoas nela indicadas.<\/li>\n<li><span style=\"text-decoration: underline;\">O propriet\u00e1rio tamb\u00e9m garante o bom estado da propriedade<\/span>, a boa manuten\u00e7\u00e3o, a limpeza e funcionamento dos aparelhos, e o seu conte\u00fado, bem como os anexos, mais especificamente os jardins, p\u00e1tios, jogos infantis, mobili\u00e1rio exterior, sauna, piscina e barbecue a g\u00e1s (apenas na Casa Cardal).<\/li>\n<li>Se o arrendat\u00e1rio detectar um <span style=\"text-decoration: underline;\">desaparecimento<\/span> ou <span style=\"text-decoration: underline;\">defeito<\/span> e este for comunicado ao senhorio ou atrav\u00e9s do seu representante local, o senhorio deve responder-lhe e resolv\u00ea-lo o mais rapidamente poss\u00edvel na medida do poss\u00edvel.<\/li>\n<li><span style=\"text-decoration: underline;\">O senhorio n\u00e3o pode ser responsabilizado por isso<\/span>:\n<ol>\n<li>Perda, roubo, danos ou les\u00f5es de qualquer tipo causados ao inquilino durante a sua estadia na casa de f\u00e9rias.<\/li>\n<li>Ru\u00eddo ou outros inconvenientes resultantes de obras rodovi\u00e1rias ou actividades de constru\u00e7\u00e3o perto da sua casa de f\u00e9rias.<\/li>\n<li>Por danos causados por for\u00e7as naturais, cat\u00e1strofes naturais, cat\u00e1strofes nucleares, ataques, greves, actos de viol\u00eancia, etc.<\/li>\n<\/ol>\n<\/li>\n<\/ol>\n<\/li>\n<li><strong><u>Lit\u00edgios entre inquilino e senhorio<\/u><\/strong>\n<ol>\n<li>Todas as disputas entre o arrendat\u00e1rio e o senhorio devem ser resolvidas entre eles.<\/li>\n<li>O dep\u00f3sito ser\u00e1 retido at\u00e9 haver um acordo entre as duas partes.<\/li>\n<\/ol>\n<\/li>\n<li><strong><u>N\u00famero m\u00e1ximo de pessoas<\/u><\/strong>\n<ol>\n<li>A descri\u00e7\u00e3o da casa de cada casa de f\u00e9rias indica o n\u00famero m\u00e1ximo de pessoas autorizadas a permanecer na casa de f\u00e9rias. Este n\u00famero n\u00e3o pode ser excedido em nenhuma circunst\u00e2ncia. Se for excedido, o contrato de arrendamento ser\u00e1 considerado rescindido por direito e o acesso \u00e0 casa de f\u00e9rias ser\u00e1 recusado sem direito a qualquer reembolso do aluguer.<\/li>\n<li>Quando o n\u00famero m\u00e1ximo de pessoas \u00e9 excedido, j\u00e1 n\u00e3o se est\u00e1 em conformidade com a legisla\u00e7\u00e3o portuguesa de seguran\u00e7a contra inc\u00eandios, mas com o seguro contra inc\u00eandios.<\/li>\n<li>Se mais tarde, sem o senhorio saber, outras pessoas ficarem na casa de f\u00e9rias, a consequ\u00eancia ser\u00e1 o seguinte:\n<ol>\n<li>Caso se deixe o im\u00f3vel imediatamente, isto sem recupera\u00e7\u00e3o do aluguer ou dos encargos com servi\u00e7os p\u00fablicos.<\/li>\n<li>Ou uma reclama\u00e7\u00e3o imediata de 25% do pre\u00e7o do aluguer e da taxa de utiliza\u00e7\u00e3o por pessoa adicional seguir-se-\u00e1.<\/li>\n<\/ol>\n<\/li>\n<\/ol>\n<\/li>\n<li><strong><u>Os animais de estima\u00e7\u00e3o ficam<\/u><\/strong>\n<ol>\n<li>Os animais de estima\u00e7\u00e3o s\u00f3 podem ser trazidos para onde s\u00e3o permitidos, com ou sem encargos.<\/li>\n<li>O animal de estima\u00e7\u00e3o n\u00e3o fica sozinho na casa de f\u00e9rias e \u00e9 sempre supervisionado, excepto quando \u00e9 mantido numa caixa.<\/li>\n<li>Os animais de estima\u00e7\u00e3o n\u00e3o utilizam as camas, assentos, duche ou banho da casa de f\u00e9rias.<\/li>\n<li>As pessoas fornecem o seu pr\u00f3prio equipamento para dormir e alimentar.<\/li>\n<li>Certifique-se de que o c\u00e3o est\u00e1 seco e limpo antes de entrar na casa.<\/li>\n<li>Os h\u00f3spedes deixam a casa de f\u00e9rias depois de limparem o p\u00ealo do c\u00e3o.<\/li>\n<li>Os h\u00f3spedes desimpedem o jardim de coc\u00f3 de c\u00e3o no momento da partida.\n<ol>\n<li>Se isto n\u00e3o for feito, uma taxa de 100 euros ser\u00e1 deduzida do dep\u00f3sito.<\/li>\n<li>Lamento, mas a experi\u00eancia tem mostrado que isto nem sempre acontece e isto n\u00e3o \u00e9 agrad\u00e1vel para os pr\u00f3ximos convidados, nem para o servi\u00e7o de limpeza assumir esta tarefa.<\/li>\n<\/ol>\n<\/li>\n<li>Os c\u00e3es ou outros animais de estima\u00e7\u00e3o n\u00e3o utilizam a piscina.\n<ol>\n<li>Se isto acontecer, ent\u00e3o haver\u00e1 uma taxa de 50 euros, para a limpeza extra da piscina.<\/li>\n<\/ol>\n<\/li>\n<li>Estes pontos s\u00e3o estabelecidos por raz\u00f5es de higiene e para evitar danos na casa de f\u00e9rias.<\/li>\n<li>Se estas regras n\u00e3o forem respeitadas, o animal de estima\u00e7\u00e3o causa danos na casa ou no jardim, ser\u00e1 deduzido do dep\u00f3sito.<\/li>\n<\/ol>\n<\/li>\n<li><strong><u>Tipos de empresas<\/u><\/strong>\n<ol>\n<li>As casas de f\u00e9rias destinam-se principalmente a acomodar grupos familiares e tamb\u00e9m grupos n\u00e3o familiares de uma certa idade.<\/li>\n<li>N\u00e3o ser\u00e3o aceites grupos que desejem organizar despedidas de solteiro, festas de estudantes, festas para beber, festas sexuais, etc.<\/li>\n<\/ol>\n<\/li>\n<li><strong><u>Hora de chegada e partida<\/u><\/strong>\n<ol>\n<li>O inquilino respeita as horas de chegada e partida. Est\u00e1 destinado a chegar e a ficar numa casa de f\u00e9rias arrumada. Por conseguinte, deve haver tempo suficiente para a limpeza entre a partida dos convidados anteriores e a chegada dos novos convidados.<\/li>\n<li>Hora de chegada: a casa de f\u00e9rias est\u00e1 \u00e0 vossa disposi\u00e7\u00e3o a partir das 18:00.<\/li>\n<li>Hora de partida: at\u00e9 \u00e0s 10:00 da manh\u00e3.<\/li>\n<\/ol>\n<\/li>\n<li><strong><u>Roupa de cama e toalhas<\/u><\/strong>\n<ol>\n<li>A roupa de cama e banho est\u00e1 inclu\u00edda.<\/li>\n<li>A roupa de cama e de banho n\u00e3o deve ser trazida.<\/li>\n<\/ol>\n<\/li>\n<li><strong><u>O fim da estadia &#8211; Partida<\/u><\/strong>\n<ol>\n<li><strong>Fim da estadia<\/strong>\n<ol>\n<li>A casa\/quarto de f\u00e9rias alugado deve ser sempre deixado limpo e arrumado no final da sua estadia. Isto inclui:\n<ol>\n<li>a limpeza da casa,<\/li>\n<li>tudo de novo no lugar,<\/li>\n<li>Cestos e contentores de lixo vazios,<\/li>\n<li>limpeza da bancada,<\/li>\n<li>Colocar pratos limpos no arm\u00e1rio.<\/li>\n<\/ol>\n<\/li>\n<li>Em suma, deixar a propriedade arrumada e a vassoura limpa.<\/li>\n<li>Tamb\u00e9m deixar o jardim arrumado, com tudo devolvido ao seu local original de chegada.<\/li>\n<li>Se a propriedade e\/ou jardim forem deixados em t\u00e3o mau estado que n\u00e3o haja tempo suficiente com as horas de limpeza pr\u00e9-determinadas, o senhorio tem o direito de cobrar horas de limpeza adicionais.<\/li>\n<\/ol>\n<\/li>\n<li><strong>Deixar a propriedade<\/strong>\n<ol>\n<li>O inquilino fecha as janelas e portas \u00e0 partida, e desliga o aquecimento\/ar condicionado.<\/li>\n<li>Pode acontecer que n\u00e3o se entre na casa at\u00e9 dias mais tarde e, entretanto, muito tenha sido consumido que n\u00e3o tem qualquer utilidade para ningu\u00e9m.<\/li>\n<li>Se isto n\u00e3o for feito, pode aplicar-se uma sobretaxa.<\/li>\n<\/ol>\n<\/li>\n<li><strong>Lixo dom\u00e9stico<\/strong>\n<ol>\n<li>N\u00e3o h\u00e1 servi\u00e7o de recolha em Cardal ou Bairradinha.<\/li>\n<li>Os inquilinos levam os seus pr\u00f3prios res\u00edduos para os contentores na rua.<\/li>\n<li>Se o lixo e outros res\u00edduos n\u00e3o forem levados, ser\u00e3o cobradas horas extra ou o inquilino ser\u00e1 multado entre 20 e 50 euros.<\/li>\n<\/ol>\n<\/li>\n<\/ol>\n<\/li>\n<li><strong><u>Garantia<\/u><\/strong>\n<ol>\n<li>As casas de f\u00e9rias t\u00eam bens de valor e o dep\u00f3sito \u00e9 para cobrir quaisquer contratempos ou danos.<\/li>\n<li>Reclama\u00e7\u00f5es relacionadas com o invent\u00e1rio e danos existentes ser\u00e3o aceites de 4 a 22 horas ap\u00f3s a sua chegada. Estes devem ser comunicados ao senhorio ou ao seu representante no local.<\/li>\n<li>O locat\u00e1rio principal \u00e9 respons\u00e1vel pelos danos causados por si pr\u00f3prio, co-locat\u00e1rios, quaisquer visitantes ou por animais de estima\u00e7\u00e3o, mesmo que sejam encontrados ap\u00f3s a sua partida. Se forem encontrados danos ap\u00f3s a partida do inquilino principal, este ter\u00e1 de cumprir a decis\u00e3o do senhorio.<\/li>\n<li>A verifica\u00e7\u00e3o da casa de f\u00e9rias \u00e9 feita no momento da limpeza, porque s\u00f3 depois \u00e9 que foram capazes de verificar tudo minuciosamente. Assim, \u00e9 no polimento que se pode identificar danos ou quebras. Pode acontecer que a casa de f\u00e9rias esteja num estado tal que tenham de ser cobradas horas extra de limpeza. Aten\u00e7\u00e3o: a propriedade deve estar limpa e arrumada, as caixas devem ser esvaziadas.<\/li>\n<li>Se tudo for deixado em boa ordem e n\u00e3o for encontrado qualquer dano ou quebra, o seu dep\u00f3sito ser\u00e1 devolvido por transfer\u00eancia banc\u00e1ria duas ou tr\u00eas semanas ap\u00f3s a sua estadia. Se os danos excederem o montante do dep\u00f3sito, o inquilino \u00e9 obrigado a fazer um pagamento adicional.<\/li>\n<li>Uma disputa sobre quaisquer danos \u00e9 um conflito entre o senhorio e o inquilino. O senhorio decide sobre o dep\u00f3sito.<\/li>\n<li>Faz-se bem em denunciar os percal\u00e7os ao senhorio, estes s\u00e3o normalmente tratados de forma adequada.<\/li>\n<li>Se se partir algumas, \u00e9 aconselh\u00e1vel manter as pe\u00e7as partidas de lado para a pessoa local respons\u00e1vel. Isto permite-lhe identificar de que pe\u00e7a partida se trata e evita discuss\u00f5es e mal-entendidos.<\/li>\n<li>\u00c9 aconselh\u00e1vel comunicar isto \u00e0 pessoa respons\u00e1vel no local e ao propriet\u00e1rio em caso de acidente, desta forma as coisas podem ser esclarecidas e pode ser encontrada uma solu\u00e7\u00e3o que ambas as partes possam aceitar.<\/li>\n<li>Felizmente, praticamente todos os convidados s\u00e3o dourados.<\/li>\n<\/ol>\n<\/li>\n<li><strong><u>For\u00e7a maior<\/u><\/strong>\n<ol>\n<li>O cliente n\u00e3o ter\u00e1 direito a reembolso ou compensa\u00e7\u00e3o se a estadia for parcial ou totalmente cancelada em caso de for\u00e7a maior.<\/li>\n<li>A for\u00e7a maior \u00e9 aqui definida como qualquer circunst\u00e2ncia anormal e imprevis\u00edvel, independente da vontade do senhorio e cujas consequ\u00eancias n\u00e3o poderiam ter sido evitadas apesar de todas as medidas diligentes tomadas.<\/li>\n<li>Por exemplo, sem que esta lista seja restritiva: trovoada, inc\u00eandio, inunda\u00e7\u00e3o, seca, outras condi\u00e7\u00f5es atmosf\u00e9ricas excepcionais, cat\u00e1strofe natural, desastre de polui\u00e7\u00e3o, condi\u00e7\u00f5es de tr\u00e1fego, epidemias, pandemias, medidas de quarentena, (encerramento) de fronteiras ou regi\u00f5es geogr\u00e1ficas, escassez de alimentos ou irriga\u00e7\u00e3o alimentar, interrup\u00e7\u00e3o do com\u00e9rcio de divisas, greves, lockouts, estado de excep\u00e7\u00e3o, terrorismo, guerra &#8230;<\/li>\n<\/ol>\n<\/li>\n<li><strong><u>Modifica\u00e7\u00e3o das condi\u00e7\u00f5es de aluguer<\/u><\/strong>\n<ol>\n<li>o locador pode alterar estas condi\u00e7\u00f5es de aluguer em qualquer altura, sem aviso pr\u00e9vio. As condi\u00e7\u00f5es de aluguer alteradas entrar\u00e3o em vigor imediatamente ap\u00f3s a sua altera\u00e7\u00e3o.<\/li>\n<\/ol>\n<\/li>\n<li><strong><u>Lei aplic\u00e1vel<\/u><\/strong>\n<ol>\n<li>Estas condi\u00e7\u00f5es de aluguer est\u00e3o sujeitas \u00e0 lei portuguesa ou belga.<\/li>\n<\/ol>\n<\/li>\n<\/ol>\n\t\t\t\t\t\t\t\t<\/div>\n\t\t\t\t<\/div>\n\t\t\t\t\t<\/div>\n\t\t<\/div>\n\t\t\t\t\t<\/div>\n\t\t<\/section>\n\t\t\t\t<section class=\"elementor-section elementor-top-section elementor-element elementor-element-5655c82 elementor-section-boxed elementor-section-height-default elementor-section-height-default\" data-id=\"5655c82\" data-element_type=\"section\" data-e-type=\"section\" data-settings=\"{&quot;background_background&quot;:&quot;classic&quot;}\">\n\t\t\t\t\t\t<div class=\"elementor-container elementor-column-gap-default\">\n\t\t\t\t\t<div class=\"elementor-column elementor-col-100 elementor-top-column elementor-element elementor-element-dd64105\" data-id=\"dd64105\" data-element_type=\"column\" data-e-type=\"column\">\n\t\t\t<div class=\"elementor-widget-wrap\">\n\t\t\t\t\t\t\t<\/div>\n\t\t<\/div>\n\t\t\t\t\t<\/div>\n\t\t<\/section>\n\t\t\t\t<\/div>\n\t\t","protected":false},"excerpt":{"rendered":"<p>Condi\u00e7\u00f5es gerais de aluguer Aqui encontrar\u00e1 as condi\u00e7\u00f5es de aluguer v\u00e1lidas aquando da reserva de uma casa de f\u00e9rias.Veja as condi\u00e7\u00f5es de aluguer, pois reservar um im\u00f3vel significa tamb\u00e9m concordar com as mesmas. Defini\u00e7\u00f5es:Inquilino: o inquilino principal, e a sua festa, alugando uma casa de f\u00e9rias.Propriet\u00e1rio: o propriet\u00e1rio da casa de f\u00e9rias alugada. As condi\u00e7\u00f5es [&hellip;]<\/p>\n","protected":false},"author":1,"featured_media":0,"parent":0,"menu_order":0,"comment_status":"closed","ping_status":"closed","template":"","meta":{"footnotes":""},"class_list":["post-1817","page","type-page","status-publish","hentry"],"_links":{"self":[{"href":"https:\/\/www.casario.pt\/pt-pt\/wp-json\/wp\/v2\/pages\/1817"}],"collection":[{"href":"https:\/\/www.casario.pt\/pt-pt\/wp-json\/wp\/v2\/pages"}],"about":[{"href":"https:\/\/www.casario.pt\/pt-pt\/wp-json\/wp\/v2\/types\/page"}],"author":[{"embeddable":true,"href":"https:\/\/www.casario.pt\/pt-pt\/wp-json\/wp\/v2\/users\/1"}],"replies":[{"embeddable":true,"href":"https:\/\/www.casario.pt\/pt-pt\/wp-json\/wp\/v2\/comments?post=1817"}],"version-history":[{"count":6,"href":"https:\/\/www.casario.pt\/pt-pt\/wp-json\/wp\/v2\/pages\/1817\/revisions"}],"predecessor-version":[{"id":4636,"href":"https:\/\/www.casario.pt\/pt-pt\/wp-json\/wp\/v2\/pages\/1817\/revisions\/4636"}],"wp:attachment":[{"href":"https:\/\/www.casario.pt\/pt-pt\/wp-json\/wp\/v2\/media?parent=1817"}],"curies":[{"name":"wp","href":"https:\/\/api.w.org\/{rel}","templated":true}]}}