{"id":5001,"date":"2024-04-24T10:16:23","date_gmt":"2024-04-24T08:16:23","guid":{"rendered":"https:\/\/www.casario.pt\/elementor-4994\/"},"modified":"2024-04-24T10:17:33","modified_gmt":"2024-04-24T08:17:33","slug":"elementor-4994","status":"publish","type":"page","link":"https:\/\/www.casario.pt\/pt-pt\/elementor-4994\/","title":{"rendered":"Tomar&amp;Convento"},"content":{"rendered":"\t\t<div data-elementor-type=\"wp-page\" data-elementor-id=\"5001\" class=\"elementor elementor-5001 elementor-4994\" data-elementor-post-type=\"page\">\n\t\t\t\t\t\t<section class=\"elementor-section elementor-top-section elementor-element elementor-element-fa79f71 elementor-section-boxed elementor-section-height-default elementor-section-height-default\" data-id=\"fa79f71\" data-element_type=\"section\" data-e-type=\"section\" data-settings=\"{&quot;background_background&quot;:&quot;classic&quot;}\">\n\t\t\t\t\t\t<div class=\"elementor-container elementor-column-gap-default\">\n\t\t\t\t\t<div class=\"elementor-column elementor-col-100 elementor-top-column elementor-element elementor-element-937d739\" data-id=\"937d739\" data-element_type=\"column\" data-e-type=\"column\">\n\t\t\t<div class=\"elementor-widget-wrap elementor-element-populated\">\n\t\t\t\t\t\t<div class=\"elementor-element elementor-element-3367e2b elementor-widget elementor-widget-heading\" data-id=\"3367e2b\" data-element_type=\"widget\" data-e-type=\"widget\" data-widget_type=\"heading.default\">\n\t\t\t\t<div class=\"elementor-widget-container\">\n\t\t\t\t\t<h3 class=\"elementor-heading-title elementor-size-default\">Tomar e Convento do Cristo<\/h3>\t\t\t\t<\/div>\n\t\t\t\t<\/div>\n\t\t\t\t<div class=\"elementor-element elementor-element-c9e22ad elementor-widget elementor-widget-text-editor\" data-id=\"c9e22ad\" data-element_type=\"widget\" data-e-type=\"widget\" data-widget_type=\"text-editor.default\">\n\t\t\t\t<div class=\"elementor-widget-container\">\n\t\t\t\t\t\t\t\t\t<p style=\"text-align: center;\">25 km<\/p>\n\t\t\t\t\t\t\t\t<\/div>\n\t\t\t\t<\/div>\n\t\t\t\t<section class=\"elementor-section elementor-inner-section elementor-element elementor-element-9da4ccc elementor-section-boxed elementor-section-height-default elementor-section-height-default\" data-id=\"9da4ccc\" data-element_type=\"section\" data-e-type=\"section\">\n\t\t\t\t\t\t<div class=\"elementor-container elementor-column-gap-default\">\n\t\t\t\t\t<div class=\"elementor-column elementor-col-50 elementor-inner-column elementor-element elementor-element-b37701c\" data-id=\"b37701c\" data-element_type=\"column\" data-e-type=\"column\">\n\t\t\t<div class=\"elementor-widget-wrap elementor-element-populated\">\n\t\t\t\t\t\t<div class=\"elementor-element elementor-element-b5885f3 elementor-widget elementor-widget-image\" data-id=\"b5885f3\" data-element_type=\"widget\" data-e-type=\"widget\" data-widget_type=\"image.default\">\n\t\t\t\t<div class=\"elementor-widget-container\">\n\t\t\t\t\t\t\t\t\t\t\t\t\t\t\t<img fetchpriority=\"high\" decoding=\"async\" width=\"800\" height=\"600\" src=\"https:\/\/www.casario.pt\/wp-content\/uploads\/2022\/04\/Convento-de-Cristo.jpeg\" class=\"attachment-large size-large wp-image-1358\" alt=\"\" srcset=\"https:\/\/www.casario.pt\/wp-content\/uploads\/2022\/04\/Convento-de-Cristo.jpeg 992w, https:\/\/www.casario.pt\/wp-content\/uploads\/2022\/04\/Convento-de-Cristo-300x225.jpeg 300w, https:\/\/www.casario.pt\/wp-content\/uploads\/2022\/04\/Convento-de-Cristo-768x576.jpeg 768w\" sizes=\"(max-width: 800px) 100vw, 800px\" \/>\t\t\t\t\t\t\t\t\t\t\t\t\t\t\t<\/div>\n\t\t\t\t<\/div>\n\t\t\t\t\t<\/div>\n\t\t<\/div>\n\t\t\t\t<div class=\"elementor-column elementor-col-50 elementor-inner-column elementor-element elementor-element-31aef46\" data-id=\"31aef46\" data-element_type=\"column\" data-e-type=\"column\">\n\t\t\t<div class=\"elementor-widget-wrap elementor-element-populated\">\n\t\t\t\t\t\t<div class=\"elementor-element elementor-element-dbaf4ab elementor-widget elementor-widget-google_maps\" data-id=\"dbaf4ab\" data-element_type=\"widget\" data-e-type=\"widget\" data-widget_type=\"google_maps.default\">\n\t\t\t\t<div class=\"elementor-widget-container\">\n\t\t\t\t\t\t\t<div class=\"elementor-custom-embed\">\n\t\t\t<iframe loading=\"lazy\"\n\t\t\t\t\tsrc=\"https:\/\/maps.google.com\/maps?q=convento%20do%20cristo%2C%20tomar%2C%20portugal&#038;t=m&#038;z=11&#038;output=embed&#038;iwloc=near\"\n\t\t\t\t\ttitle=\"convento do cristo, tomar, portugal\"\n\t\t\t\t\taria-label=\"convento do cristo, tomar, portugal\"\n\t\t\t><\/iframe>\n\t\t<\/div>\n\t\t\t\t\t\t<\/div>\n\t\t\t\t<\/div>\n\t\t\t\t\t<\/div>\n\t\t<\/div>\n\t\t\t\t\t<\/div>\n\t\t<\/section>\n\t\t\t\t<section class=\"elementor-section elementor-inner-section elementor-element elementor-element-5bb8d16 elementor-section-boxed elementor-section-height-default elementor-section-height-default\" data-id=\"5bb8d16\" data-element_type=\"section\" data-e-type=\"section\">\n\t\t\t\t\t\t<div class=\"elementor-container elementor-column-gap-default\">\n\t\t\t\t\t<div class=\"elementor-column elementor-col-100 elementor-inner-column elementor-element elementor-element-e4af48c\" data-id=\"e4af48c\" data-element_type=\"column\" data-e-type=\"column\">\n\t\t\t<div class=\"elementor-widget-wrap elementor-element-populated\">\n\t\t\t\t\t\t<div class=\"elementor-element elementor-element-e0f360b elementor-widget elementor-widget-text-editor\" data-id=\"e0f360b\" data-element_type=\"widget\" data-e-type=\"widget\" data-widget_type=\"text-editor.default\">\n\t\t\t\t<div class=\"elementor-widget-container\">\n\t\t\t\t\t\t\t\t\t<p>Tomar, outrora sede da Ordem dos Templ\u00e1rios, \u00e9 uma cidade encantadora e de grande riqueza art\u00edstica e cultural. O cart\u00e3o de visita da cidade, o Convento de Cristo, \u00e9 um dos edif\u00edcios renascentistas mais importantes de Portugal.<\/p>\n\t\t\t\t\t\t\t\t<\/div>\n\t\t\t\t<\/div>\n\t\t\t\t\t<\/div>\n\t\t<\/div>\n\t\t\t\t\t<\/div>\n\t\t<\/section>\n\t\t\t\t<section class=\"elementor-section elementor-inner-section elementor-element elementor-element-fa50abf elementor-section-boxed elementor-section-height-default elementor-section-height-default\" data-id=\"fa50abf\" data-element_type=\"section\" data-e-type=\"section\">\n\t\t\t\t\t\t<div class=\"elementor-container elementor-column-gap-default\">\n\t\t\t\t\t<div class=\"elementor-column elementor-col-50 elementor-inner-column elementor-element elementor-element-ba1abf4\" data-id=\"ba1abf4\" data-element_type=\"column\" data-e-type=\"column\">\n\t\t\t<div class=\"elementor-widget-wrap elementor-element-populated\">\n\t\t\t\t\t\t<div class=\"elementor-element elementor-element-4968b61 elementor-widget elementor-widget-image\" data-id=\"4968b61\" data-element_type=\"widget\" data-e-type=\"widget\" data-widget_type=\"image.default\">\n\t\t\t\t<div class=\"elementor-widget-container\">\n\t\t\t\t\t\t\t\t\t\t\t\t\t\t\t<img decoding=\"async\" width=\"600\" height=\"400\" src=\"https:\/\/www.casario.pt\/wp-content\/uploads\/2023\/10\/Tomar.jpg\" class=\"attachment-large size-large wp-image-4769\" alt=\"\" srcset=\"https:\/\/www.casario.pt\/wp-content\/uploads\/2023\/10\/Tomar.jpg 600w, https:\/\/www.casario.pt\/wp-content\/uploads\/2023\/10\/Tomar-300x200.jpg 300w\" sizes=\"(max-width: 600px) 100vw, 600px\" \/>\t\t\t\t\t\t\t\t\t\t\t\t\t\t\t<\/div>\n\t\t\t\t<\/div>\n\t\t\t\t\t<\/div>\n\t\t<\/div>\n\t\t\t\t<div class=\"elementor-column elementor-col-50 elementor-inner-column elementor-element elementor-element-007be3e\" data-id=\"007be3e\" data-element_type=\"column\" data-e-type=\"column\">\n\t\t\t<div class=\"elementor-widget-wrap elementor-element-populated\">\n\t\t\t\t\t\t<div class=\"elementor-element elementor-element-aafc83c elementor-widget elementor-widget-image\" data-id=\"aafc83c\" data-element_type=\"widget\" data-e-type=\"widget\" data-widget_type=\"image.default\">\n\t\t\t\t<div class=\"elementor-widget-container\">\n\t\t\t\t\t\t\t\t\t\t\t\t\t\t\t<img decoding=\"async\" width=\"600\" height=\"400\" src=\"https:\/\/www.casario.pt\/wp-content\/uploads\/2023\/10\/Tomar-aquaduct.jpg\" class=\"attachment-large size-large wp-image-4765\" alt=\"\" srcset=\"https:\/\/www.casario.pt\/wp-content\/uploads\/2023\/10\/Tomar-aquaduct.jpg 600w, https:\/\/www.casario.pt\/wp-content\/uploads\/2023\/10\/Tomar-aquaduct-300x200.jpg 300w\" sizes=\"(max-width: 600px) 100vw, 600px\" \/>\t\t\t\t\t\t\t\t\t\t\t\t\t\t\t<\/div>\n\t\t\t\t<\/div>\n\t\t\t\t\t<\/div>\n\t\t<\/div>\n\t\t\t\t\t<\/div>\n\t\t<\/section>\n\t\t\t\t<section class=\"elementor-section elementor-inner-section elementor-element elementor-element-fd9216a elementor-section-boxed elementor-section-height-default elementor-section-height-default\" data-id=\"fd9216a\" data-element_type=\"section\" data-e-type=\"section\">\n\t\t\t\t\t\t<div class=\"elementor-container elementor-column-gap-default\">\n\t\t\t\t\t<div class=\"elementor-column elementor-col-50 elementor-inner-column elementor-element elementor-element-dad7951\" data-id=\"dad7951\" data-element_type=\"column\" data-e-type=\"column\">\n\t\t\t<div class=\"elementor-widget-wrap elementor-element-populated\">\n\t\t\t\t\t\t<div class=\"elementor-element elementor-element-4ce362d elementor-widget elementor-widget-text-editor\" data-id=\"4ce362d\" data-element_type=\"widget\" data-e-type=\"widget\" data-widget_type=\"text-editor.default\">\n\t\t\t\t<div class=\"elementor-widget-container\">\n\t\t\t\t\t\t\t\t\t<p>Em 1983, a UNESCO declarou o Castelo Templ\u00e1rio e o Mosteiro dos Cavaleiros de Cristo de Tomar como &#8220;Patrim\u00f3nio Mundial da Humanidade&#8221;, de valor inestim\u00e1vel para a hist\u00f3ria do Ocidente. Constru\u00eddo num local de culto religioso romano, o conjunto conta sete s\u00e9culos de hist\u00f3ria portuguesa e os grandes momentos da hist\u00f3ria do Ocidente.<\/p>\n<p>A igreja tem uma planta circular e foi constru\u00edda \u00e0 semelhan\u00e7a da igreja sobre o Santo Sepulcro em Jerusal\u00e9m, pelo imperador Constantino. Em torno desta igreja templ\u00e1ria, desenvolveu-se ao longo do tempo um enorme complexo mon\u00e1stico, destacando-se os quatro grandes claustros, a enfermaria da Ordem e o aqueduto de 6 km de comprimento, constru\u00eddo por ordem do rei espanhol Filipe II.<\/p>\n\t\t\t\t\t\t\t\t<\/div>\n\t\t\t\t<\/div>\n\t\t\t\t\t<\/div>\n\t\t<\/div>\n\t\t\t\t<div class=\"elementor-column elementor-col-50 elementor-inner-column elementor-element elementor-element-f4a7f8c\" data-id=\"f4a7f8c\" data-element_type=\"column\" data-e-type=\"column\">\n\t\t\t<div class=\"elementor-widget-wrap elementor-element-populated\">\n\t\t\t\t\t\t<div class=\"elementor-element elementor-element-edbf0ca elementor-widget elementor-widget-text-editor\" data-id=\"edbf0ca\" data-element_type=\"widget\" data-e-type=\"widget\" data-widget_type=\"text-editor.default\">\n\t\t\t\t<div class=\"elementor-widget-container\">\n\t\t\t\t\t\t\t\t\t<p>Do mosteiro, desce-se a p\u00e9 pela<strong> Mata dos Sete Montes<\/strong> at\u00e9 ao centro hist\u00f3rico. Se seguir a estrada asfaltada, a meio do caminho encontra a <strong>Ermida de Nossa Senhora da Concei\u00e7\u00e3o<\/strong>. Esta joia renascentista foi projectada pelo portugu\u00eas Jo\u00e3o de Castilho, que tamb\u00e9m trabalhou no mosteiro.  <\/p>\n<p>De seguida, deve tamb\u00e9m visitar Tomar. A parte antiga da cidade medieval est\u00e1 constru\u00edda em forma de cruz, na dire\u00e7\u00e3o das quatro direc\u00e7\u00f5es cardeais, com um mosteiro em cada extremidade. No meio fica a Pra\u00e7a da Rep\u00fablica, com a <strong>Igreja Matriz de S\u00e3o Jo\u00e3o Batista<\/strong>. A oeste, a colina com o castelo e o Convento de Cristo. Nas ruas \u00e0 volta do centro, encontrar\u00e1 pequenas lojas e o caf\u00e9 mais antigo, onde ainda pode saborear os deliciosos doces locais.<\/p>\n\t\t\t\t\t\t\t\t<\/div>\n\t\t\t\t<\/div>\n\t\t\t\t\t<\/div>\n\t\t<\/div>\n\t\t\t\t\t<\/div>\n\t\t<\/section>\n\t\t\t\t\t<\/div>\n\t\t<\/div>\n\t\t\t\t\t<\/div>\n\t\t<\/section>\n\t\t\t\t<\/div>\n\t\t","protected":false},"excerpt":{"rendered":"<p>Tomar e Convento do Cristo 25 km Tomar, outrora sede da Ordem dos Templ\u00e1rios, \u00e9 uma cidade encantadora e de grande riqueza art\u00edstica e cultural. O cart\u00e3o de visita da cidade, o Convento de Cristo, \u00e9 um dos edif\u00edcios renascentistas mais importantes de Portugal. Em 1983, a UNESCO declarou o Castelo Templ\u00e1rio e o Mosteiro [&hellip;]<\/p>\n","protected":false},"author":1,"featured_media":0,"parent":0,"menu_order":0,"comment_status":"closed","ping_status":"closed","template":"elementor_header_footer","meta":{"footnotes":""},"class_list":["post-5001","page","type-page","status-publish","hentry"],"_links":{"self":[{"href":"https:\/\/www.casario.pt\/pt-pt\/wp-json\/wp\/v2\/pages\/5001"}],"collection":[{"href":"https:\/\/www.casario.pt\/pt-pt\/wp-json\/wp\/v2\/pages"}],"about":[{"href":"https:\/\/www.casario.pt\/pt-pt\/wp-json\/wp\/v2\/types\/page"}],"author":[{"embeddable":true,"href":"https:\/\/www.casario.pt\/pt-pt\/wp-json\/wp\/v2\/users\/1"}],"replies":[{"embeddable":true,"href":"https:\/\/www.casario.pt\/pt-pt\/wp-json\/wp\/v2\/comments?post=5001"}],"version-history":[{"count":2,"href":"https:\/\/www.casario.pt\/pt-pt\/wp-json\/wp\/v2\/pages\/5001\/revisions"}],"predecessor-version":[{"id":5008,"href":"https:\/\/www.casario.pt\/pt-pt\/wp-json\/wp\/v2\/pages\/5001\/revisions\/5008"}],"wp:attachment":[{"href":"https:\/\/www.casario.pt\/pt-pt\/wp-json\/wp\/v2\/media?parent=5001"}],"curies":[{"name":"wp","href":"https:\/\/api.w.org\/{rel}","templated":true}]}}