{"id":5025,"date":"2024-04-24T10:36:52","date_gmt":"2024-04-24T08:36:52","guid":{"rendered":"https:\/\/www.casario.pt\/elementor-5015\/"},"modified":"2024-04-24T10:42:05","modified_gmt":"2024-04-24T08:42:05","slug":"elementor-5015","status":"publish","type":"page","link":"https:\/\/www.casario.pt\/pt-pt\/elementor-5015\/","title":{"rendered":"Const\u00e2ncia&amp;Almourol"},"content":{"rendered":"\t\t<div data-elementor-type=\"wp-page\" data-elementor-id=\"5025\" class=\"elementor elementor-5025 elementor-5015\" data-elementor-post-type=\"page\">\n\t\t\t\t\t\t<section class=\"elementor-section elementor-top-section elementor-element elementor-element-8e693e1 elementor-section-boxed elementor-section-height-default elementor-section-height-default\" data-id=\"8e693e1\" data-element_type=\"section\" data-e-type=\"section\" data-settings=\"{&quot;background_background&quot;:&quot;classic&quot;}\">\n\t\t\t\t\t\t<div class=\"elementor-container elementor-column-gap-default\">\n\t\t\t\t\t<div class=\"elementor-column elementor-col-100 elementor-top-column elementor-element elementor-element-780dd4b\" data-id=\"780dd4b\" data-element_type=\"column\" data-e-type=\"column\">\n\t\t\t<div class=\"elementor-widget-wrap elementor-element-populated\">\n\t\t\t\t\t\t<div class=\"elementor-element elementor-element-7ac36b1 elementor-widget elementor-widget-heading\" data-id=\"7ac36b1\" data-element_type=\"widget\" data-e-type=\"widget\" data-widget_type=\"heading.default\">\n\t\t\t\t<div class=\"elementor-widget-container\">\n\t\t\t\t\t<h3 class=\"elementor-heading-title elementor-size-default\">Const\u00e2ncia e Castelo de Almourol<\/h3>\t\t\t\t<\/div>\n\t\t\t\t<\/div>\n\t\t\t\t<div class=\"elementor-element elementor-element-4101628 elementor-widget elementor-widget-text-editor\" data-id=\"4101628\" data-element_type=\"widget\" data-e-type=\"widget\" data-widget_type=\"text-editor.default\">\n\t\t\t\t<div class=\"elementor-widget-container\">\n\t\t\t\t\t\t\t\t\t<p style=\"text-align: center;\">25 km<\/p>\n\t\t\t\t\t\t\t\t<\/div>\n\t\t\t\t<\/div>\n\t\t\t\t<section class=\"elementor-section elementor-inner-section elementor-element elementor-element-b182c51 elementor-section-boxed elementor-section-height-default elementor-section-height-default\" data-id=\"b182c51\" data-element_type=\"section\" data-e-type=\"section\">\n\t\t\t\t\t\t<div class=\"elementor-container elementor-column-gap-default\">\n\t\t\t\t\t<div class=\"elementor-column elementor-col-50 elementor-inner-column elementor-element elementor-element-1941f5d\" data-id=\"1941f5d\" data-element_type=\"column\" data-e-type=\"column\">\n\t\t\t<div class=\"elementor-widget-wrap elementor-element-populated\">\n\t\t\t\t\t\t<div class=\"elementor-element elementor-element-1274c97 elementor-widget elementor-widget-image\" data-id=\"1274c97\" data-element_type=\"widget\" data-e-type=\"widget\" data-widget_type=\"image.default\">\n\t\t\t\t<div class=\"elementor-widget-container\">\n\t\t\t\t\t\t\t\t\t\t\t\t\t\t\t<img fetchpriority=\"high\" decoding=\"async\" width=\"600\" height=\"400\" src=\"https:\/\/www.casario.pt\/wp-content\/uploads\/2023\/10\/Constancia.jpeg\" class=\"attachment-large size-large wp-image-4794\" alt=\"\" srcset=\"https:\/\/www.casario.pt\/wp-content\/uploads\/2023\/10\/Constancia.jpeg 600w, https:\/\/www.casario.pt\/wp-content\/uploads\/2023\/10\/Constancia-300x200.jpeg 300w\" sizes=\"(max-width: 600px) 100vw, 600px\" \/>\t\t\t\t\t\t\t\t\t\t\t\t\t\t\t<\/div>\n\t\t\t\t<\/div>\n\t\t\t\t\t<\/div>\n\t\t<\/div>\n\t\t\t\t<div class=\"elementor-column elementor-col-50 elementor-inner-column elementor-element elementor-element-e10c69d\" data-id=\"e10c69d\" data-element_type=\"column\" data-e-type=\"column\">\n\t\t\t<div class=\"elementor-widget-wrap elementor-element-populated\">\n\t\t\t\t\t\t<div class=\"elementor-element elementor-element-c660e06 elementor-widget elementor-widget-google_maps\" data-id=\"c660e06\" data-element_type=\"widget\" data-e-type=\"widget\" data-widget_type=\"google_maps.default\">\n\t\t\t\t<div class=\"elementor-widget-container\">\n\t\t\t\t\t\t\t<div class=\"elementor-custom-embed\">\n\t\t\t<iframe loading=\"lazy\"\n\t\t\t\t\tsrc=\"https:\/\/maps.google.com\/maps?q=Const%C3%A2ncia%2C%20Portugal&#038;t=m&#038;z=11&#038;output=embed&#038;iwloc=near\"\n\t\t\t\t\ttitle=\"Const\u00e2ncia, Portugal\"\n\t\t\t\t\taria-label=\"Const\u00e2ncia, Portugal\"\n\t\t\t><\/iframe>\n\t\t<\/div>\n\t\t\t\t\t\t<\/div>\n\t\t\t\t<\/div>\n\t\t\t\t\t<\/div>\n\t\t<\/div>\n\t\t\t\t\t<\/div>\n\t\t<\/section>\n\t\t\t\t<section class=\"elementor-section elementor-inner-section elementor-element elementor-element-de37a1f elementor-section-boxed elementor-section-height-default elementor-section-height-default\" data-id=\"de37a1f\" data-element_type=\"section\" data-e-type=\"section\">\n\t\t\t\t\t\t<div class=\"elementor-container elementor-column-gap-default\">\n\t\t\t\t\t<div class=\"elementor-column elementor-col-100 elementor-inner-column elementor-element elementor-element-129e9a1\" data-id=\"129e9a1\" data-element_type=\"column\" data-e-type=\"column\">\n\t\t\t<div class=\"elementor-widget-wrap elementor-element-populated\">\n\t\t\t\t\t\t<div class=\"elementor-element elementor-element-7efd0f6 elementor-widget elementor-widget-text-editor\" data-id=\"7efd0f6\" data-element_type=\"widget\" data-e-type=\"widget\" data-widget_type=\"text-editor.default\">\n\t\t\t\t<div class=\"elementor-widget-container\">\n\t\t\t\t\t\t\t\t\t<p>Situada na conflu\u00eancia de dois rios &#8211; o Tejo e o Z\u00eazere &#8211; Const\u00e2ncia tem um aspeto distinto devido ao seu mar de casas brancas, harmoniosamente empoleiradas numa colina.<br \/>A localiza\u00e7\u00e3o geogr\u00e1fica da cidade determinou as suas caracter\u00edsticas. No s\u00e9culo XIV, Const\u00e2ncia era um importante porto fluvial e um entreposto comercial muito procurado.<\/p>\n\t\t\t\t\t\t\t\t<\/div>\n\t\t\t\t<\/div>\n\t\t\t\t\t<\/div>\n\t\t<\/div>\n\t\t\t\t\t<\/div>\n\t\t<\/section>\n\t\t\t\t<section class=\"elementor-section elementor-inner-section elementor-element elementor-element-7e62502 elementor-section-boxed elementor-section-height-default elementor-section-height-default\" data-id=\"7e62502\" data-element_type=\"section\" data-e-type=\"section\">\n\t\t\t\t\t\t<div class=\"elementor-container elementor-column-gap-default\">\n\t\t\t\t\t<div class=\"elementor-column elementor-col-50 elementor-inner-column elementor-element elementor-element-4d73b09\" data-id=\"4d73b09\" data-element_type=\"column\" data-e-type=\"column\">\n\t\t\t<div class=\"elementor-widget-wrap elementor-element-populated\">\n\t\t\t\t\t\t<div class=\"elementor-element elementor-element-5fd05ad elementor-widget elementor-widget-image\" data-id=\"5fd05ad\" data-element_type=\"widget\" data-e-type=\"widget\" data-widget_type=\"image.default\">\n\t\t\t\t<div class=\"elementor-widget-container\">\n\t\t\t\t\t\t\t\t\t\t\t\t\t\t\t<img decoding=\"async\" width=\"600\" height=\"400\" src=\"https:\/\/www.casario.pt\/wp-content\/uploads\/2023\/10\/Almourol2.jpg\" class=\"attachment-large size-large wp-image-4807\" alt=\"\" srcset=\"https:\/\/www.casario.pt\/wp-content\/uploads\/2023\/10\/Almourol2.jpg 600w, https:\/\/www.casario.pt\/wp-content\/uploads\/2023\/10\/Almourol2-300x200.jpg 300w\" sizes=\"(max-width: 600px) 100vw, 600px\" \/>\t\t\t\t\t\t\t\t\t\t\t\t\t\t\t<\/div>\n\t\t\t\t<\/div>\n\t\t\t\t\t<\/div>\n\t\t<\/div>\n\t\t\t\t<div class=\"elementor-column elementor-col-50 elementor-inner-column elementor-element elementor-element-8daba53\" data-id=\"8daba53\" data-element_type=\"column\" data-e-type=\"column\">\n\t\t\t<div class=\"elementor-widget-wrap elementor-element-populated\">\n\t\t\t\t\t\t<div class=\"elementor-element elementor-element-389339d elementor-widget elementor-widget-image\" data-id=\"389339d\" data-element_type=\"widget\" data-e-type=\"widget\" data-widget_type=\"image.default\">\n\t\t\t\t<div class=\"elementor-widget-container\">\n\t\t\t\t\t\t\t\t\t\t\t\t\t\t\t<img decoding=\"async\" width=\"600\" height=\"400\" src=\"https:\/\/www.casario.pt\/wp-content\/uploads\/2023\/10\/Kayak.jpg\" class=\"attachment-large size-large wp-image-4811\" alt=\"\" srcset=\"https:\/\/www.casario.pt\/wp-content\/uploads\/2023\/10\/Kayak.jpg 600w, https:\/\/www.casario.pt\/wp-content\/uploads\/2023\/10\/Kayak-300x200.jpg 300w\" sizes=\"(max-width: 600px) 100vw, 600px\" \/>\t\t\t\t\t\t\t\t\t\t\t\t\t\t\t<\/div>\n\t\t\t\t<\/div>\n\t\t\t\t\t<\/div>\n\t\t<\/div>\n\t\t\t\t\t<\/div>\n\t\t<\/section>\n\t\t\t\t<section class=\"elementor-section elementor-inner-section elementor-element elementor-element-af34963 elementor-section-boxed elementor-section-height-default elementor-section-height-default\" data-id=\"af34963\" data-element_type=\"section\" data-e-type=\"section\">\n\t\t\t\t\t\t<div class=\"elementor-container elementor-column-gap-default\">\n\t\t\t\t\t<div class=\"elementor-column elementor-col-50 elementor-inner-column elementor-element elementor-element-76790fc\" data-id=\"76790fc\" data-element_type=\"column\" data-e-type=\"column\">\n\t\t\t<div class=\"elementor-widget-wrap elementor-element-populated\">\n\t\t\t\t\t\t<div class=\"elementor-element elementor-element-d0ce7c1 elementor-widget elementor-widget-text-editor\" data-id=\"d0ce7c1\" data-element_type=\"widget\" data-e-type=\"widget\" data-widget_type=\"text-editor.default\">\n\t\t\t\t<div class=\"elementor-widget-container\">\n\t\t\t\t\t\t\t\t\t<p>Em pleno rio Tejo, o enigm\u00e1tico castelo de Almourol \u00e9 um dos monumentos mais aleg\u00f3ricos da Reconquista Crist\u00e3.<br \/>O Castelo de Almourol est\u00e1 situado numa pequena ilha no meio do rio Tejo. \u00c9 um dos monumentos mais emblem\u00e1ticos de Portugal pela sua import\u00e2ncia e pela paisagem envolvente.<br \/>Juntamente com os castelos de Tomar, do Z\u00eazere e da Cardiga, o castelo formava a linha defensiva do rio Tejo.<br \/>Ap\u00f3s a dissolu\u00e7\u00e3o da Ordem dos Templ\u00e1rios e o facto de o territ\u00f3rio j\u00e1 n\u00e3o precisar de ser defendido, o castelo caiu no esquecimento at\u00e9 ao s\u00e9culo XIX. Depois, foi restaurada em estilo rom\u00e2ntico e o resultado pode ser visto hoje.<\/p>\n\t\t\t\t\t\t\t\t<\/div>\n\t\t\t\t<\/div>\n\t\t\t\t\t<\/div>\n\t\t<\/div>\n\t\t\t\t<div class=\"elementor-column elementor-col-50 elementor-inner-column elementor-element elementor-element-99eda27\" data-id=\"99eda27\" data-element_type=\"column\" data-e-type=\"column\">\n\t\t\t<div class=\"elementor-widget-wrap elementor-element-populated\">\n\t\t\t\t\t\t<div class=\"elementor-element elementor-element-8a65b38 elementor-widget elementor-widget-text-editor\" data-id=\"8a65b38\" data-element_type=\"widget\" data-e-type=\"widget\" data-widget_type=\"text-editor.default\">\n\t\t\t\t<div class=\"elementor-widget-container\">\n\t\t\t\t\t\t\t\t\t<p>Passeio de canoa\/caiaque<\/p>\n<p>O Rio Nab\u00e3o, de menor dimens\u00e3o que o Z\u00eazere, tem a sua foz perto do in\u00edcio deste percurso. \u00c9 poss\u00edvel ver muitos animais, peixes e aves diferentes ao longo do caminho.<\/p>\n<p>O percurso termina em <strong>Vila de Const\u00e2ncia<\/strong>, antes da conflu\u00eancia do rio Z\u00eazere com o rio Tejo. As crian\u00e7as pequenas n\u00e3o s\u00e3o aconselhadas a seguir esta via.<\/p>\n<p>S\u00e3o poss\u00edveis outros itiner\u00e1rios.<\/p>\n\t\t\t\t\t\t\t\t<\/div>\n\t\t\t\t<\/div>\n\t\t\t\t\t<\/div>\n\t\t<\/div>\n\t\t\t\t\t<\/div>\n\t\t<\/section>\n\t\t\t\t\t<\/div>\n\t\t<\/div>\n\t\t\t\t\t<\/div>\n\t\t<\/section>\n\t\t\t\t<\/div>\n\t\t","protected":false},"excerpt":{"rendered":"<p>Const\u00e2ncia e Castelo de Almourol 25 km Situada na conflu\u00eancia de dois rios &#8211; o Tejo e o Z\u00eazere &#8211; Const\u00e2ncia tem um aspeto distinto devido ao seu mar de casas brancas, harmoniosamente empoleiradas numa colina.A localiza\u00e7\u00e3o geogr\u00e1fica da cidade determinou as suas caracter\u00edsticas. No s\u00e9culo XIV, Const\u00e2ncia era um importante porto fluvial e um [&hellip;]<\/p>\n","protected":false},"author":1,"featured_media":0,"parent":0,"menu_order":0,"comment_status":"closed","ping_status":"closed","template":"elementor_header_footer","meta":{"footnotes":""},"class_list":["post-5025","page","type-page","status-publish","hentry"],"_links":{"self":[{"href":"https:\/\/www.casario.pt\/pt-pt\/wp-json\/wp\/v2\/pages\/5025"}],"collection":[{"href":"https:\/\/www.casario.pt\/pt-pt\/wp-json\/wp\/v2\/pages"}],"about":[{"href":"https:\/\/www.casario.pt\/pt-pt\/wp-json\/wp\/v2\/types\/page"}],"author":[{"embeddable":true,"href":"https:\/\/www.casario.pt\/pt-pt\/wp-json\/wp\/v2\/users\/1"}],"replies":[{"embeddable":true,"href":"https:\/\/www.casario.pt\/pt-pt\/wp-json\/wp\/v2\/comments?post=5025"}],"version-history":[{"count":2,"href":"https:\/\/www.casario.pt\/pt-pt\/wp-json\/wp\/v2\/pages\/5025\/revisions"}],"predecessor-version":[{"id":5043,"href":"https:\/\/www.casario.pt\/pt-pt\/wp-json\/wp\/v2\/pages\/5025\/revisions\/5043"}],"wp:attachment":[{"href":"https:\/\/www.casario.pt\/pt-pt\/wp-json\/wp\/v2\/media?parent=5025"}],"curies":[{"name":"wp","href":"https:\/\/api.w.org\/{rel}","templated":true}]}}